{"id":354657,"date":"2022-06-25T09:22:32","date_gmt":"2022-06-25T07:22:32","guid":{"rendered":"https:\/\/mnxsportswear.com\/product\/mnx-unisex-cotton-socks-white-black\/"},"modified":"2026-03-01T22:53:45","modified_gmt":"2026-03-01T21:53:45","slug":"mnx-unisex-bombazne-nogavice-white-black","status":"publish","type":"product","link":"https:\/\/mnxsportswear.com\/sl\/product\/mnx-unisex-bombazne-nogavice-white-black\/","title":{"rendered":"MNX Unisex bomba\u017ene nogavice, white &#038; black"},"content":{"rendered":"<p>Bomba\u017ene nogavice MNX<\/p>\n<p><strong>Material<\/strong>: 95% bomba\u017e, 4% elastan, 1% poliamid (kr\u010denje do 3%.)<br \/>\n<strong>Barva<\/strong>: kot na sliki<br \/>\n<strong>Stil\/model<\/strong>: klasi\u010den<br \/>\n<strong>Velikosti (EU tabela velikosti)<\/strong>: 38-42; 43-46<\/p>\n<p><strong>PRANJE NEGA<\/strong>:<br \/>\n&#8211; Hladno pranje v pralnem stroju.<br \/>\n&#8211; Ne uporabljajte belila.<br \/>\n&#8211; Brez su\u0161enja v su\u0161ilnem stroju.<\/p>\n","protected":false},"excerpt":{"rendered":"<p>Udobje in stil sta zdru\u017eena s temi odli\u010dnimi uniseks nogavicami MNX, izdelanimi iz mehkega in udobnega bomba\u017ea. Paket vsebuje 1 par nogavic. Izdelano v Sloveniji (EU).<\/p>\n","protected":false},"featured_media":351547,"comment_status":"open","ping_status":"closed","template":"","meta":[],"product_brand":[],"product_cat":[3300,3260,3301,3286],"product_tag":[],"class_list":{"0":"post-354657","1":"product","2":"type-product","3":"status-publish","4":"has-post-thumbnail","6":"product_cat-dodatki","7":"product_cat-mosko","8":"product_cat-nogavice","9":"product_cat-zensko","10":"yith_product_brand-mnx-sl","12":"first","13":"outofstock","14":"sale","15":"featured","16":"taxable","17":"shipping-taxable","18":"purchasable","19":"product-type-variable"},"exclude_global_add_ons":[],"addons":[],"_links":{"self":[{"href":"https:\/\/mnxsportswear.com\/sl\/wp-json\/wp\/v2\/product\/354657","targetHints":{"allow":["GET"]}}],"collection":[{"href":"https:\/\/mnxsportswear.com\/sl\/wp-json\/wp\/v2\/product"}],"about":[{"href":"https:\/\/mnxsportswear.com\/sl\/wp-json\/wp\/v2\/types\/product"}],"replies":[{"embeddable":true,"href":"https:\/\/mnxsportswear.com\/sl\/wp-json\/wp\/v2\/comments?post=354657"}],"version-history":[{"count":0,"href":"https:\/\/mnxsportswear.com\/sl\/wp-json\/wp\/v2\/product\/354657\/revisions"}],"wp:featuredmedia":[{"embeddable":true,"href":"https:\/\/mnxsportswear.com\/sl\/wp-json\/wp\/v2\/media\/351547"}],"wp:attachment":[{"href":"https:\/\/mnxsportswear.com\/sl\/wp-json\/wp\/v2\/media?parent=354657"}],"wp:term":[{"taxonomy":"product_brand","embeddable":true,"href":"https:\/\/mnxsportswear.com\/sl\/wp-json\/wp\/v2\/product_brand?post=354657"},{"taxonomy":"product_cat","embeddable":true,"href":"https:\/\/mnxsportswear.com\/sl\/wp-json\/wp\/v2\/product_cat?post=354657"},{"taxonomy":"product_tag","embeddable":true,"href":"https:\/\/mnxsportswear.com\/sl\/wp-json\/wp\/v2\/product_tag?post=354657"}],"curies":[{"name":"wp","href":"https:\/\/api.w.org\/{rel}","templated":true}]}}