{"id":354670,"date":"2022-06-24T00:13:10","date_gmt":"2022-06-23T22:13:10","guid":{"rendered":"https:\/\/mnxsportswear.com\/product\/mnx-mesh-shorts-miami-black\/"},"modified":"2026-03-01T23:46:19","modified_gmt":"2026-03-01T22:46:19","slug":"mnx-moske-mesh-kratke-hlace-miami-black","status":"publish","type":"product","link":"https:\/\/mnxsportswear.com\/sl\/product\/mnx-moske-mesh-kratke-hlace-miami-black\/","title":{"rendered":"MNX Mo\u0161ke Mesh kratke hla\u010de Miami, black"},"content":{"rendered":"<p>MNX kratke hla\u010de Miami:<\/p>\n<ul>\n<li>lahka tkanina,<\/li>\n<li>obi\u010dajna velikost,<\/li>\n<li>kot nala\u0161\u010d za trening ali prosti \u010das,<\/li>\n<li>minimalisti\u010dni branding,<\/li>\n<li>stranski \u017eepi in elasti\u010den pas z notranjo vrvico.<\/li>\n<\/ul>\n<p><strong>Material<\/strong>: 100% poliester (5% kr\u010denje)<br \/>\n<strong>Barva<\/strong>: kot na sliki<br \/>\n<strong>Velikosti<\/strong>: S, M, L, XL, XXL, 3XL<br \/>\n<strong>Stil<\/strong>: obi\u010dajno prileganje<\/p>\n","protected":false},"excerpt":{"rendered":"<p><span class=\"HwtZe\" lang=\"sl\"><span class=\"jCAhz ChMk0b\"><span class=\"ryNqvb\">Te lahke kratke hla\u010de bodo zagotovo postale va\u0161e najljub\u0161e.<\/span><\/span> <span class=\"jCAhz ChMk0b\"><span class=\"ryNqvb\">Obi\u010dajno prileganje in oblika s stranskim zra\u010dnikom dajeta ob\u010dutek suhosti in udobja.<\/span><\/span> <span class=\"jCAhz ChMk0b\"><span class=\"ryNqvb\">Z nastavljivim pasom in stranskimi \u017eepi za shranjevanje osnovnih stvari.<\/span><\/span> <span class=\"jCAhz ChMk0b\"><span class=\"ryNqvb\">Na voljo v ve\u010d barvah.<\/span><\/span><br \/>\n<\/span><\/p>\n","protected":false},"featured_media":352350,"comment_status":"open","ping_status":"closed","template":"","meta":[],"product_brand":[],"product_cat":[3257,3260],"product_tag":[],"class_list":{"0":"post-354670","1":"product","2":"type-product","3":"status-publish","4":"has-post-thumbnail","6":"product_cat-kratke-hlace","7":"product_cat-mosko","8":"yith_product_brand-mnx-sl","10":"first","11":"instock","12":"sale","13":"taxable","14":"shipping-taxable","15":"purchasable","16":"product-type-variable"},"exclude_global_add_ons":[],"addons":[],"_links":{"self":[{"href":"https:\/\/mnxsportswear.com\/sl\/wp-json\/wp\/v2\/product\/354670","targetHints":{"allow":["GET"]}}],"collection":[{"href":"https:\/\/mnxsportswear.com\/sl\/wp-json\/wp\/v2\/product"}],"about":[{"href":"https:\/\/mnxsportswear.com\/sl\/wp-json\/wp\/v2\/types\/product"}],"replies":[{"embeddable":true,"href":"https:\/\/mnxsportswear.com\/sl\/wp-json\/wp\/v2\/comments?post=354670"}],"version-history":[{"count":0,"href":"https:\/\/mnxsportswear.com\/sl\/wp-json\/wp\/v2\/product\/354670\/revisions"}],"wp:featuredmedia":[{"embeddable":true,"href":"https:\/\/mnxsportswear.com\/sl\/wp-json\/wp\/v2\/media\/352350"}],"wp:attachment":[{"href":"https:\/\/mnxsportswear.com\/sl\/wp-json\/wp\/v2\/media?parent=354670"}],"wp:term":[{"taxonomy":"product_brand","embeddable":true,"href":"https:\/\/mnxsportswear.com\/sl\/wp-json\/wp\/v2\/product_brand?post=354670"},{"taxonomy":"product_cat","embeddable":true,"href":"https:\/\/mnxsportswear.com\/sl\/wp-json\/wp\/v2\/product_cat?post=354670"},{"taxonomy":"product_tag","embeddable":true,"href":"https:\/\/mnxsportswear.com\/sl\/wp-json\/wp\/v2\/product_tag?post=354670"}],"curies":[{"name":"wp","href":"https:\/\/api.w.org\/{rel}","templated":true}]}}