{"id":354677,"date":"2022-06-23T08:36:23","date_gmt":"2022-06-23T06:36:23","guid":{"rendered":"https:\/\/mnxsportswear.com\/product\/mnx-classic-cotton-shorts-02-grey\/"},"modified":"2026-03-01T19:25:42","modified_gmt":"2026-03-01T18:25:42","slug":"mnx-classic-bombazne-kratke-hlace-02-grey","status":"publish","type":"product","link":"https:\/\/mnxsportswear.com\/sl\/product\/mnx-classic-bombazne-kratke-hlace-02-grey\/","title":{"rendered":"MNX Classic bomba\u017ene kratke hla\u010de 02, grey"},"content":{"rendered":"<p>Klasi\u010dne bomba\u017ene kratke hla\u010de:<\/p>\n<ul>\n<li>obi\u010dajna velikost,<\/li>\n<li>z \u017eepi na obeh straneh in na zadnji strani,<\/li>\n<li>elasti\u010den pas z notranjo vrvico,<\/li>\n<li>minimalisti\u010dni detajli znamke MNX.<\/li>\n<\/ul>\n<p>Material: 100% bomba\u017e<br \/>\nBarva: kot na sliki<br \/>\nVelikosti: S, M, L, XL, XXL, 3XL<br \/>\nStil: klasi\u010den kroj<\/p>\n","protected":false},"excerpt":{"rendered":"<p>Te klasi\u010dne bomba\u017ene kratke hla\u010de obi\u010dajnega kroja vam bodo nudile udobje med treningom, v vro\u010dini ali preprosto med pole\u017eavanjem doma. Z \u017eepi na obeh straneh in na zadnji strani, elasti\u010dnim pasom z notranjo vrvico in minimalisti\u010dnimi detajli znamke MNX.<\/p>\n","protected":false},"featured_media":353585,"comment_status":"open","ping_status":"closed","template":"","meta":[],"product_brand":[],"product_cat":[3257,3260],"product_tag":[],"class_list":{"0":"post-354677","1":"product","2":"type-product","3":"status-publish","4":"has-post-thumbnail","6":"product_cat-kratke-hlace","7":"product_cat-mosko","8":"yith_product_brand-mnx-sl","10":"first","11":"instock","12":"sale","13":"taxable","14":"shipping-taxable","15":"purchasable","16":"product-type-variable"},"exclude_global_add_ons":[],"addons":[],"_links":{"self":[{"href":"https:\/\/mnxsportswear.com\/sl\/wp-json\/wp\/v2\/product\/354677","targetHints":{"allow":["GET"]}}],"collection":[{"href":"https:\/\/mnxsportswear.com\/sl\/wp-json\/wp\/v2\/product"}],"about":[{"href":"https:\/\/mnxsportswear.com\/sl\/wp-json\/wp\/v2\/types\/product"}],"replies":[{"embeddable":true,"href":"https:\/\/mnxsportswear.com\/sl\/wp-json\/wp\/v2\/comments?post=354677"}],"version-history":[{"count":1,"href":"https:\/\/mnxsportswear.com\/sl\/wp-json\/wp\/v2\/product\/354677\/revisions"}],"predecessor-version":[{"id":406870,"href":"https:\/\/mnxsportswear.com\/sl\/wp-json\/wp\/v2\/product\/354677\/revisions\/406870"}],"wp:featuredmedia":[{"embeddable":true,"href":"https:\/\/mnxsportswear.com\/sl\/wp-json\/wp\/v2\/media\/353585"}],"wp:attachment":[{"href":"https:\/\/mnxsportswear.com\/sl\/wp-json\/wp\/v2\/media?parent=354677"}],"wp:term":[{"taxonomy":"product_brand","embeddable":true,"href":"https:\/\/mnxsportswear.com\/sl\/wp-json\/wp\/v2\/product_brand?post=354677"},{"taxonomy":"product_cat","embeddable":true,"href":"https:\/\/mnxsportswear.com\/sl\/wp-json\/wp\/v2\/product_cat?post=354677"},{"taxonomy":"product_tag","embeddable":true,"href":"https:\/\/mnxsportswear.com\/sl\/wp-json\/wp\/v2\/product_tag?post=354677"}],"curies":[{"name":"wp","href":"https:\/\/api.w.org\/{rel}","templated":true}]}}