{"id":354748,"date":"2022-06-10T14:13:58","date_gmt":"2022-06-10T12:13:58","guid":{"rendered":"https:\/\/mnxsportswear.com\/product\/mnx-football-jersey-no-90-yellow-black\/"},"modified":"2026-03-01T18:57:17","modified_gmt":"2026-03-01T17:57:17","slug":"mnx-nogometni-dres-no-90-yellow-black","status":"publish","type":"product","link":"https:\/\/mnxsportswear.com\/sl\/product\/mnx-nogometni-dres-no-90-yellow-black\/","title":{"rendered":"MNX Nogometni dres no. 90, rumena in \u010drna"},"content":{"rendered":"<p>Nogometna majica s kratkimi rokavi<\/p>\n<ul>\n<li>iz zra\u010dne mikro mre\u017easte tkanine,<\/li>\n<li>zra\u010dni mre\u017easti deli na obeh straneh,<\/li>\n<li>kot nala\u0161\u010d za va\u0161o vadbo ali prosti \u010das,<\/li>\n<li>edinstven MNX dizajn in podrobnosti.<\/li>\n<\/ul>\n<p><strong>Material:<\/strong> 100% poliester (5% kr\u010denje)<br \/>\n<strong>Barva:<\/strong> kot na sliki<br \/>\n<strong>Stil:<\/strong> oversized<br \/>\n<strong>Velikosti<\/strong>: S, M, L, XL, XXL, 3XL, 4XL<\/p>\n","protected":false},"excerpt":{"rendered":"<p><span class=\"HwtZe\" lang=\"sl\"><span class=\"jCAhz ChMk0b\"><span class=\"ryNqvb\">Poseben MNX dres \u0161t. 90 za vse ljubitelje dresov v stilu ameri\u0161kega nogometa.<\/span><\/span> <span class=\"jCAhz ChMk0b\"><span class=\"ryNqvb\">Izdelan iz mehke tkanine z dodanimi zra\u010dnimi mre\u017eastimi deli iz trikoja za maksimalno udobje.<\/span><\/span> <span class=\"jCAhz ChMk0b\"><span class=\"ryNqvb\">S posebnimi izvezenimi na\u0161itki MNX.<\/span><\/span> <span class=\"jCAhz ChMk0b\"><span class=\"ryNqvb\">Na voljo v ve\u010d barvah.<\/span><\/span><\/span><\/p>\n","protected":false},"featured_media":351511,"comment_status":"open","ping_status":"closed","template":"","meta":[],"product_brand":[],"product_cat":[3255,3260],"product_tag":[],"class_list":{"0":"post-354748","1":"product","2":"type-product","3":"status-publish","4":"has-post-thumbnail","6":"product_cat-dresi","7":"product_cat-mosko","8":"yith_product_brand-mnx-sl","10":"first","11":"outofstock","12":"sale","13":"taxable","14":"shipping-taxable","15":"purchasable","16":"product-type-variable"},"exclude_global_add_ons":[],"addons":[],"_links":{"self":[{"href":"https:\/\/mnxsportswear.com\/sl\/wp-json\/wp\/v2\/product\/354748","targetHints":{"allow":["GET"]}}],"collection":[{"href":"https:\/\/mnxsportswear.com\/sl\/wp-json\/wp\/v2\/product"}],"about":[{"href":"https:\/\/mnxsportswear.com\/sl\/wp-json\/wp\/v2\/types\/product"}],"replies":[{"embeddable":true,"href":"https:\/\/mnxsportswear.com\/sl\/wp-json\/wp\/v2\/comments?post=354748"}],"version-history":[{"count":0,"href":"https:\/\/mnxsportswear.com\/sl\/wp-json\/wp\/v2\/product\/354748\/revisions"}],"wp:featuredmedia":[{"embeddable":true,"href":"https:\/\/mnxsportswear.com\/sl\/wp-json\/wp\/v2\/media\/351511"}],"wp:attachment":[{"href":"https:\/\/mnxsportswear.com\/sl\/wp-json\/wp\/v2\/media?parent=354748"}],"wp:term":[{"taxonomy":"product_brand","embeddable":true,"href":"https:\/\/mnxsportswear.com\/sl\/wp-json\/wp\/v2\/product_brand?post=354748"},{"taxonomy":"product_cat","embeddable":true,"href":"https:\/\/mnxsportswear.com\/sl\/wp-json\/wp\/v2\/product_cat?post=354748"},{"taxonomy":"product_tag","embeddable":true,"href":"https:\/\/mnxsportswear.com\/sl\/wp-json\/wp\/v2\/product_tag?post=354748"}],"curies":[{"name":"wp","href":"https:\/\/api.w.org\/{rel}","templated":true}]}}