{"id":354794,"date":"2022-06-10T11:11:47","date_gmt":"2022-06-10T09:11:47","guid":{"rendered":"https:\/\/mnxsportswear.com\/product\/mnx-mesh-sleeveless-top-grey\/"},"modified":"2026-03-01T18:57:17","modified_gmt":"2026-03-01T17:57:17","slug":"mnx-moski-mesh-sleeveless-top-grey","status":"publish","type":"product","link":"https:\/\/mnxsportswear.com\/sl\/product\/mnx-moski-mesh-sleeveless-top-grey\/","title":{"rendered":"MNX Mo\u0161ki mesh top brez rokavov, grey"},"content":{"rendered":"<p>MNX majica brez rokavov iz mre\u017eastega materiala.<\/p>\n<ul>\n<li>100% mehak lahek mre\u017east material,<\/li>\n<li>kot nala\u0161\u010d za vadbo.<\/li>\n<\/ul>\n<p><strong>Material<\/strong>: 100% poliester; 5% kr\u010denje<br \/>\n<strong>Barva<\/strong>: kot na sliki<br \/>\n<strong>Stil<\/strong>: ohlapen kroj<br \/>\n<strong>Te\u017ea<\/strong>: pribl. 150 gramov<br \/>\n<strong>Velikosti<\/strong>: S\/M, L\/XL, 2XL\/3XL<\/p>\n","protected":false},"excerpt":{"rendered":"<p>Osvobodite svoje roke v tej majici brez rokavov, izdelani iz 100 % mehkega lahkega mre\u017eastega materiala. Odlikuje jo udobno vsakodnevno prileganje in minimalisti\u010den branding spredaj in zadaj. Na voljo v ve\u010d barvah.<\/p>\n","protected":false},"featured_media":352175,"comment_status":"open","ping_status":"closed","template":"","meta":[],"product_brand":[],"product_cat":[3264,3268,3260],"product_tag":[],"class_list":{"0":"post-354794","1":"product","2":"type-product","3":"status-publish","4":"has-post-thumbnail","6":"product_cat-kanotere","7":"product_cat-majice-brez-rokavov","8":"product_cat-mosko","9":"yith_product_brand-mnx-sl","11":"first","12":"instock","13":"sale","14":"taxable","15":"shipping-taxable","16":"purchasable","17":"product-type-variable"},"exclude_global_add_ons":[],"addons":[],"_links":{"self":[{"href":"https:\/\/mnxsportswear.com\/sl\/wp-json\/wp\/v2\/product\/354794","targetHints":{"allow":["GET"]}}],"collection":[{"href":"https:\/\/mnxsportswear.com\/sl\/wp-json\/wp\/v2\/product"}],"about":[{"href":"https:\/\/mnxsportswear.com\/sl\/wp-json\/wp\/v2\/types\/product"}],"replies":[{"embeddable":true,"href":"https:\/\/mnxsportswear.com\/sl\/wp-json\/wp\/v2\/comments?post=354794"}],"version-history":[{"count":0,"href":"https:\/\/mnxsportswear.com\/sl\/wp-json\/wp\/v2\/product\/354794\/revisions"}],"wp:featuredmedia":[{"embeddable":true,"href":"https:\/\/mnxsportswear.com\/sl\/wp-json\/wp\/v2\/media\/352175"}],"wp:attachment":[{"href":"https:\/\/mnxsportswear.com\/sl\/wp-json\/wp\/v2\/media?parent=354794"}],"wp:term":[{"taxonomy":"product_brand","embeddable":true,"href":"https:\/\/mnxsportswear.com\/sl\/wp-json\/wp\/v2\/product_brand?post=354794"},{"taxonomy":"product_cat","embeddable":true,"href":"https:\/\/mnxsportswear.com\/sl\/wp-json\/wp\/v2\/product_cat?post=354794"},{"taxonomy":"product_tag","embeddable":true,"href":"https:\/\/mnxsportswear.com\/sl\/wp-json\/wp\/v2\/product_tag?post=354794"}],"curies":[{"name":"wp","href":"https:\/\/api.w.org\/{rel}","templated":true}]}}