{"id":354831,"date":"2022-06-10T10:37:41","date_gmt":"2022-06-10T08:37:41","guid":{"rendered":"https:\/\/mnxsportswear.com\/product\/mnx-classic-stringer-tank-top-02-black\/"},"modified":"2026-03-01T18:57:17","modified_gmt":"2026-03-01T17:57:17","slug":"mnx-moski-classic-stringer-tank-top-02-black","status":"publish","type":"product","link":"https:\/\/mnxsportswear.com\/sl\/product\/mnx-moski-classic-stringer-tank-top-02-black\/","title":{"rendered":"MNX Mo\u0161ki classic top brez rokavov 02, black"},"content":{"rendered":"<p>MNX klasi\u010den top brez rokavov.<\/p>\n<ul>\n<li>Izdelan iz 100% me\u0161anice bomba\u017ea za maksimalno udobje,<\/li>\n<li>minimalisti\u010den branding,<\/li>\n<li>udoben kroj.<\/li>\n<\/ul>\n<p><strong>Material<\/strong>: 100% bomba\u017e<br \/>\n<strong>Barva<\/strong>: kot na sliki<br \/>\n<strong>Stil<\/strong>: klasi\u010den<br \/>\n<strong>Te\u017ea<\/strong>: pribl. 175 gramov<br \/>\n<strong>Velikosti<\/strong>: S, M, L, XL, 2XL, 3XL<\/p>\n","protected":false},"excerpt":{"rendered":"<p>Sprostite svoje roke v tem elegantnem topu brez rokavov MNX. Izdelan je iz 100% me\u0161anice bomba\u017ea za maksimalno udobje. Z minimalisti\u010dnin brandingom in klasi\u010dnega ter udobnega kroja. Na voljo v ve\u010d barvah.<\/p>\n","protected":false},"featured_media":352145,"comment_status":"open","ping_status":"closed","template":"","meta":[],"product_brand":[],"product_cat":[3264,3260,3265],"product_tag":[],"class_list":{"0":"post-354831","1":"product","2":"type-product","3":"status-publish","4":"has-post-thumbnail","6":"product_cat-kanotere","7":"product_cat-mosko","8":"product_cat-stringerji","9":"yith_product_brand-mnx-sl","11":"first","12":"instock","13":"taxable","14":"shipping-taxable","15":"purchasable","16":"product-type-variable"},"exclude_global_add_ons":[],"addons":[],"_links":{"self":[{"href":"https:\/\/mnxsportswear.com\/sl\/wp-json\/wp\/v2\/product\/354831","targetHints":{"allow":["GET"]}}],"collection":[{"href":"https:\/\/mnxsportswear.com\/sl\/wp-json\/wp\/v2\/product"}],"about":[{"href":"https:\/\/mnxsportswear.com\/sl\/wp-json\/wp\/v2\/types\/product"}],"replies":[{"embeddable":true,"href":"https:\/\/mnxsportswear.com\/sl\/wp-json\/wp\/v2\/comments?post=354831"}],"version-history":[{"count":0,"href":"https:\/\/mnxsportswear.com\/sl\/wp-json\/wp\/v2\/product\/354831\/revisions"}],"wp:featuredmedia":[{"embeddable":true,"href":"https:\/\/mnxsportswear.com\/sl\/wp-json\/wp\/v2\/media\/352145"}],"wp:attachment":[{"href":"https:\/\/mnxsportswear.com\/sl\/wp-json\/wp\/v2\/media?parent=354831"}],"wp:term":[{"taxonomy":"product_brand","embeddable":true,"href":"https:\/\/mnxsportswear.com\/sl\/wp-json\/wp\/v2\/product_brand?post=354831"},{"taxonomy":"product_cat","embeddable":true,"href":"https:\/\/mnxsportswear.com\/sl\/wp-json\/wp\/v2\/product_cat?post=354831"},{"taxonomy":"product_tag","embeddable":true,"href":"https:\/\/mnxsportswear.com\/sl\/wp-json\/wp\/v2\/product_tag?post=354831"}],"curies":[{"name":"wp","href":"https:\/\/api.w.org\/{rel}","templated":true}]}}