{"id":354844,"date":"2022-06-10T09:57:21","date_gmt":"2022-06-10T07:57:21","guid":{"rendered":"https:\/\/mnxsportswear.com\/product\/mnx-basketball-mesh-shorts-white\/"},"modified":"2026-03-01T18:57:18","modified_gmt":"2026-03-01T17:57:18","slug":"mnx-moske-basketball-mesh-kratke-hlace-white","status":"publish","type":"product","link":"https:\/\/mnxsportswear.com\/sl\/product\/mnx-moske-basketball-mesh-kratke-hlace-white\/","title":{"rendered":"MNX Mo\u0161ke Basketball mesh kratke hla\u010de, white"},"content":{"rendered":"<p>MNX mre\u017easte kratke hla\u010de v ko\u0161arkarskem stilu:<\/p>\n<ul>\n<li>lahka mre\u017easta tkanina,<\/li>\n<li>ko\u0161arkarski stil,<\/li>\n<li>kot nala\u0161\u010d za trening ali prosti \u010das,<\/li>\n<li>minimalisti\u010dni branding,<\/li>\n<li>stranski \u017eepi in elasti\u010den pas z notranjo vrvico.<\/li>\n<\/ul>\n<p><strong>Material<\/strong>: 100% poliester<br \/>\n<strong>Barva<\/strong>: kot na sliki<br \/>\n<strong>Velikosti<\/strong>: S\/M, L\/XL, XXL\/3XL<br \/>\n<strong>Stil<\/strong>: ohlapen kroj<\/p>\n","protected":false},"excerpt":{"rendered":"<p><span class=\"HwtZe\" lang=\"sl\"><span class=\"jCAhz ChMk0b\"><span class=\"ryNqvb\">MNX kratke hla\u010de iz lahkega mre\u017eastega blaga v ko\u0161arkarskem stilu so popolne za trening ali prosti \u010das.<\/span><\/span> <span class=\"jCAhz ChMk0b\"><span class=\"ryNqvb\">Z minimalisti\u010dnim MNX brandingom in popolno barvno kombinacijo.<\/span><\/span> <span class=\"jCAhz ChMk0b\"><span class=\"ryNqvb\">S stranskimi \u017eepi in elasti\u010dnim pasom z notranjo vrvico za nastavljivo prileganje.<\/span><\/span> <span class=\"jCAhz ChMk0b\"><span class=\"ryNqvb\">Ta model kratkih hla\u010d je na voljo v ve\u010d barvah.<\/span><\/span><br \/>\n<\/span><\/p>\n","protected":false},"featured_media":352333,"comment_status":"open","ping_status":"closed","template":"","meta":[],"product_brand":[],"product_cat":[3257,3260],"product_tag":[],"class_list":{"0":"post-354844","1":"product","2":"type-product","3":"status-publish","4":"has-post-thumbnail","6":"product_cat-kratke-hlace","7":"product_cat-mosko","8":"yith_product_brand-mnx-sl","10":"first","11":"instock","12":"taxable","13":"shipping-taxable","14":"purchasable","15":"product-type-variable"},"exclude_global_add_ons":[],"addons":[],"_links":{"self":[{"href":"https:\/\/mnxsportswear.com\/sl\/wp-json\/wp\/v2\/product\/354844","targetHints":{"allow":["GET"]}}],"collection":[{"href":"https:\/\/mnxsportswear.com\/sl\/wp-json\/wp\/v2\/product"}],"about":[{"href":"https:\/\/mnxsportswear.com\/sl\/wp-json\/wp\/v2\/types\/product"}],"replies":[{"embeddable":true,"href":"https:\/\/mnxsportswear.com\/sl\/wp-json\/wp\/v2\/comments?post=354844"}],"version-history":[{"count":0,"href":"https:\/\/mnxsportswear.com\/sl\/wp-json\/wp\/v2\/product\/354844\/revisions"}],"wp:featuredmedia":[{"embeddable":true,"href":"https:\/\/mnxsportswear.com\/sl\/wp-json\/wp\/v2\/media\/352333"}],"wp:attachment":[{"href":"https:\/\/mnxsportswear.com\/sl\/wp-json\/wp\/v2\/media?parent=354844"}],"wp:term":[{"taxonomy":"product_brand","embeddable":true,"href":"https:\/\/mnxsportswear.com\/sl\/wp-json\/wp\/v2\/product_brand?post=354844"},{"taxonomy":"product_cat","embeddable":true,"href":"https:\/\/mnxsportswear.com\/sl\/wp-json\/wp\/v2\/product_cat?post=354844"},{"taxonomy":"product_tag","embeddable":true,"href":"https:\/\/mnxsportswear.com\/sl\/wp-json\/wp\/v2\/product_tag?post=354844"}],"curies":[{"name":"wp","href":"https:\/\/api.w.org\/{rel}","templated":true}]}}