{"id":354864,"date":"2022-04-14T11:04:35","date_gmt":"2022-04-14T09:04:35","guid":{"rendered":"https:\/\/mnxsportswear.com\/product\/mnx-mens-leggings-ion-2-0-red\/"},"modified":"2026-03-01T18:56:48","modified_gmt":"2026-03-01T17:56:48","slug":"mnx-moske-legice-ion-2-0-red","status":"publish","type":"product","link":"https:\/\/mnxsportswear.com\/sl\/product\/mnx-moske-legice-ion-2-0-red\/","title":{"rendered":"MNX Mo\u0161ke legice ION 2.0 red"},"content":{"rendered":"<p>Mo\u0161ke legice za trening:<\/p>\n<ul>\n<li>kot nala\u0161\u010d za va\u0161o vadbo,<\/li>\n<li>z zadrgo na gle\u017enju,<\/li>\n<li>z mre\u017eastim materialom pod koleni za edinstven videz.<\/li>\n<\/ul>\n<p><strong>Material<\/strong>:\u00a0 72% poliester, 28% elastan (5% kr\u010denje)<br \/>\n<strong>Barva<\/strong>: kot na sliki<br \/>\n<strong>Velikosti<\/strong>: S\/M, L\/XL, XXL\/3XL<\/p>\n","protected":false},"excerpt":{"rendered":"<p><span class=\"HwtZe\" lang=\"sl\"><span class=\"jCAhz ChMk0b\"><span class=\"ryNqvb\">\u010ce \u017eelite resni\u010dno udobje in u\u010dinkovitost v telovadnici, so te legice odli\u010dna izbira za vas.<\/span><\/span> <span class=\"jCAhz ChMk0b\"><span class=\"ryNqvb\">Legice so kombinirane z mre\u017eastim materialom pod koleni za bolj\u0161e prezra\u010devanje in imajo zadrge na gle\u017enjih.<\/span><\/span> <span class=\"jCAhz ChMk0b\"><span class=\"ryNqvb\">Na voljo v \u010drni, rde\u010di in beli barvi.<\/span><\/span><br \/>\n<\/span><\/p>\n","protected":false},"featured_media":353319,"comment_status":"open","ping_status":"closed","template":"","meta":[],"product_brand":[],"product_cat":[3256,3260],"product_tag":[],"class_list":{"0":"post-354864","1":"product","2":"type-product","3":"status-publish","4":"has-post-thumbnail","6":"product_cat-legice","7":"product_cat-mosko","8":"yith_product_brand-mnx-sl","10":"first","11":"outofstock","12":"sale","13":"featured","14":"taxable","15":"shipping-taxable","16":"purchasable","17":"product-type-variable"},"exclude_global_add_ons":[],"addons":[],"_links":{"self":[{"href":"https:\/\/mnxsportswear.com\/sl\/wp-json\/wp\/v2\/product\/354864","targetHints":{"allow":["GET"]}}],"collection":[{"href":"https:\/\/mnxsportswear.com\/sl\/wp-json\/wp\/v2\/product"}],"about":[{"href":"https:\/\/mnxsportswear.com\/sl\/wp-json\/wp\/v2\/types\/product"}],"replies":[{"embeddable":true,"href":"https:\/\/mnxsportswear.com\/sl\/wp-json\/wp\/v2\/comments?post=354864"}],"version-history":[{"count":0,"href":"https:\/\/mnxsportswear.com\/sl\/wp-json\/wp\/v2\/product\/354864\/revisions"}],"wp:featuredmedia":[{"embeddable":true,"href":"https:\/\/mnxsportswear.com\/sl\/wp-json\/wp\/v2\/media\/353319"}],"wp:attachment":[{"href":"https:\/\/mnxsportswear.com\/sl\/wp-json\/wp\/v2\/media?parent=354864"}],"wp:term":[{"taxonomy":"product_brand","embeddable":true,"href":"https:\/\/mnxsportswear.com\/sl\/wp-json\/wp\/v2\/product_brand?post=354864"},{"taxonomy":"product_cat","embeddable":true,"href":"https:\/\/mnxsportswear.com\/sl\/wp-json\/wp\/v2\/product_cat?post=354864"},{"taxonomy":"product_tag","embeddable":true,"href":"https:\/\/mnxsportswear.com\/sl\/wp-json\/wp\/v2\/product_tag?post=354864"}],"curies":[{"name":"wp","href":"https:\/\/api.w.org\/{rel}","templated":true}]}}