{"id":354869,"date":"2022-04-14T10:47:20","date_gmt":"2022-04-14T08:47:20","guid":{"rendered":"https:\/\/mnxsportswear.com\/product\/mnx-sweatshirt-original-white\/"},"modified":"2026-03-01T18:56:48","modified_gmt":"2026-03-01T17:56:48","slug":"mnx-moska-majica-z-dolgimi-rokavi-original-white","status":"publish","type":"product","link":"https:\/\/mnxsportswear.com\/sl\/product\/mnx-moska-majica-z-dolgimi-rokavi-original-white\/","title":{"rendered":"MNX Mo\u0161ka majica z dolgimi rokavi Original, white"},"content":{"rendered":"<p>Bomba\u017een pulover MNX.<\/p>\n<ul>\n<li>raztegljiv material,<\/li>\n<li>udoben obi\u010dajni kroj in zra\u010dna bomba\u017ena tkanina,<\/li>\n<li>minimalisti\u010den dizajn z majhnim 3D gumijastim logotipom.<\/li>\n<\/ul>\n<p><strong>Material<\/strong>: 92% bomba\u017e, 8% elastan (5% kr\u010denje)<br \/>\n<strong>Barva<\/strong>: kot na sliki<br \/>\n<strong>Stil\/model<\/strong>: klasi\u010den<br \/>\n<strong>Velikosti<\/strong>: S\/M, L\/XL, XXL\/3XL<\/p>\n<p><span class=\"HwtZe\" lang=\"sl\">\u00a0<\/span><\/p>\n","protected":false},"excerpt":{"rendered":"<p><span class=\"HwtZe\" lang=\"sl\"><span class=\"jCAhz ChMk0b\"><span class=\"ryNqvb\">Opremite se za vsakdanji outfit s to majico MNX.<\/span><\/span> <span class=\"jCAhz ChMk0b\"><span class=\"ryNqvb\">Odlikuje ga minimalisti\u010den dizajn, udobno prileganje in zra\u010den bomba\u017eni material.<\/span><\/span> <span class=\"jCAhz ChMk0b\"><span class=\"ryNqvb\">Na voljo v ve\u010d barvah.<\/span><\/span><\/span><\/p>\n","protected":false},"featured_media":353312,"comment_status":"open","ping_status":"closed","template":"","meta":[],"product_brand":[],"product_cat":[3271,3269,3260],"product_tag":[],"class_list":{"0":"post-354869","1":"product","2":"type-product","3":"status-publish","4":"has-post-thumbnail","6":"product_cat-dolge-majice","7":"product_cat-jope-in-dolge-majice","8":"product_cat-mosko","9":"yith_product_brand-mnx-sl","11":"first","12":"instock","13":"sale","14":"featured","15":"taxable","16":"shipping-taxable","17":"purchasable","18":"product-type-variable"},"exclude_global_add_ons":[],"addons":[],"_links":{"self":[{"href":"https:\/\/mnxsportswear.com\/sl\/wp-json\/wp\/v2\/product\/354869","targetHints":{"allow":["GET"]}}],"collection":[{"href":"https:\/\/mnxsportswear.com\/sl\/wp-json\/wp\/v2\/product"}],"about":[{"href":"https:\/\/mnxsportswear.com\/sl\/wp-json\/wp\/v2\/types\/product"}],"replies":[{"embeddable":true,"href":"https:\/\/mnxsportswear.com\/sl\/wp-json\/wp\/v2\/comments?post=354869"}],"version-history":[{"count":0,"href":"https:\/\/mnxsportswear.com\/sl\/wp-json\/wp\/v2\/product\/354869\/revisions"}],"wp:featuredmedia":[{"embeddable":true,"href":"https:\/\/mnxsportswear.com\/sl\/wp-json\/wp\/v2\/media\/353312"}],"wp:attachment":[{"href":"https:\/\/mnxsportswear.com\/sl\/wp-json\/wp\/v2\/media?parent=354869"}],"wp:term":[{"taxonomy":"product_brand","embeddable":true,"href":"https:\/\/mnxsportswear.com\/sl\/wp-json\/wp\/v2\/product_brand?post=354869"},{"taxonomy":"product_cat","embeddable":true,"href":"https:\/\/mnxsportswear.com\/sl\/wp-json\/wp\/v2\/product_cat?post=354869"},{"taxonomy":"product_tag","embeddable":true,"href":"https:\/\/mnxsportswear.com\/sl\/wp-json\/wp\/v2\/product_tag?post=354869"}],"curies":[{"name":"wp","href":"https:\/\/api.w.org\/{rel}","templated":true}]}}