{"id":354896,"date":"2022-04-01T15:41:21","date_gmt":"2022-04-01T13:41:21","guid":{"rendered":"https:\/\/mnxsportswear.com\/product\/mnx-classic-t-shirt-grey\/"},"modified":"2026-03-01T18:56:49","modified_gmt":"2026-03-01T17:56:49","slug":"mnx-classic-majica-grey","status":"publish","type":"product","link":"https:\/\/mnxsportswear.com\/sl\/product\/mnx-classic-majica-grey\/","title":{"rendered":"MNX Classic majica, grey"},"content":{"rendered":"<p>MNX klasi\u010dna majica s kratkimi rokavi in z &#8220;U&#8221; ovratnikom.<\/p>\n<ul>\n<li>klasi\u010den kroj,<\/li>\n<li>mehka tkanina (bomba\u017e),<\/li>\n<li>vezeni logotip.<\/li>\n<\/ul>\n<p><strong>Material<\/strong>: 100% bomba\u017e<br \/>\n<strong>Barva<\/strong>: kot na sliki<br \/>\n<strong>Stil<\/strong>: klasi\u010dna majica s kratkimi rokavi<br \/>\n<strong>Te\u017ea<\/strong>: pribl. 155 gramov (M)<br \/>\n<strong>Velikosti<\/strong>: S, M, L, XL, 2XL, 3XL, 4XL<\/p>\n","protected":false},"excerpt":{"rendered":"<p><span class=\"HwtZe\" lang=\"sl\"><span class=\"jCAhz ChMk0b\"><span class=\"ryNqvb\">MNX klasi\u010dna majica s kratkimi rokavi je esencialna za tvojo garderobo.<\/span><\/span> <span class=\"jCAhz ChMk0b\"><span class=\"ryNqvb\">Je brez\u010dasna in jo lahko nosi\u0161 vsak dan ob vsaki prilo\u017enosti.<\/span><\/span> <span class=\"jCAhz ChMk0b\"><span class=\"ryNqvb\">Mehka tkanina iz 100% bomba\u017ea je super udobna.<\/span><\/span> <span class=\"jCAhz ChMk0b\"><span class=\"ryNqvb\">Na voljo v ve\u010d barvah.<\/span><\/span><br \/>\n<\/span><\/p>\n","protected":false},"featured_media":351257,"comment_status":"open","ping_status":"closed","template":"","meta":[],"product_brand":[],"product_cat":[3262,3259,3260],"product_tag":[],"class_list":{"0":"post-354896","1":"product","2":"type-product","3":"status-publish","4":"has-post-thumbnail","6":"product_cat-klasicne","7":"product_cat-kratke-majice","8":"product_cat-mosko","9":"yith_product_brand-mnx-sl","11":"first","12":"instock","13":"sale","14":"taxable","15":"shipping-taxable","16":"purchasable","17":"product-type-variable"},"exclude_global_add_ons":[],"addons":[],"_links":{"self":[{"href":"https:\/\/mnxsportswear.com\/sl\/wp-json\/wp\/v2\/product\/354896","targetHints":{"allow":["GET"]}}],"collection":[{"href":"https:\/\/mnxsportswear.com\/sl\/wp-json\/wp\/v2\/product"}],"about":[{"href":"https:\/\/mnxsportswear.com\/sl\/wp-json\/wp\/v2\/types\/product"}],"replies":[{"embeddable":true,"href":"https:\/\/mnxsportswear.com\/sl\/wp-json\/wp\/v2\/comments?post=354896"}],"version-history":[{"count":0,"href":"https:\/\/mnxsportswear.com\/sl\/wp-json\/wp\/v2\/product\/354896\/revisions"}],"wp:featuredmedia":[{"embeddable":true,"href":"https:\/\/mnxsportswear.com\/sl\/wp-json\/wp\/v2\/media\/351257"}],"wp:attachment":[{"href":"https:\/\/mnxsportswear.com\/sl\/wp-json\/wp\/v2\/media?parent=354896"}],"wp:term":[{"taxonomy":"product_brand","embeddable":true,"href":"https:\/\/mnxsportswear.com\/sl\/wp-json\/wp\/v2\/product_brand?post=354896"},{"taxonomy":"product_cat","embeddable":true,"href":"https:\/\/mnxsportswear.com\/sl\/wp-json\/wp\/v2\/product_cat?post=354896"},{"taxonomy":"product_tag","embeddable":true,"href":"https:\/\/mnxsportswear.com\/sl\/wp-json\/wp\/v2\/product_tag?post=354896"}],"curies":[{"name":"wp","href":"https:\/\/api.w.org\/{rel}","templated":true}]}}