{"id":354930,"date":"2022-03-28T13:35:04","date_gmt":"2022-03-28T11:35:04","guid":{"rendered":"https:\/\/mnxsportswear.com\/product\/mnx-ripped-t-shirt-athletic-taupe-gray\/"},"modified":"2026-03-01T18:56:49","modified_gmt":"2026-03-01T17:56:49","slug":"mnx-moska-ripped-majica-athletic-taupe-gray","status":"publish","type":"product","link":"https:\/\/mnxsportswear.com\/sl\/product\/mnx-moska-ripped-majica-athletic-taupe-gray\/","title":{"rendered":"MNX Mo\u0161ka Ripped majica Athletic, taupe gray"},"content":{"rendered":"<p>MNX Athletic majica s kratkimi rokavi.<\/p>\n<ul>\n<li>iz bomba\u017ea za maksimalno udobje,<\/li>\n<li>u\u010dinek obrabljene tkanine za poseben videz,<\/li>\n<li>\u0161ir\u0161i ovratnik in kraj\u0161i rokavi,<\/li>\n<li>z majhnim vezenim na\u0161itkom na ovratniku.<\/li>\n<\/ul>\n<p><strong>Material<\/strong>: 100% bomba\u017e (5% kr\u010denje)<br \/>\n<strong>Barva<\/strong>: kot na sliki<br \/>\n<strong>Stil<\/strong>: klasi\u010dna majica<br \/>\n<strong>Te\u017ea<\/strong>: pribl. 153 gramov (M)<br \/>\n<strong>Velikosti<\/strong>: S, M, L, XL, 2XL, 3XL, 4XL<\/p>\n","protected":false},"excerpt":{"rendered":"<p><span class=\"HwtZe\" lang=\"sl\">S to majico bo\u0161 vedno pripravljen na akcijo. Primerna je za vsako aktivnost na tvojem urniku. <span class=\"jCAhz ChMk0b\"><span class=\"ryNqvb\">Z majhnim izvezenim na\u0161itkom MNX in u\u010dinkom obrabljenih robov za poseben videz.<\/span><\/span> <span class=\"jCAhz ChMk0b\"><span class=\"ryNqvb\">Izdelana je iz 100% \u010distega bomba\u017ea za maksimalno udobje.<\/span><\/span> <span class=\"jCAhz ChMk0b\"><span class=\"ryNqvb\">Na voljo v ve\u010d barvah.<\/span><\/span><br \/>\n<\/span><\/p>\n","protected":false},"featured_media":353244,"comment_status":"open","ping_status":"closed","template":"","meta":[],"product_brand":[],"product_cat":[3262,3259,3260],"product_tag":[],"class_list":{"0":"post-354930","1":"product","2":"type-product","3":"status-publish","4":"has-post-thumbnail","6":"product_cat-klasicne","7":"product_cat-kratke-majice","8":"product_cat-mosko","9":"yith_product_brand-mnx-sl","11":"first","12":"instock","13":"sale","14":"taxable","15":"shipping-taxable","16":"purchasable","17":"product-type-variable"},"exclude_global_add_ons":[],"addons":[],"_links":{"self":[{"href":"https:\/\/mnxsportswear.com\/sl\/wp-json\/wp\/v2\/product\/354930","targetHints":{"allow":["GET"]}}],"collection":[{"href":"https:\/\/mnxsportswear.com\/sl\/wp-json\/wp\/v2\/product"}],"about":[{"href":"https:\/\/mnxsportswear.com\/sl\/wp-json\/wp\/v2\/types\/product"}],"replies":[{"embeddable":true,"href":"https:\/\/mnxsportswear.com\/sl\/wp-json\/wp\/v2\/comments?post=354930"}],"version-history":[{"count":0,"href":"https:\/\/mnxsportswear.com\/sl\/wp-json\/wp\/v2\/product\/354930\/revisions"}],"wp:featuredmedia":[{"embeddable":true,"href":"https:\/\/mnxsportswear.com\/sl\/wp-json\/wp\/v2\/media\/353244"}],"wp:attachment":[{"href":"https:\/\/mnxsportswear.com\/sl\/wp-json\/wp\/v2\/media?parent=354930"}],"wp:term":[{"taxonomy":"product_brand","embeddable":true,"href":"https:\/\/mnxsportswear.com\/sl\/wp-json\/wp\/v2\/product_brand?post=354930"},{"taxonomy":"product_cat","embeddable":true,"href":"https:\/\/mnxsportswear.com\/sl\/wp-json\/wp\/v2\/product_cat?post=354930"},{"taxonomy":"product_tag","embeddable":true,"href":"https:\/\/mnxsportswear.com\/sl\/wp-json\/wp\/v2\/product_tag?post=354930"}],"curies":[{"name":"wp","href":"https:\/\/api.w.org\/{rel}","templated":true}]}}