{"id":354954,"date":"2000-03-28T12:11:51","date_gmt":"2000-03-28T10:11:51","guid":{"rendered":"https:\/\/mnxsportswear.com\/product\/mnx-bodybuilding-cotton-pants-basic-black\/"},"modified":"2026-03-01T19:25:30","modified_gmt":"2026-03-01T18:25:30","slug":"mnx-bodybuilding-bombazne-dolge-hlace-basic-black","status":"publish","type":"product","link":"https:\/\/mnxsportswear.com\/sl\/product\/mnx-bodybuilding-bombazne-dolge-hlace-basic-black\/","title":{"rendered":"MNX Bodybuilding bomba\u017ene dolge hla\u010de Basic, black"},"content":{"rendered":"<p>Bomba\u017ene hla\u010de za bodybuilding<\/p>\n<ul>\n<li>iz lahkega mehkega bomba\u017ea,<\/li>\n<li>klasi\u010dni \u017eepi na obeh straneh,<\/li>\n<li>elasti\u010den pas z nastavljivo vrvico,<\/li>\n<li>tkani logotipi.<\/li>\n<\/ul>\n<p><strong>Material<\/strong>: 100% bomba\u017e<br \/>\n<strong>Barva<\/strong>: kot na sliki<br \/>\n<strong>Te\u017ea<\/strong>: 250 gramov<br \/>\n<strong>Velikosti<\/strong>: S, M, L, XL, XXL, 3XL<\/p>\n","protected":false},"excerpt":{"rendered":"<p><span class=\"HwtZe\" lang=\"sl\"><span class=\"jCAhz ChMk0b\"><span class=\"ryNqvb\">MNX bodybuilding hla\u010de za trening, izdelane iz 100% lahkega bomba\u017ea.<\/span><\/span> <span class=\"jCAhz ChMk0b\"><span class=\"ryNqvb\">Klasi\u010dni \u017eepi na obeh straneh in elasti\u010den pas z nastavljivo vrvico, zaklju\u010deno z MNX oblikovanimi plasti\u010dnimi konicami.<\/span><\/span> <span class=\"jCAhz ChMk0b\"><span class=\"ryNqvb\">Te hla\u010de nudijo maksimalno udobje zahvaljujo\u010d mehki tkanini.<\/span><\/span><\/span><\/p>\n","protected":false},"featured_media":353445,"comment_status":"open","ping_status":"closed","template":"","meta":[],"product_brand":[],"product_cat":[3272,3274,3260],"product_tag":[],"class_list":{"0":"post-354954","1":"product","2":"type-product","3":"status-publish","4":"has-post-thumbnail","6":"product_cat-dolge-hlace","7":"product_cat-loose-fit-hlace","8":"product_cat-mosko","9":"yith_product_brand-mnx-sl","11":"first","12":"outofstock","13":"taxable","14":"shipping-taxable","15":"purchasable","16":"product-type-variable"},"exclude_global_add_ons":[],"addons":[],"_links":{"self":[{"href":"https:\/\/mnxsportswear.com\/sl\/wp-json\/wp\/v2\/product\/354954","targetHints":{"allow":["GET"]}}],"collection":[{"href":"https:\/\/mnxsportswear.com\/sl\/wp-json\/wp\/v2\/product"}],"about":[{"href":"https:\/\/mnxsportswear.com\/sl\/wp-json\/wp\/v2\/types\/product"}],"replies":[{"embeddable":true,"href":"https:\/\/mnxsportswear.com\/sl\/wp-json\/wp\/v2\/comments?post=354954"}],"version-history":[{"count":1,"href":"https:\/\/mnxsportswear.com\/sl\/wp-json\/wp\/v2\/product\/354954\/revisions"}],"predecessor-version":[{"id":406875,"href":"https:\/\/mnxsportswear.com\/sl\/wp-json\/wp\/v2\/product\/354954\/revisions\/406875"}],"wp:featuredmedia":[{"embeddable":true,"href":"https:\/\/mnxsportswear.com\/sl\/wp-json\/wp\/v2\/media\/353445"}],"wp:attachment":[{"href":"https:\/\/mnxsportswear.com\/sl\/wp-json\/wp\/v2\/media?parent=354954"}],"wp:term":[{"taxonomy":"product_brand","embeddable":true,"href":"https:\/\/mnxsportswear.com\/sl\/wp-json\/wp\/v2\/product_brand?post=354954"},{"taxonomy":"product_cat","embeddable":true,"href":"https:\/\/mnxsportswear.com\/sl\/wp-json\/wp\/v2\/product_cat?post=354954"},{"taxonomy":"product_tag","embeddable":true,"href":"https:\/\/mnxsportswear.com\/sl\/wp-json\/wp\/v2\/product_tag?post=354954"}],"curies":[{"name":"wp","href":"https:\/\/api.w.org\/{rel}","templated":true}]}}