{"id":354987,"date":"2022-03-28T11:18:18","date_gmt":"2022-03-28T09:18:18","guid":{"rendered":"https:\/\/mnxsportswear.com\/product\/mnx-mens-joggers-ranger-black\/"},"modified":"2026-03-01T18:57:32","modified_gmt":"2026-03-01T17:57:32","slug":"mnx-moske-jogger-hlace-ranger-black","status":"publish","type":"product","link":"https:\/\/mnxsportswear.com\/sl\/product\/mnx-moske-jogger-hlace-ranger-black\/","title":{"rendered":"MNX Mo\u0161ke jogger hla\u010de Ranger, black"},"content":{"rendered":"<p>Joggerji MNX iz kolekcije Ranger.<\/p>\n<ul>\n<li>iz mehke in tople me\u0161anice bomba\u017ea,<\/li>\n<li>z elastiko na gle\u017enjih,<\/li>\n<li>elasti\u010den pas z vrvico za nastavljivo prileganje,<\/li>\n<li>klasi\u010dni stranski cargo \u017eepi,<\/li>\n<li>edinstven dizajn in detajli.<\/li>\n<\/ul>\n<p><strong>Material<\/strong>: 80% bomba\u017e, 20% poliester (5% kr\u010denje)<br \/>\n<strong>Barva<\/strong>: kot na sliki<br \/>\n<strong>Velikosti<\/strong>: S, M, L, XL, XXL, 3XL<br \/>\n<strong>Stil<\/strong>: slim &#8211; fit<\/p>\n","protected":false},"excerpt":{"rendered":"<p><span class=\"HwtZe\" lang=\"sl\"><span class=\"jCAhz ChMk0b\"><span class=\"ryNqvb\">MNX Ranger jogging hla\u010de za tvoj vsakdanji stil, izdelane iz mehke in tople me\u0161anice bomba\u017ea.<\/span><\/span> <span class=\"jCAhz ChMk0b\"><span class=\"ryNqvb\">Z elastiko na gle\u017enjih, elasti\u010dnim pasom z vrvico za nastavljivo prileganje in prakti\u010dnimi klasi\u010dnimi stranskimi tovornimi \u017eepi.<\/span><\/span> <span class=\"jCAhz ChMk0b\"><span class=\"ryNqvb\">Kombinirajte te hla\u010de z Ranger hoodijem in si ustvarite popoln outfit.<\/span><\/span><\/span><\/p>\n","protected":false},"featured_media":353259,"comment_status":"open","ping_status":"closed","template":"","meta":[],"product_brand":[],"product_cat":[3272,3273,3260,3284],"product_tag":[],"class_list":{"0":"post-354987","1":"product","2":"type-product","3":"status-publish","4":"has-post-thumbnail","6":"product_cat-dolge-hlace","7":"product_cat-jogging-hlace","8":"product_cat-mosko","9":"product_cat-ranger-sl","10":"yith_product_brand-mnx-sl","12":"first","13":"instock","14":"sale","15":"taxable","16":"shipping-taxable","17":"purchasable","18":"product-type-variable"},"exclude_global_add_ons":[],"addons":[],"_links":{"self":[{"href":"https:\/\/mnxsportswear.com\/sl\/wp-json\/wp\/v2\/product\/354987","targetHints":{"allow":["GET"]}}],"collection":[{"href":"https:\/\/mnxsportswear.com\/sl\/wp-json\/wp\/v2\/product"}],"about":[{"href":"https:\/\/mnxsportswear.com\/sl\/wp-json\/wp\/v2\/types\/product"}],"replies":[{"embeddable":true,"href":"https:\/\/mnxsportswear.com\/sl\/wp-json\/wp\/v2\/comments?post=354987"}],"version-history":[{"count":0,"href":"https:\/\/mnxsportswear.com\/sl\/wp-json\/wp\/v2\/product\/354987\/revisions"}],"wp:featuredmedia":[{"embeddable":true,"href":"https:\/\/mnxsportswear.com\/sl\/wp-json\/wp\/v2\/media\/353259"}],"wp:attachment":[{"href":"https:\/\/mnxsportswear.com\/sl\/wp-json\/wp\/v2\/media?parent=354987"}],"wp:term":[{"taxonomy":"product_brand","embeddable":true,"href":"https:\/\/mnxsportswear.com\/sl\/wp-json\/wp\/v2\/product_brand?post=354987"},{"taxonomy":"product_cat","embeddable":true,"href":"https:\/\/mnxsportswear.com\/sl\/wp-json\/wp\/v2\/product_cat?post=354987"},{"taxonomy":"product_tag","embeddable":true,"href":"https:\/\/mnxsportswear.com\/sl\/wp-json\/wp\/v2\/product_tag?post=354987"}],"curies":[{"name":"wp","href":"https:\/\/api.w.org\/{rel}","templated":true}]}}