{"id":355042,"date":"2023-02-21T09:46:19","date_gmt":"2023-02-21T08:46:19","guid":{"rendered":"https:\/\/mnxsportswear.com\/product\/mnx-womens-seamless-sport-bra-avalon-pink\/"},"modified":"2026-03-02T04:45:18","modified_gmt":"2026-03-02T03:45:18","slug":"mnx-zenski-seamless-sportni-nedrcek-avalon-pink","status":"publish","type":"product","link":"https:\/\/mnxsportswear.com\/sl\/product\/mnx-zenski-seamless-sportni-nedrcek-avalon-pink\/","title":{"rendered":"MNX \u017denski seamless \u0161portni nedr\u010dek Avalon, pink"},"content":{"rendered":"<p>MNX \u017eenski brez\u0161ivni \u0161portni nedr\u010dek:<\/p>\n<ul>\n<li>tkanina, ki odvaja vlago,<\/li>\n<li>ozek kroj,<\/li>\n<li>odstranljiva podloga,<\/li>\n<li>brezhibno oblikovanje,<\/li>\n<li>spran videz.<\/li>\n<\/ul>\n<p><strong>Material<\/strong>: 90 % najlon, 10 % spandex<br \/>\n<strong>Barva<\/strong>: kot na sliki<br \/>\n<strong>Stil<\/strong>: klasi\u010dna evropska velikost<br \/>\n<strong>Te\u017ea<\/strong>: pribl. 130 gramov<br \/>\n<strong>Velikosti<\/strong>: S, M, L, XL<\/p>\n","protected":false},"excerpt":{"rendered":"<p>Brez\u0161ivni \u0161portni nedr\u010dek MNX z efektom spranega videza. Ostanite dlje sve\u017ei zahvaljujo\u010d tkanini, ki odvaja vlago. Slim fit prileganje in brez\u0161ivno oblikovanje. Na voljo v ve\u010d barvah skupaj z legicami.<\/p>\n","protected":false},"featured_media":404046,"comment_status":"open","ping_status":"closed","template":"","meta":[],"product_brand":[],"product_cat":[3298,3294,3290,3286],"product_tag":[],"class_list":{"0":"post-355042","1":"product","2":"type-product","3":"status-publish","4":"has-post-thumbnail","6":"product_cat-seamless-sl","7":"product_cat-sportni-topi","8":"product_cat-topi","9":"product_cat-zensko","10":"yith_product_brand-mnx-sl","12":"first","13":"instock","14":"sale","15":"taxable","16":"shipping-taxable","17":"purchasable","18":"product-type-variable"},"exclude_global_add_ons":[],"addons":[],"_links":{"self":[{"href":"https:\/\/mnxsportswear.com\/sl\/wp-json\/wp\/v2\/product\/355042","targetHints":{"allow":["GET"]}}],"collection":[{"href":"https:\/\/mnxsportswear.com\/sl\/wp-json\/wp\/v2\/product"}],"about":[{"href":"https:\/\/mnxsportswear.com\/sl\/wp-json\/wp\/v2\/types\/product"}],"replies":[{"embeddable":true,"href":"https:\/\/mnxsportswear.com\/sl\/wp-json\/wp\/v2\/comments?post=355042"}],"version-history":[{"count":2,"href":"https:\/\/mnxsportswear.com\/sl\/wp-json\/wp\/v2\/product\/355042\/revisions"}],"predecessor-version":[{"id":404108,"href":"https:\/\/mnxsportswear.com\/sl\/wp-json\/wp\/v2\/product\/355042\/revisions\/404108"}],"wp:featuredmedia":[{"embeddable":true,"href":"https:\/\/mnxsportswear.com\/sl\/wp-json\/wp\/v2\/media\/404046"}],"wp:attachment":[{"href":"https:\/\/mnxsportswear.com\/sl\/wp-json\/wp\/v2\/media?parent=355042"}],"wp:term":[{"taxonomy":"product_brand","embeddable":true,"href":"https:\/\/mnxsportswear.com\/sl\/wp-json\/wp\/v2\/product_brand?post=355042"},{"taxonomy":"product_cat","embeddable":true,"href":"https:\/\/mnxsportswear.com\/sl\/wp-json\/wp\/v2\/product_cat?post=355042"},{"taxonomy":"product_tag","embeddable":true,"href":"https:\/\/mnxsportswear.com\/sl\/wp-json\/wp\/v2\/product_tag?post=355042"}],"curies":[{"name":"wp","href":"https:\/\/api.w.org\/{rel}","templated":true}]}}