{"id":355047,"date":"2022-11-30T11:47:00","date_gmt":"2022-11-30T10:47:00","guid":{"rendered":"https:\/\/mnxsportswear.com\/product\/mnx-football-jersey-2-0-black\/"},"modified":"2026-03-01T19:33:21","modified_gmt":"2026-03-01T18:33:21","slug":"mnx-nogometni-dres-2-0-black","status":"publish","type":"product","link":"https:\/\/mnxsportswear.com\/sl\/product\/mnx-nogometni-dres-2-0-black\/","title":{"rendered":"MNX nogometni dres 2.0, black"},"content":{"rendered":"<p>Nogometni dres 2.0.<\/p>\n<ul>\n<li>iz zra\u010dne mikro mre\u017easte tkanine,<\/li>\n<li>zra\u010dni triko mre\u017easti deli na obeh straneh,<\/li>\n<li>kot nala\u0161\u010d za va\u0161o vadbo ali prosti \u010das,<\/li>\n<li>edinstven MNX dizajn in podrobnosti.<\/li>\n<\/ul>\n<p><strong>Material:<\/strong> 100% poliester (5% kr\u010denje)<br \/>\n<strong>Barva:<\/strong> kot na sliki<br \/>\n<strong>Stil:<\/strong> oversized<br \/>\n<strong>Velikosti:<\/strong> S, M, L, XL, XXL, 3XL, 4XL, 5XL<\/p>\n","protected":false},"excerpt":{"rendered":"<div class=\"lRu31\"><span class=\"HwtZe\" lang=\"sl\"><span class=\"jCAhz ChMk0b\"><span class=\"ryNqvb\">S tem nogometnim dresom MNX trenirajte kot va\u0161 najljub\u0161i \u0161portnik.<\/span><\/span> <span class=\"jCAhz ChMk0b\"><span class=\"ryNqvb\">S svojo mre\u017easto tkanino in elegantnim dizajnom je ta majica pripravljena na vse.<\/span><\/span> <span class=\"jCAhz ChMk0b\"><span class=\"ryNqvb\">Logotipi MNX na sprednji in zadnji strani zaokro\u017eujejo videz.<\/span><\/span> <span class=\"jCAhz ChMk0b\"><span class=\"ryNqvb\">Na voljo v ve\u010d barvah.<\/span><\/span><\/span><\/div>\n<div class=\"UdTY9 WdefRb\" aria-hidden=\"true\" data-location=\"2\">\n<div class=\"kO6q6e\"><\/div>\n<\/div>\n","protected":false},"featured_media":353542,"comment_status":"open","ping_status":"closed","template":"","meta":[],"product_brand":[],"product_cat":[3255,3260],"product_tag":[],"class_list":{"0":"post-355047","1":"product","2":"type-product","3":"status-publish","4":"has-post-thumbnail","6":"product_cat-dresi","7":"product_cat-mosko","8":"yith_product_brand-mnx-sl","10":"first","11":"instock","12":"sale","13":"taxable","14":"shipping-taxable","15":"purchasable","16":"product-type-variable"},"exclude_global_add_ons":[],"addons":[],"_links":{"self":[{"href":"https:\/\/mnxsportswear.com\/sl\/wp-json\/wp\/v2\/product\/355047","targetHints":{"allow":["GET"]}}],"collection":[{"href":"https:\/\/mnxsportswear.com\/sl\/wp-json\/wp\/v2\/product"}],"about":[{"href":"https:\/\/mnxsportswear.com\/sl\/wp-json\/wp\/v2\/types\/product"}],"replies":[{"embeddable":true,"href":"https:\/\/mnxsportswear.com\/sl\/wp-json\/wp\/v2\/comments?post=355047"}],"version-history":[{"count":0,"href":"https:\/\/mnxsportswear.com\/sl\/wp-json\/wp\/v2\/product\/355047\/revisions"}],"wp:featuredmedia":[{"embeddable":true,"href":"https:\/\/mnxsportswear.com\/sl\/wp-json\/wp\/v2\/media\/353542"}],"wp:attachment":[{"href":"https:\/\/mnxsportswear.com\/sl\/wp-json\/wp\/v2\/media?parent=355047"}],"wp:term":[{"taxonomy":"product_brand","embeddable":true,"href":"https:\/\/mnxsportswear.com\/sl\/wp-json\/wp\/v2\/product_brand?post=355047"},{"taxonomy":"product_cat","embeddable":true,"href":"https:\/\/mnxsportswear.com\/sl\/wp-json\/wp\/v2\/product_cat?post=355047"},{"taxonomy":"product_tag","embeddable":true,"href":"https:\/\/mnxsportswear.com\/sl\/wp-json\/wp\/v2\/product_tag?post=355047"}],"curies":[{"name":"wp","href":"https:\/\/api.w.org\/{rel}","templated":true}]}}