{"id":355118,"date":"2021-07-21T15:47:09","date_gmt":"2021-07-21T13:47:09","guid":{"rendered":"https:\/\/mnxsportswear.com\/product\/mnx-mens-fitness-shorts-black\/"},"modified":"2026-03-03T11:55:58","modified_gmt":"2026-03-03T10:55:58","slug":"mnx-moske-fitness-kratke-hlace-black","status":"publish","type":"product","link":"https:\/\/mnxsportswear.com\/sl\/product\/mnx-moske-fitness-kratke-hlace-black\/","title":{"rendered":"MNX Mo\u0161ke fitness kratke hla\u010de, black"},"content":{"rendered":"<p>MNX Mo\u0161ke kratke hla\u010de za fitnes:<\/p>\n<ul>\n<li>ergonomske linije reza,<\/li>\n<li>zra\u010dna mre\u017easta tkanina,<\/li>\n<li>stranski \u017eepi z zadrgo,<\/li>\n<li>nastavljiv pas.<\/li>\n<\/ul>\n<p><strong>Material<\/strong>: 100% poliester (5% kr\u010denje)<br \/>\n<strong>Barva<\/strong>: kot na sliki<br \/>\n<strong>Velikosti<\/strong>:\u00a0S, M, L, XL, XXL, 3XL<br \/>\n<strong>Stil<\/strong>: ohlapen kroj<\/p>\n","protected":false},"excerpt":{"rendered":"<p><span class=\"HwtZe\" lang=\"sl\"><span class=\"jCAhz ChMk0b\"><span class=\"ryNqvb\">Kratke hla\u010de MNX z ergonomskimi linijami krojev za maksimalno svobodo gibanja.<\/span><\/span> <span class=\"jCAhz ChMk0b\"><span class=\"ryNqvb\">Izdelane iz zra\u010dne mre\u017easte tkanine, ki vas dlje ohranja suhe.<\/span><\/span> <span class=\"jCAhz ChMk0b\"><span class=\"ryNqvb\">S stranskimi \u017eepi z zadrgo za varno shranjevanje med vadbo in nastavljivim pasom s tunelirano vrvico za prilagojeno prileganje.<\/span><\/span> <span class=\"jCAhz ChMk0b\"><span class=\"ryNqvb\">Na voljo v ve\u010d barvah.<\/span><\/span><br \/>\n<\/span><\/p>\n","protected":false},"featured_media":353543,"comment_status":"open","ping_status":"closed","template":"","meta":[],"product_brand":[],"product_cat":[3257,3260],"product_tag":[],"class_list":{"0":"post-355118","1":"product","2":"type-product","3":"status-publish","4":"has-post-thumbnail","6":"product_cat-kratke-hlace","7":"product_cat-mosko","8":"yith_product_brand-mnx-sl","10":"first","11":"instock","12":"sale","13":"taxable","14":"shipping-taxable","15":"purchasable","16":"product-type-variable"},"exclude_global_add_ons":[],"addons":[],"_links":{"self":[{"href":"https:\/\/mnxsportswear.com\/sl\/wp-json\/wp\/v2\/product\/355118","targetHints":{"allow":["GET"]}}],"collection":[{"href":"https:\/\/mnxsportswear.com\/sl\/wp-json\/wp\/v2\/product"}],"about":[{"href":"https:\/\/mnxsportswear.com\/sl\/wp-json\/wp\/v2\/types\/product"}],"replies":[{"embeddable":true,"href":"https:\/\/mnxsportswear.com\/sl\/wp-json\/wp\/v2\/comments?post=355118"}],"version-history":[{"count":0,"href":"https:\/\/mnxsportswear.com\/sl\/wp-json\/wp\/v2\/product\/355118\/revisions"}],"wp:featuredmedia":[{"embeddable":true,"href":"https:\/\/mnxsportswear.com\/sl\/wp-json\/wp\/v2\/media\/353543"}],"wp:attachment":[{"href":"https:\/\/mnxsportswear.com\/sl\/wp-json\/wp\/v2\/media?parent=355118"}],"wp:term":[{"taxonomy":"product_brand","embeddable":true,"href":"https:\/\/mnxsportswear.com\/sl\/wp-json\/wp\/v2\/product_brand?post=355118"},{"taxonomy":"product_cat","embeddable":true,"href":"https:\/\/mnxsportswear.com\/sl\/wp-json\/wp\/v2\/product_cat?post=355118"},{"taxonomy":"product_tag","embeddable":true,"href":"https:\/\/mnxsportswear.com\/sl\/wp-json\/wp\/v2\/product_tag?post=355118"}],"curies":[{"name":"wp","href":"https:\/\/api.w.org\/{rel}","templated":true}]}}