{"id":355132,"date":"2021-07-21T15:42:09","date_gmt":"2021-07-21T13:42:09","guid":{"rendered":"https:\/\/mnxsportswear.com\/product\/mnx-sleeveless-top-beige\/"},"modified":"2026-03-01T18:57:03","modified_gmt":"2026-03-01T17:57:03","slug":"mnx-moski-sleeveless-top-beige","status":"publish","type":"product","link":"https:\/\/mnxsportswear.com\/sl\/product\/mnx-moski-sleeveless-top-beige\/","title":{"rendered":"MNX Mo\u0161ki Sleeveless Top, be\u017e"},"content":{"rendered":"<p>MNX top brez rokavov.<\/p>\n<ul>\n<li>Iz 100% mehkega bomba\u017ea,<\/li>\n<li>branding spredaj in zadaj.<\/li>\n<\/ul>\n<p><strong>Material<\/strong>: 100% bomba\u017e; 5% kr\u010denje<br \/>\n<strong>Barva<\/strong>: kot na sliki<br \/>\n<strong>Stil<\/strong>: ozek kroj<br \/>\n<strong>Te\u017ea<\/strong>: pribl. 150 gramov<br \/>\n<strong>Velikosti<\/strong>: S, M, L, XL, 2XL, 3XL<\/p>\n","protected":false},"excerpt":{"rendered":"<p>Osvobodite svoje roke v tej majici brez rokavov, izdelani iz 100 % mehkega bomba\u017ea. Odlikuje jo udobno vsakodnevno prileganje in minimalisti\u010den branding na obeh straneh. Na voljo v ve\u010d barvah.<\/p>\n","protected":false},"featured_media":352153,"comment_status":"open","ping_status":"closed","template":"","meta":[],"product_brand":[],"product_cat":[3264,3268,3260],"product_tag":[],"class_list":{"0":"post-355132","1":"product","2":"type-product","3":"status-publish","4":"has-post-thumbnail","6":"product_cat-kanotere","7":"product_cat-majice-brez-rokavov","8":"product_cat-mosko","9":"yith_product_brand-mnx-sl","11":"first","12":"instock","13":"sale","14":"taxable","15":"shipping-taxable","16":"purchasable","17":"product-type-variable"},"exclude_global_add_ons":[],"addons":[],"_links":{"self":[{"href":"https:\/\/mnxsportswear.com\/sl\/wp-json\/wp\/v2\/product\/355132","targetHints":{"allow":["GET"]}}],"collection":[{"href":"https:\/\/mnxsportswear.com\/sl\/wp-json\/wp\/v2\/product"}],"about":[{"href":"https:\/\/mnxsportswear.com\/sl\/wp-json\/wp\/v2\/types\/product"}],"replies":[{"embeddable":true,"href":"https:\/\/mnxsportswear.com\/sl\/wp-json\/wp\/v2\/comments?post=355132"}],"version-history":[{"count":0,"href":"https:\/\/mnxsportswear.com\/sl\/wp-json\/wp\/v2\/product\/355132\/revisions"}],"wp:featuredmedia":[{"embeddable":true,"href":"https:\/\/mnxsportswear.com\/sl\/wp-json\/wp\/v2\/media\/352153"}],"wp:attachment":[{"href":"https:\/\/mnxsportswear.com\/sl\/wp-json\/wp\/v2\/media?parent=355132"}],"wp:term":[{"taxonomy":"product_brand","embeddable":true,"href":"https:\/\/mnxsportswear.com\/sl\/wp-json\/wp\/v2\/product_brand?post=355132"},{"taxonomy":"product_cat","embeddable":true,"href":"https:\/\/mnxsportswear.com\/sl\/wp-json\/wp\/v2\/product_cat?post=355132"},{"taxonomy":"product_tag","embeddable":true,"href":"https:\/\/mnxsportswear.com\/sl\/wp-json\/wp\/v2\/product_tag?post=355132"}],"curies":[{"name":"wp","href":"https:\/\/api.w.org\/{rel}","templated":true}]}}