{"id":355147,"date":"2020-07-23T11:49:27","date_gmt":"2020-07-23T09:49:27","guid":{"rendered":"https:\/\/mnxsportswear.com\/product\/mnx-bodybuilding-classic-pants-white\/"},"modified":"2026-03-01T21:30:10","modified_gmt":"2026-03-01T20:30:10","slug":"mnx-bodybuilding-classic-hlace-white","status":"publish","type":"product","link":"https:\/\/mnxsportswear.com\/sl\/product\/mnx-bodybuilding-classic-hlace-white\/","title":{"rendered":"MNX Mo\u0161ke Bodybuilding Classic hla\u010de, white"},"content":{"rendered":"<p>Bomba\u017ene hla\u010de MNX Bodybuilding.<\/p>\n<ul>\n<li>iz lahkega mehkega bomba\u017ea za maksimalno udobje,<\/li>\n<li>velik gumijast logotip MNX,<\/li>\n<li>izvezen &#8220;X&#8221; spredaj,<\/li>\n<li>klasi\u010dni \u017eepi na obeh straneh,<\/li>\n<li>elasti\u010den pas z nastavljivo vrvico.<\/li>\n<\/ul>\n<p><strong>Material<\/strong>: 100% bomba\u017e<br \/>\n<strong>Barva<\/strong>: kot na sliki<br \/>\n<strong>Velikosti<\/strong>: S, M, L, XL, XXL, 3XL<\/p>\n","protected":false},"excerpt":{"rendered":"<p><span class=\"HwtZe\" lang=\"sl\"><span class=\"jCAhz ChMk0b\"><span class=\"ryNqvb\">MNX Bodybuilding hla\u010de za trening, izdelane iz 100% lahkega bomba\u017ea.<\/span><\/span> <span class=\"jCAhz ChMk0b\"><span class=\"ryNqvb\">Z izvezenim &#8220;X&#8221; spredaj in zadaj ter velikim gumijastim logotipom MNX.<\/span><\/span> <span class=\"jCAhz ChMk0b\"><span class=\"ryNqvb\">Klasi\u010dni \u017eepi na obeh straneh in elasti\u010den pas z nastavljivo vrvico.<\/span><\/span> <span class=\"jCAhz ChMk0b\"><span class=\"ryNqvb\">Te hla\u010de nudijo maksimalno udobje zahvaljujo\u010d mehki tkanini.<\/span><\/span><\/span><\/p>\n","protected":false},"featured_media":353443,"comment_status":"open","ping_status":"closed","template":"","meta":[],"product_brand":[],"product_cat":[3272,3274,3260],"product_tag":[],"class_list":{"0":"post-355147","1":"product","2":"type-product","3":"status-publish","4":"has-post-thumbnail","6":"product_cat-dolge-hlace","7":"product_cat-loose-fit-hlace","8":"product_cat-mosko","9":"yith_product_brand-mnx-sl","11":"first","12":"instock","13":"sale","14":"taxable","15":"shipping-taxable","16":"purchasable","17":"product-type-variable"},"exclude_global_add_ons":[],"addons":[],"_links":{"self":[{"href":"https:\/\/mnxsportswear.com\/sl\/wp-json\/wp\/v2\/product\/355147","targetHints":{"allow":["GET"]}}],"collection":[{"href":"https:\/\/mnxsportswear.com\/sl\/wp-json\/wp\/v2\/product"}],"about":[{"href":"https:\/\/mnxsportswear.com\/sl\/wp-json\/wp\/v2\/types\/product"}],"replies":[{"embeddable":true,"href":"https:\/\/mnxsportswear.com\/sl\/wp-json\/wp\/v2\/comments?post=355147"}],"version-history":[{"count":1,"href":"https:\/\/mnxsportswear.com\/sl\/wp-json\/wp\/v2\/product\/355147\/revisions"}],"predecessor-version":[{"id":406873,"href":"https:\/\/mnxsportswear.com\/sl\/wp-json\/wp\/v2\/product\/355147\/revisions\/406873"}],"wp:featuredmedia":[{"embeddable":true,"href":"https:\/\/mnxsportswear.com\/sl\/wp-json\/wp\/v2\/media\/353443"}],"wp:attachment":[{"href":"https:\/\/mnxsportswear.com\/sl\/wp-json\/wp\/v2\/media?parent=355147"}],"wp:term":[{"taxonomy":"product_brand","embeddable":true,"href":"https:\/\/mnxsportswear.com\/sl\/wp-json\/wp\/v2\/product_brand?post=355147"},{"taxonomy":"product_cat","embeddable":true,"href":"https:\/\/mnxsportswear.com\/sl\/wp-json\/wp\/v2\/product_cat?post=355147"},{"taxonomy":"product_tag","embeddable":true,"href":"https:\/\/mnxsportswear.com\/sl\/wp-json\/wp\/v2\/product_tag?post=355147"}],"curies":[{"name":"wp","href":"https:\/\/api.w.org\/{rel}","templated":true}]}}