{"id":355163,"date":"2020-07-22T13:47:58","date_gmt":"2020-07-22T11:47:58","guid":{"rendered":"https:\/\/mnxsportswear.com\/product\/mnx-ribbed-shorts-hammer-red\/"},"modified":"2026-03-01T18:58:00","modified_gmt":"2026-03-01T17:58:00","slug":"mnx-moske-ribbed-kratke-hlace-hammer-red","status":"publish","type":"product","link":"https:\/\/mnxsportswear.com\/sl\/product\/mnx-moske-ribbed-kratke-hlace-hammer-red\/","title":{"rendered":"MNX Mo\u0161ke Ribbed kratke hla\u010de Hammer, red"},"content":{"rendered":"<p>MNX kratke hla\u010de Hammer.<\/p>\n<ul>\n<li>iz rebraste tkanine,<\/li>\n<li>stranski \u017eepi z zadrgo,<\/li>\n<li>elasti\u010den pas z nastavljivo notranjo vrvico,<\/li>\n<li>posebni popravki MNX.<\/li>\n<\/ul>\n<p><strong>Material<\/strong>: 65% bomba\u017e, 35% poliester<br \/>\n<strong>Barva<\/strong>: kot na sliki<br \/>\n<strong>Velikosti<\/strong>:\u00a0S, M, L, XL, XXL, 3XL<br \/>\n<strong>Stil<\/strong>: ohlapen kroj<\/p>\n","protected":false},"excerpt":{"rendered":"<p><span class=\"HwtZe\" lang=\"sl\"><span class=\"jCAhz ChMk0b\"><span class=\"ryNqvb\">Udobne kratke hla\u010de iz rebrastega blaga za popolno opravo za \u0161port ali prosti \u010das.<\/span><\/span> <span class=\"jCAhz ChMk0b\"><span class=\"ryNqvb\">S stranskimi \u017eepi na zadrgo, elasti\u010dnim pasom z nastavljivo notranjo vrvico in posebnimi na\u0161itki MNX.<\/span><\/span> <span class=\"jCAhz ChMk0b\"><span class=\"ryNqvb\">Na voljo v ve\u010d barvah.<\/span><\/span><\/span><\/p>\n","protected":false},"featured_media":353026,"comment_status":"open","ping_status":"closed","template":"","meta":[],"product_brand":[],"product_cat":[3277,3257,3260],"product_tag":[],"class_list":{"0":"post-355163","1":"product","2":"type-product","3":"status-publish","4":"has-post-thumbnail","6":"product_cat-hammer-sl","7":"product_cat-kratke-hlace","8":"product_cat-mosko","9":"yith_product_brand-hammer-sl","10":"yith_product_brand-mnx-sl","12":"first","13":"outofstock","14":"sale","15":"taxable","16":"shipping-taxable","17":"purchasable","18":"product-type-variable"},"exclude_global_add_ons":[],"addons":[],"_links":{"self":[{"href":"https:\/\/mnxsportswear.com\/sl\/wp-json\/wp\/v2\/product\/355163","targetHints":{"allow":["GET"]}}],"collection":[{"href":"https:\/\/mnxsportswear.com\/sl\/wp-json\/wp\/v2\/product"}],"about":[{"href":"https:\/\/mnxsportswear.com\/sl\/wp-json\/wp\/v2\/types\/product"}],"replies":[{"embeddable":true,"href":"https:\/\/mnxsportswear.com\/sl\/wp-json\/wp\/v2\/comments?post=355163"}],"version-history":[{"count":1,"href":"https:\/\/mnxsportswear.com\/sl\/wp-json\/wp\/v2\/product\/355163\/revisions"}],"predecessor-version":[{"id":398109,"href":"https:\/\/mnxsportswear.com\/sl\/wp-json\/wp\/v2\/product\/355163\/revisions\/398109"}],"wp:featuredmedia":[{"embeddable":true,"href":"https:\/\/mnxsportswear.com\/sl\/wp-json\/wp\/v2\/media\/353026"}],"wp:attachment":[{"href":"https:\/\/mnxsportswear.com\/sl\/wp-json\/wp\/v2\/media?parent=355163"}],"wp:term":[{"taxonomy":"product_brand","embeddable":true,"href":"https:\/\/mnxsportswear.com\/sl\/wp-json\/wp\/v2\/product_brand?post=355163"},{"taxonomy":"product_cat","embeddable":true,"href":"https:\/\/mnxsportswear.com\/sl\/wp-json\/wp\/v2\/product_cat?post=355163"},{"taxonomy":"product_tag","embeddable":true,"href":"https:\/\/mnxsportswear.com\/sl\/wp-json\/wp\/v2\/product_tag?post=355163"}],"curies":[{"name":"wp","href":"https:\/\/api.w.org\/{rel}","templated":true}]}}