{"id":355204,"date":"2019-11-08T13:47:03","date_gmt":"2019-11-08T12:47:03","guid":{"rendered":"https:\/\/mnxsportswear.com\/product\/mnx-bodybuilding-classic-pants\/"},"modified":"2026-03-01T18:04:54","modified_gmt":"2026-03-01T17:04:54","slug":"mnx-moske-bodybuilding-classic-dolge-hlace-black","status":"publish","type":"product","link":"https:\/\/mnxsportswear.com\/sl\/product\/mnx-moske-bodybuilding-classic-dolge-hlace-black\/","title":{"rendered":"MNX Mo\u0161ke Bodybuilding Classic dolge hla\u010de, black"},"content":{"rendered":"<p>Bomba\u017ene hla\u010de MNX Bodybuilding.<\/p>\n<ul>\n<li>iz lahkega mehkega bomba\u017ea za maksimalno udobje,<\/li>\n<li>velik gumijast logotip MNX,<\/li>\n<li>izvezen &#8220;X&#8221; spredaj,<\/li>\n<li>klasi\u010dni \u017eepi na obeh straneh,<\/li>\n<li>elasti\u010den pas z nastavljivo vrvico.<\/li>\n<\/ul>\n<p><strong>Material<\/strong>: 100% bomba\u017e<br \/>\n<strong>Barva<\/strong>: kot na sliki<br \/>\n<strong>Velikosti<\/strong>: S, M, L, XL, XXL, 3XL<\/p>\n","protected":false},"excerpt":{"rendered":"<p><span class=\"HwtZe\" lang=\"sl\"><span class=\"jCAhz ChMk0b\"><span class=\"ryNqvb\">MNX Bodybuilding hla\u010de za trening, izdelane iz 100% lahkega bomba\u017ea.<\/span><\/span> <span class=\"jCAhz ChMk0b\"><span class=\"ryNqvb\">Z izvezenim &#8220;X&#8221; spredaj in zadaj ter velikim gumijastim logotipom MNX.<\/span><\/span> <span class=\"jCAhz ChMk0b\"><span class=\"ryNqvb\">Klasi\u010dni \u017eepi na obeh straneh in elasti\u010den pas z nastavljivo vrvico.<\/span><\/span> <span class=\"jCAhz ChMk0b\"><span class=\"ryNqvb\">Te hla\u010de nudijo maksimalno udobje zahvaljujo\u010d mehki tkanini.<\/span><\/span><br \/>\n<\/span><\/p>\n","protected":false},"featured_media":352291,"comment_status":"open","ping_status":"closed","template":"","meta":[],"product_brand":[],"product_cat":[3272,3274,3260],"product_tag":[],"class_list":{"0":"post-355204","1":"product","2":"type-product","3":"status-publish","4":"has-post-thumbnail","6":"product_cat-dolge-hlace","7":"product_cat-loose-fit-hlace","8":"product_cat-mosko","9":"yith_product_brand-mnx-sl","11":"first","12":"outofstock","13":"taxable","14":"shipping-taxable","15":"product-type-variable"},"exclude_global_add_ons":[],"addons":[],"_links":{"self":[{"href":"https:\/\/mnxsportswear.com\/sl\/wp-json\/wp\/v2\/product\/355204","targetHints":{"allow":["GET"]}}],"collection":[{"href":"https:\/\/mnxsportswear.com\/sl\/wp-json\/wp\/v2\/product"}],"about":[{"href":"https:\/\/mnxsportswear.com\/sl\/wp-json\/wp\/v2\/types\/product"}],"replies":[{"embeddable":true,"href":"https:\/\/mnxsportswear.com\/sl\/wp-json\/wp\/v2\/comments?post=355204"}],"version-history":[{"count":1,"href":"https:\/\/mnxsportswear.com\/sl\/wp-json\/wp\/v2\/product\/355204\/revisions"}],"predecessor-version":[{"id":406874,"href":"https:\/\/mnxsportswear.com\/sl\/wp-json\/wp\/v2\/product\/355204\/revisions\/406874"}],"wp:featuredmedia":[{"embeddable":true,"href":"https:\/\/mnxsportswear.com\/sl\/wp-json\/wp\/v2\/media\/352291"}],"wp:attachment":[{"href":"https:\/\/mnxsportswear.com\/sl\/wp-json\/wp\/v2\/media?parent=355204"}],"wp:term":[{"taxonomy":"product_brand","embeddable":true,"href":"https:\/\/mnxsportswear.com\/sl\/wp-json\/wp\/v2\/product_brand?post=355204"},{"taxonomy":"product_cat","embeddable":true,"href":"https:\/\/mnxsportswear.com\/sl\/wp-json\/wp\/v2\/product_cat?post=355204"},{"taxonomy":"product_tag","embeddable":true,"href":"https:\/\/mnxsportswear.com\/sl\/wp-json\/wp\/v2\/product_tag?post=355204"}],"curies":[{"name":"wp","href":"https:\/\/api.w.org\/{rel}","templated":true}]}}