{"id":355227,"date":"2022-08-12T13:31:06","date_gmt":"2022-08-12T11:31:06","guid":{"rendered":"https:\/\/mnxsportswear.com\/product\/mnx-ribbed-pants-hammer-white\/"},"modified":"2026-03-21T08:52:22","modified_gmt":"2026-03-21T07:52:22","slug":"mnx-moske-ribbed-dolge-hlace-hammer-white","status":"publish","type":"product","link":"https:\/\/mnxsportswear.com\/sl\/product\/mnx-moske-ribbed-dolge-hlace-hammer-white\/","title":{"rendered":"MNX Mo\u0161ke Ribbed dolge hla\u010de Hammer, white"},"content":{"rendered":"<p>MNX rebraste hla\u010de Hammer.<\/p>\n<ul>\n<li>iz rebraste bomba\u017ene tkanine,<\/li>\n<li>stranski \u017eepi,<\/li>\n<li>elasti\u010den pas z nastavljivo notranjo vrvico,<\/li>\n<li>masiven &#8220;3D&#8221; gumijast logotip,<\/li>\n<li>posebne in edinstvene podrobnosti.<\/li>\n<\/ul>\n<p><strong>Material<\/strong>: 65% bomba\u017e, 35% poliester<br \/>\n<strong>Barva<\/strong>: kot na sliki<br \/>\n<strong>Velikosti<\/strong>:\u00a0S, M, L, XL, 2XL, 3XL<\/p>\n","protected":false},"excerpt":{"rendered":"<p><span class=\"HwtZe\" lang=\"sl\"><span class=\"jCAhz ChMk0b\"><span class=\"ryNqvb\">Udobne hla\u010de HAMMER iz rebrastega bomba\u017enega blaga za popolno opravo za \u0161port ali prosti \u010das.<\/span><\/span> <span class=\"jCAhz ChMk0b\"><span class=\"ryNqvb\">S stranskimi \u017eepi in elasti\u010dnim pasom z nastavljivo notranjo vrvico.<\/span><\/span> <span class=\"jCAhz ChMk0b\"><span class=\"ryNqvb\">Masivni gumijasti logotip in posebni izvezeni na\u0161itki MNX.<\/span><\/span> <span class=\"jCAhz ChMk0b\"><span class=\"ryNqvb\">Na voljo v ve\u010d barvah.<\/span><\/span><br \/>\n<\/span><\/p>\n","protected":false},"featured_media":352999,"comment_status":"open","ping_status":"closed","template":"","meta":[],"product_brand":[],"product_cat":[3272,3277,3274,3260,3587],"product_tag":[],"class_list":{"0":"post-355227","1":"product","2":"type-product","3":"status-publish","4":"has-post-thumbnail","6":"product_cat-dolge-hlace","7":"product_cat-hammer-sl","8":"product_cat-loose-fit-hlace","9":"product_cat-mosko","10":"product_cat-obnovite-zaloge","11":"yith_product_brand-hammer-sl","12":"yith_product_brand-mnx-sl","14":"first","15":"instock","16":"taxable","17":"shipping-taxable","18":"purchasable","19":"product-type-variable"},"exclude_global_add_ons":[],"addons":[],"_links":{"self":[{"href":"https:\/\/mnxsportswear.com\/sl\/wp-json\/wp\/v2\/product\/355227","targetHints":{"allow":["GET"]}}],"collection":[{"href":"https:\/\/mnxsportswear.com\/sl\/wp-json\/wp\/v2\/product"}],"about":[{"href":"https:\/\/mnxsportswear.com\/sl\/wp-json\/wp\/v2\/types\/product"}],"replies":[{"embeddable":true,"href":"https:\/\/mnxsportswear.com\/sl\/wp-json\/wp\/v2\/comments?post=355227"}],"version-history":[{"count":1,"href":"https:\/\/mnxsportswear.com\/sl\/wp-json\/wp\/v2\/product\/355227\/revisions"}],"predecessor-version":[{"id":406824,"href":"https:\/\/mnxsportswear.com\/sl\/wp-json\/wp\/v2\/product\/355227\/revisions\/406824"}],"wp:featuredmedia":[{"embeddable":true,"href":"https:\/\/mnxsportswear.com\/sl\/wp-json\/wp\/v2\/media\/352999"}],"wp:attachment":[{"href":"https:\/\/mnxsportswear.com\/sl\/wp-json\/wp\/v2\/media?parent=355227"}],"wp:term":[{"taxonomy":"product_brand","embeddable":true,"href":"https:\/\/mnxsportswear.com\/sl\/wp-json\/wp\/v2\/product_brand?post=355227"},{"taxonomy":"product_cat","embeddable":true,"href":"https:\/\/mnxsportswear.com\/sl\/wp-json\/wp\/v2\/product_cat?post=355227"},{"taxonomy":"product_tag","embeddable":true,"href":"https:\/\/mnxsportswear.com\/sl\/wp-json\/wp\/v2\/product_tag?post=355227"}],"curies":[{"name":"wp","href":"https:\/\/api.w.org\/{rel}","templated":true}]}}