{"id":356799,"date":"2023-09-20T08:36:10","date_gmt":"2023-09-20T06:36:10","guid":{"rendered":"https:\/\/mnxsportswear.com\/?post_type=product&#038;p=356799"},"modified":"2026-03-02T03:08:51","modified_gmt":"2026-03-02T02:08:51","slug":"mnx-sportna-jakna-temno-rdeca","status":"publish","type":"product","link":"https:\/\/mnxsportswear.com\/sl\/product\/mnx-sportna-jakna-temno-rdeca\/","title":{"rendered":"MNX mo\u0161ka \u0161portna jakna, temno rde\u010da"},"content":{"rendered":"<p>MNX Trenirka:<\/p>\n<ul>\n<li>kot nala\u0161\u010d za trening ali prosti \u010das,<\/li>\n<li>\u017eepi z zadrgo,<\/li>\n<li>\u010drte na rokavih,<\/li>\n<li>elasti\u010dni robovi.<\/li>\n<\/ul>\n<p>Material: 85% poliester, 15% elastan (5% kr\u010denje)<br \/>\nBarva: kot na sliki<br \/>\nTe\u017ea: pribl. 650 gramov<br \/>\nVelikosti: S\/M, L\/XL, XXL\/3XL<br \/>\nStil: ozek kroj<\/p>\n","protected":false},"excerpt":{"rendered":"<p>Brez\u010dasna \u0161portna in trendovska trenirka MNX. Ta jakna ima \u0161portni kroj, \u010drte na rokavih, \u017eepe z zadrgo za shranjevanje osnovnih stvari in majhe MNX gumijaste logotipe. Kombinirajte to jakno s \u0161portnimi hla\u010dami MNX za popoln outfit.<\/p>\n","protected":false},"featured_media":356557,"comment_status":"open","ping_status":"closed","template":"","meta":[],"product_brand":[],"product_cat":[3269,3260,3587],"product_tag":[],"class_list":{"0":"post-356799","1":"product","2":"type-product","3":"status-publish","4":"has-post-thumbnail","6":"product_cat-jope-in-dolge-majice","7":"product_cat-mosko","8":"product_cat-obnovite-zaloge","10":"first","11":"instock","12":"taxable","13":"shipping-taxable","14":"purchasable","15":"product-type-variable"},"exclude_global_add_ons":[],"addons":[],"_links":{"self":[{"href":"https:\/\/mnxsportswear.com\/sl\/wp-json\/wp\/v2\/product\/356799","targetHints":{"allow":["GET"]}}],"collection":[{"href":"https:\/\/mnxsportswear.com\/sl\/wp-json\/wp\/v2\/product"}],"about":[{"href":"https:\/\/mnxsportswear.com\/sl\/wp-json\/wp\/v2\/types\/product"}],"replies":[{"embeddable":true,"href":"https:\/\/mnxsportswear.com\/sl\/wp-json\/wp\/v2\/comments?post=356799"}],"version-history":[{"count":2,"href":"https:\/\/mnxsportswear.com\/sl\/wp-json\/wp\/v2\/product\/356799\/revisions"}],"predecessor-version":[{"id":406853,"href":"https:\/\/mnxsportswear.com\/sl\/wp-json\/wp\/v2\/product\/356799\/revisions\/406853"}],"wp:featuredmedia":[{"embeddable":true,"href":"https:\/\/mnxsportswear.com\/sl\/wp-json\/wp\/v2\/media\/356557"}],"wp:attachment":[{"href":"https:\/\/mnxsportswear.com\/sl\/wp-json\/wp\/v2\/media?parent=356799"}],"wp:term":[{"taxonomy":"product_brand","embeddable":true,"href":"https:\/\/mnxsportswear.com\/sl\/wp-json\/wp\/v2\/product_brand?post=356799"},{"taxonomy":"product_cat","embeddable":true,"href":"https:\/\/mnxsportswear.com\/sl\/wp-json\/wp\/v2\/product_cat?post=356799"},{"taxonomy":"product_tag","embeddable":true,"href":"https:\/\/mnxsportswear.com\/sl\/wp-json\/wp\/v2\/product_tag?post=356799"}],"curies":[{"name":"wp","href":"https:\/\/api.w.org\/{rel}","templated":true}]}}