{"id":356862,"date":"2023-09-20T08:36:07","date_gmt":"2023-09-20T06:36:07","guid":{"rendered":"https:\/\/mnxsportswear.com\/?post_type=product&#038;p=356862"},"modified":"2026-03-03T11:34:41","modified_gmt":"2026-03-03T10:34:41","slug":"mnx-moske-sportne-hlace-crna","status":"publish","type":"product","link":"https:\/\/mnxsportswear.com\/sl\/product\/mnx-moske-sportne-hlace-crna\/","title":{"rendered":"MNX mo\u0161ke \u0161portne hla\u010de, \u010drna"},"content":{"rendered":"<p>Mo\u0161ke \u0161portne hla\u010de MNX:<\/p>\n<ul>\n<li>udoben material,<\/li>\n<li>obi\u010dajna velikost,<\/li>\n<li>elasti\u010dne man\u0161ete na gle\u017enjih,<\/li>\n<li>\u017eepi z zadrgo,<\/li>\n<li>\u010drtasti stranski \u0161iv,<\/li>\n<li>nastavljiva vrvica v pasu.<\/li>\n<\/ul>\n<p>Material: 85 % poliester, 15 % elastan (5 % kr\u010denje)<br \/>\nBarva: kot na sliki<br \/>\nVelikosti:\u00a0S, M, L, XL, XXL, 3XL<br \/>\nStil: klasi\u010den<br \/>\nMasa: pribli\u017eno 600 gramov<\/p>\n","protected":false},"excerpt":{"rendered":"<p>Te mo\u0161ke \u0161portne hla\u010de zagotavljajo velik stil in udobje. S \u0161portnim krojem, stranskimi \u0161portnimi \u010drtami in elasti\u010dnimi man\u0161etami na gle\u017enjih. Z nastavljivo vrvico v pasu za prilagojeno prileganje in \u017eepi z zadrgo.<\/p>\n","protected":false},"featured_media":356577,"comment_status":"open","ping_status":"closed","template":"","meta":[],"product_brand":[],"product_cat":[3272,3273,3260,3587],"product_tag":[],"class_list":{"0":"post-356862","1":"product","2":"type-product","3":"status-publish","4":"has-post-thumbnail","6":"product_cat-dolge-hlace","7":"product_cat-jogging-hlace","8":"product_cat-mosko","9":"product_cat-obnovite-zaloge","11":"first","12":"instock","13":"taxable","14":"shipping-taxable","15":"purchasable","16":"product-type-variable"},"exclude_global_add_ons":[],"addons":[],"_links":{"self":[{"href":"https:\/\/mnxsportswear.com\/sl\/wp-json\/wp\/v2\/product\/356862","targetHints":{"allow":["GET"]}}],"collection":[{"href":"https:\/\/mnxsportswear.com\/sl\/wp-json\/wp\/v2\/product"}],"about":[{"href":"https:\/\/mnxsportswear.com\/sl\/wp-json\/wp\/v2\/types\/product"}],"replies":[{"embeddable":true,"href":"https:\/\/mnxsportswear.com\/sl\/wp-json\/wp\/v2\/comments?post=356862"}],"version-history":[{"count":1,"href":"https:\/\/mnxsportswear.com\/sl\/wp-json\/wp\/v2\/product\/356862\/revisions"}],"predecessor-version":[{"id":406855,"href":"https:\/\/mnxsportswear.com\/sl\/wp-json\/wp\/v2\/product\/356862\/revisions\/406855"}],"wp:featuredmedia":[{"embeddable":true,"href":"https:\/\/mnxsportswear.com\/sl\/wp-json\/wp\/v2\/media\/356577"}],"wp:attachment":[{"href":"https:\/\/mnxsportswear.com\/sl\/wp-json\/wp\/v2\/media?parent=356862"}],"wp:term":[{"taxonomy":"product_brand","embeddable":true,"href":"https:\/\/mnxsportswear.com\/sl\/wp-json\/wp\/v2\/product_brand?post=356862"},{"taxonomy":"product_cat","embeddable":true,"href":"https:\/\/mnxsportswear.com\/sl\/wp-json\/wp\/v2\/product_cat?post=356862"},{"taxonomy":"product_tag","embeddable":true,"href":"https:\/\/mnxsportswear.com\/sl\/wp-json\/wp\/v2\/product_tag?post=356862"}],"curies":[{"name":"wp","href":"https:\/\/api.w.org\/{rel}","templated":true}]}}