{"id":356941,"date":"2023-09-20T08:36:04","date_gmt":"2023-09-20T06:36:04","guid":{"rendered":"https:\/\/mnxsportswear.com\/?post_type=product&#038;p=356941"},"modified":"2026-03-01T18:43:50","modified_gmt":"2026-03-01T17:43:50","slug":"mnx-moska-sportna-jakna-siva","status":"publish","type":"product","link":"https:\/\/mnxsportswear.com\/sl\/product\/mnx-moska-sportna-jakna-siva\/","title":{"rendered":"MNX mo\u0161ka \u0161portna jakna, siva"},"content":{"rendered":"<p>MNX Trenirka:<\/p>\n<ul>\n<li>kot nala\u0161\u010d za trening ali prosti \u010das,<\/li>\n<li>\u017eepi z zadrgo,<\/li>\n<li>\u010drte na rokavih,<\/li>\n<li>elasti\u010dni robovi.<\/li>\n<\/ul>\n<p>Material: 85% poliester, 15% elastan (5% kr\u010denje)<br \/>\nBarva: kot na sliki<br \/>\nTe\u017ea: pribl. 650 gramov<br \/>\nVelikosti: S\/M, L\/XL, XXL\/3XL<br \/>\nStil: ozek kroj<\/p>\n","protected":false},"excerpt":{"rendered":"<p>Brez\u010dasna \u0161portna in trendovska trenirka MNX. Ta jakna ima \u0161portni kroj, \u010drte na rokavih, \u017eepe z zadrgo za shranjevanje osnovnih stvari in majhe MNX gumijaste logotipe. Kombinirajte to jakno s \u0161portnimi hla\u010dami MNX za popoln outfit.<\/p>\n","protected":false},"featured_media":356542,"comment_status":"open","ping_status":"closed","template":"","meta":[],"product_brand":[],"product_cat":[3269,3260,3587],"product_tag":[],"class_list":{"0":"post-356941","1":"product","2":"type-product","3":"status-publish","4":"has-post-thumbnail","6":"product_cat-jope-in-dolge-majice","7":"product_cat-mosko","8":"product_cat-obnovite-zaloge","10":"first","11":"instock","12":"taxable","13":"shipping-taxable","14":"purchasable","15":"product-type-variable"},"exclude_global_add_ons":[],"addons":[],"_links":{"self":[{"href":"https:\/\/mnxsportswear.com\/sl\/wp-json\/wp\/v2\/product\/356941","targetHints":{"allow":["GET"]}}],"collection":[{"href":"https:\/\/mnxsportswear.com\/sl\/wp-json\/wp\/v2\/product"}],"about":[{"href":"https:\/\/mnxsportswear.com\/sl\/wp-json\/wp\/v2\/types\/product"}],"replies":[{"embeddable":true,"href":"https:\/\/mnxsportswear.com\/sl\/wp-json\/wp\/v2\/comments?post=356941"}],"version-history":[{"count":1,"href":"https:\/\/mnxsportswear.com\/sl\/wp-json\/wp\/v2\/product\/356941\/revisions"}],"predecessor-version":[{"id":406850,"href":"https:\/\/mnxsportswear.com\/sl\/wp-json\/wp\/v2\/product\/356941\/revisions\/406850"}],"wp:featuredmedia":[{"embeddable":true,"href":"https:\/\/mnxsportswear.com\/sl\/wp-json\/wp\/v2\/media\/356542"}],"wp:attachment":[{"href":"https:\/\/mnxsportswear.com\/sl\/wp-json\/wp\/v2\/media?parent=356941"}],"wp:term":[{"taxonomy":"product_brand","embeddable":true,"href":"https:\/\/mnxsportswear.com\/sl\/wp-json\/wp\/v2\/product_brand?post=356941"},{"taxonomy":"product_cat","embeddable":true,"href":"https:\/\/mnxsportswear.com\/sl\/wp-json\/wp\/v2\/product_cat?post=356941"},{"taxonomy":"product_tag","embeddable":true,"href":"https:\/\/mnxsportswear.com\/sl\/wp-json\/wp\/v2\/product_tag?post=356941"}],"curies":[{"name":"wp","href":"https:\/\/api.w.org\/{rel}","templated":true}]}}