{"id":357645,"date":"2024-02-09T12:52:06","date_gmt":"2024-02-09T11:52:06","guid":{"rendered":"https:\/\/mnxsportswear.com\/?post_type=product&#038;p=357645"},"modified":"2026-03-01T18:08:32","modified_gmt":"2026-03-01T17:08:32","slug":"personaliziraj-si-svoj-mnx-bombazni-dres","status":"publish","type":"product","link":"https:\/\/mnxsportswear.com\/sl\/product\/personaliziraj-si-svoj-mnx-bombazni-dres\/","title":{"rendered":"Personaliziraj si svoj MNX bomba\u017eni dres"},"content":{"rendered":"<p>Personaliziraj si svoj \u0161portni dres. Ta jersey je izdelan iz zra\u010dnga bomba\u017ea.<\/p>\n<p><strong>Material:<\/strong> 100% bomba\u017e (5% kr\u010denje)<br \/>\n<strong>Barva:<\/strong> kot na sliki<br \/>\n<strong>Stil:<\/strong> oversized<br \/>\n<strong>Velikosti:<\/strong> XS, S, M, L, XL, XXL, 3XL, 4XL, 5XL, 6XL<\/p>\n<p><strong>Pisave:<\/strong> izbira\u0161 lahko med 6 pisavami.<\/p>\n<p><strong>Velikost \u0161tevilke:<\/strong> pribl. 30 x 20 cm (\u0161irina x vi\u0161ina)<\/p>\n<p><strong>\u0160irina imena:<\/strong> max. 33 cm<\/p>\n<p><strong>Navodila za nego:<\/strong><br \/>\nPranje na 30\u00b0C, obi\u010dajno pranje, brez beljenja, brez su\u0161enja v su\u0161ilnem stroju, likanje pri nizki temperaturi, brez kemi\u010dnega \u010di\u0161\u010denja, previdno pri likanju s paro.<\/p>\n","protected":false},"excerpt":{"rendered":"<p>Personaliziraj si ta bomba\u017eni dres v stilu ameri\u0161kega nogometa v le nekaj korakih! Ustvari svoj unikatni dres tako, da izbere\u0161 \u0161tevilko, ime, barvo tiska, barvo dresa in slog pisave. Tvoja \u0161tevilka bo natisnjena spredaj, ime pa na hrbtni strani. \u010ce izbere\u0161 dodatno ime (ime 2), ga natisnemo v drugo vrstico na hrbtu.<\/p>\n<p><em><strong>Opomba:<\/strong> Priporo\u010damo ti, da vnese\u0161 kratke besede. Dalj\u0161e besede kot jih napi\u0161e\u0161, manj\u0161e bodo postale \u010drke, da bodo ustrezale \u0161irini majice.<\/em><\/p>\n<p>Velikost \u0161tevilke: pribl. 30 x 20 cm (\u0161irina x vi\u0161ina)<br \/>\n\u0160irina imena: max. 33 cm<\/p>\n","protected":false},"featured_media":365890,"comment_status":"open","ping_status":"closed","template":"","meta":[],"product_brand":[],"product_cat":[3299,3260],"product_tag":[],"class_list":{"0":"post-357645","1":"product","2":"type-product","3":"status-publish","4":"has-post-thumbnail","6":"product_cat-diy","7":"product_cat-mosko","8":"yith_product_brand-mnx-sl","10":"first","11":"instock","12":"taxable","13":"shipping-taxable","14":"purchasable","15":"product-type-variable"},"exclude_global_add_ons":true,"addons":[{"name":"\u0160TEVILKA (spredaj)","type":"custom_text","position":0,"required":false,"title_format":"label","default":"","description_enable":false,"description":"","placeholder_enable":false,"placeholder":"","display":"select","restrictions_type":"only_numbers","adjust_price":false,"price":"","price_type":"flat_fee","restrictions":true,"min":"0","max":"2","options":[],"id":1694773129},{"name":"IME (na hrbtu)","type":"custom_text","position":1,"required":false,"title_format":"label","default":"","description_enable":false,"description":"","placeholder_enable":false,"placeholder":"","display":"select","restrictions_type":"only_letters_numbers","adjust_price":false,"price":"","price_type":"flat_fee","restrictions":true,"min":"0","max":"12","options":[],"id":1694773130},{"name":"IME 2 (izbirno) (na hrbtu v 2. vrstici)","type":"custom_text","position":2,"required":false,"title_format":"label","default":"","description_enable":false,"description":"","placeholder_enable":false,"placeholder":"","display":"select","restrictions_type":"only_letters_numbers","adjust_price":true,"price":"2","price_type":"flat_fee","restrictions":true,"min":"0","max":"12","options":[],"id":1694773131}],"_links":{"self":[{"href":"https:\/\/mnxsportswear.com\/sl\/wp-json\/wp\/v2\/product\/357645","targetHints":{"allow":["GET"]}}],"collection":[{"href":"https:\/\/mnxsportswear.com\/sl\/wp-json\/wp\/v2\/product"}],"about":[{"href":"https:\/\/mnxsportswear.com\/sl\/wp-json\/wp\/v2\/types\/product"}],"replies":[{"embeddable":true,"href":"https:\/\/mnxsportswear.com\/sl\/wp-json\/wp\/v2\/comments?post=357645"}],"version-history":[{"count":0,"href":"https:\/\/mnxsportswear.com\/sl\/wp-json\/wp\/v2\/product\/357645\/revisions"}],"wp:featuredmedia":[{"embeddable":true,"href":"https:\/\/mnxsportswear.com\/sl\/wp-json\/wp\/v2\/media\/365890"}],"wp:attachment":[{"href":"https:\/\/mnxsportswear.com\/sl\/wp-json\/wp\/v2\/media?parent=357645"}],"wp:term":[{"taxonomy":"product_brand","embeddable":true,"href":"https:\/\/mnxsportswear.com\/sl\/wp-json\/wp\/v2\/product_brand?post=357645"},{"taxonomy":"product_cat","embeddable":true,"href":"https:\/\/mnxsportswear.com\/sl\/wp-json\/wp\/v2\/product_cat?post=357645"},{"taxonomy":"product_tag","embeddable":true,"href":"https:\/\/mnxsportswear.com\/sl\/wp-json\/wp\/v2\/product_tag?post=357645"}],"curies":[{"name":"wp","href":"https:\/\/api.w.org\/{rel}","templated":true}]}}