{"id":357676,"date":"2024-02-09T12:52:03","date_gmt":"2024-02-09T11:52:03","guid":{"rendered":"https:\/\/mnxsportswear.com\/?post_type=product&#038;p=357676"},"modified":"2026-03-02T21:30:10","modified_gmt":"2026-03-02T20:30:10","slug":"personaliziraj-si-svojo-mnx-klasicno-majico","status":"publish","type":"product","link":"https:\/\/mnxsportswear.com\/sl\/product\/personaliziraj-si-svojo-mnx-klasicno-majico\/","title":{"rendered":"Personaliziraj si svojo MNX klasi\u010dno majico"},"content":{"rendered":"<p>Personalizitaj si svojo MNX majico.<\/p>\n<p><strong>Material:<\/strong> 100% bomba\u017e (5% kr\u010denje)<br \/>\n<strong>Barva:<\/strong> kot na sliki<br \/>\n<strong>Stil:<\/strong> oversized<br \/>\n<strong>Te\u017ea:<\/strong> pribli\u017eno 240 gramov<br \/>\n<strong>Velikosti:<\/strong> S, M, L, XL, 2XL, 3XL, 4XL<\/p>\n<p><strong>Pisave:<\/strong> izbira\u0161 lahko med 6 pisavami.<\/p>\n<p><strong>Velikost \u0161tevilke:<\/strong> pribl. 30 x 20 cm (\u0161irina x vi\u0161ina)<\/p>\n<p><strong>\u0160irina imena:<\/strong> max. 30 cm<\/p>\n<p><strong>Navodila za nego:<\/strong><br \/>\nPranje na 30\u00b0C, obi\u010dajno pranje, brez beljenja, brez su\u0161enja v su\u0161ilnem stroju, likanje pri nizki temperaturi, brez kemi\u010dnega \u010di\u0161\u010denja, previdno pri likanju s paro.<\/p>\n","protected":false},"excerpt":{"rendered":"<p>Personaliziraj si MNX klasi\u010dno majico v le nekaj korakih! Ustvari svoj unikatno majico tako, da izbere\u0161 \u0161tevilko, ime, barvo tiska, barvo majice in slog pisave. Tvoja \u0161tevilka bo natisnjena spredaj, ime pa na hrbtni strani. \u010ce izbere\u0161 dodatno ime (ime 2), ga natisnemo v drugo vrstico na hrbtu.<\/p>\n<p><em><strong>Opomba:<\/strong> Priporo\u010damo ti, da vnese\u0161 kratke besede. Dalj\u0161e besede kot jih napi\u0161e\u0161, manj\u0161e bodo postale \u010drke, da bodo ustrezale \u0161irini majice.<\/em><\/p>\n<p>Velikost \u0161tevilke: pribl. 30 x 20 cm (\u0161irina x vi\u0161ina)<br \/>\n\u0160irina imena: max. 30 cm<\/p>\n","protected":false},"featured_media":365880,"comment_status":"open","ping_status":"closed","template":"","meta":[],"product_brand":[],"product_cat":[3299,3260],"product_tag":[3574,3675,3577,3576],"class_list":{"0":"post-357676","1":"product","2":"type-product","3":"status-publish","4":"has-post-thumbnail","6":"product_cat-diy","7":"product_cat-mosko","8":"product_tag-bombaz","9":"product_tag-diy-sl","10":"product_tag-majica","11":"product_tag-prilagojeno","12":"yith_product_brand-m4e-sl","13":"yith_product_brand-mnx-sl","15":"first","16":"instock","17":"taxable","18":"shipping-taxable","19":"purchasable","20":"product-type-variable"},"exclude_global_add_ons":true,"addons":[{"name":"\u0160TEVILKA (spredaj)","type":"custom_text","position":0,"required":false,"title_format":"label","default":"","description_enable":false,"description":"","placeholder_enable":false,"placeholder":"","display":"select","restrictions_type":"only_numbers","adjust_price":false,"price":"","price_type":"flat_fee","restrictions":true,"min":"0","max":"2","options":[],"id":1694773631},{"name":"IME (na hrbtu)","type":"custom_text","position":1,"required":false,"title_format":"label","default":"","description_enable":false,"description":"","placeholder_enable":false,"placeholder":"","display":"select","restrictions_type":"only_letters_numbers","adjust_price":false,"price":"","price_type":"flat_fee","restrictions":true,"min":"0","max":"12","options":[],"id":1694773632},{"name":"IME 2 (izbirno) (na hrbtu v 2. vrstici)","type":"custom_text","position":2,"required":false,"title_format":"label","default":"","description_enable":false,"description":"","placeholder_enable":false,"placeholder":"","display":"select","restrictions_type":"only_letters_numbers","adjust_price":true,"price":"2","price_type":"flat_fee","restrictions":true,"min":"0","max":"12","options":[],"id":1694773633}],"_links":{"self":[{"href":"https:\/\/mnxsportswear.com\/sl\/wp-json\/wp\/v2\/product\/357676","targetHints":{"allow":["GET"]}}],"collection":[{"href":"https:\/\/mnxsportswear.com\/sl\/wp-json\/wp\/v2\/product"}],"about":[{"href":"https:\/\/mnxsportswear.com\/sl\/wp-json\/wp\/v2\/types\/product"}],"replies":[{"embeddable":true,"href":"https:\/\/mnxsportswear.com\/sl\/wp-json\/wp\/v2\/comments?post=357676"}],"version-history":[{"count":0,"href":"https:\/\/mnxsportswear.com\/sl\/wp-json\/wp\/v2\/product\/357676\/revisions"}],"wp:featuredmedia":[{"embeddable":true,"href":"https:\/\/mnxsportswear.com\/sl\/wp-json\/wp\/v2\/media\/365880"}],"wp:attachment":[{"href":"https:\/\/mnxsportswear.com\/sl\/wp-json\/wp\/v2\/media?parent=357676"}],"wp:term":[{"taxonomy":"product_brand","embeddable":true,"href":"https:\/\/mnxsportswear.com\/sl\/wp-json\/wp\/v2\/product_brand?post=357676"},{"taxonomy":"product_cat","embeddable":true,"href":"https:\/\/mnxsportswear.com\/sl\/wp-json\/wp\/v2\/product_cat?post=357676"},{"taxonomy":"product_tag","embeddable":true,"href":"https:\/\/mnxsportswear.com\/sl\/wp-json\/wp\/v2\/product_tag?post=357676"}],"curies":[{"name":"wp","href":"https:\/\/api.w.org\/{rel}","templated":true}]}}