{"id":357755,"date":"2024-02-09T12:51:55","date_gmt":"2024-02-09T11:51:55","guid":{"rendered":"https:\/\/mnxsportswear.com\/?post_type=product&#038;p=357755"},"modified":"2026-03-02T08:01:21","modified_gmt":"2026-03-02T07:01:21","slug":"personaliziraj-mnx-cropped-dres-za-zenske","status":"publish","type":"product","link":"https:\/\/mnxsportswear.com\/sl\/product\/personaliziraj-mnx-cropped-dres-za-zenske\/","title":{"rendered":"Personaliziraj MNX cropped dres za \u017eenske"},"content":{"rendered":"<p>Personaliziraj \u0161portni \u017eenski dres. Ta jersey je izdelan iz zra\u010dne mikro mre\u017easte tkanine.<\/p>\n<p><strong>Material:<\/strong> 100% poliester (5% kr\u010denje)<br \/>\n<strong>Barva:<\/strong> kot na sliki<br \/>\n<strong>Stil:<\/strong> oversized<br \/>\n<strong>Velikosti:<\/strong> S\/M, L\/XL<\/p>\n<p><strong>Pisave:<\/strong> izbira\u0161 lahko med 6 pisavami.<\/p>\n<p><strong>Velikost \u0161tevilke:<\/strong> pribl. 15 x 12 cm (\u0161irina x vi\u0161ina)<\/p>\n<p><strong>\u0160irina imena:<\/strong> max. 25 cm<\/p>\n<p><strong>Navodila za nego:<\/strong><br \/>\nPranje na 30\u00b0C, obi\u010dajno pranje, brez beljenja, brez su\u0161enja v su\u0161ilnem stroju, likanje pri nizki temperaturi, brez kemi\u010dnega \u010di\u0161\u010denja, previdno pri likanju s paro.<\/p>\n","protected":false},"excerpt":{"rendered":"<p>Personaliziraj cropped dres za \u017eenske v stilu ameri\u0161kega nogometa v le nekaj korakih! Ustvari svoj unikatni dres tako, da izbere\u0161 \u0161tevilko, ime, barvo tiska, barvo dresa in slog pisave. Tvoja \u0161tevilka bo natisnjena spredaj, ime pa na hrbtni strani. \u010ce izbere\u0161 dodatno ime (ime 2), ga natisnemo v drugo vrstico na hrbtu.<\/p>\n<p><em><strong>Opomba:<\/strong> Priporo\u010damo ti, da vnese\u0161 kratke besede. Dalj\u0161e besede kot jih napi\u0161e\u0161, manj\u0161e bodo postale \u010drke, da bodo ustrezale \u0161irini majice.<\/em><\/p>\n<p>Velikost \u0161tevilke: pribl. 15 x 12 cm (\u0161irina x vi\u0161ina)<br \/>\n\u0160irina imena: max. 25 cm<\/p>\n","protected":false},"featured_media":365870,"comment_status":"open","ping_status":"closed","template":"","meta":[],"product_brand":[],"product_cat":[3299,3286],"product_tag":[],"class_list":{"0":"post-357755","1":"product","2":"type-product","3":"status-publish","4":"has-post-thumbnail","6":"product_cat-diy","7":"product_cat-zensko","8":"yith_product_brand-mnx-sl","10":"first","11":"instock","12":"taxable","13":"shipping-taxable","14":"purchasable","15":"product-type-variable"},"exclude_global_add_ons":false,"addons":[{"name":"\u0160TEVILKA (spredaj)","type":"custom_text","position":0,"required":false,"title_format":"label","default":"","description_enable":false,"description":"","placeholder_enable":false,"placeholder":"","display":"select","restrictions_type":"only_numbers","adjust_price":false,"price":"","price_type":"flat_fee","restrictions":true,"min":"0","max":"2","options":[],"id":1694774954},{"name":"IME (na hrbtu)","type":"custom_text","position":1,"required":false,"title_format":"label","default":"","description_enable":false,"description":"","placeholder_enable":false,"placeholder":"","display":"select","restrictions_type":"only_letters_numbers","adjust_price":false,"price":"","price_type":"flat_fee","restrictions":true,"min":"0","max":"12","options":[],"id":1694774955},{"name":"IME 2 (izbirno) (na hrbtu v 2. vrstici)","type":"custom_text","position":2,"required":false,"title_format":"label","default":"","description_enable":false,"description":"","placeholder_enable":false,"placeholder":"","display":"select","restrictions_type":"only_letters_numbers","adjust_price":true,"price":"2","price_type":"flat_fee","restrictions":true,"min":"0","max":"12","options":[],"id":1694774956}],"_links":{"self":[{"href":"https:\/\/mnxsportswear.com\/sl\/wp-json\/wp\/v2\/product\/357755","targetHints":{"allow":["GET"]}}],"collection":[{"href":"https:\/\/mnxsportswear.com\/sl\/wp-json\/wp\/v2\/product"}],"about":[{"href":"https:\/\/mnxsportswear.com\/sl\/wp-json\/wp\/v2\/types\/product"}],"replies":[{"embeddable":true,"href":"https:\/\/mnxsportswear.com\/sl\/wp-json\/wp\/v2\/comments?post=357755"}],"version-history":[{"count":0,"href":"https:\/\/mnxsportswear.com\/sl\/wp-json\/wp\/v2\/product\/357755\/revisions"}],"wp:featuredmedia":[{"embeddable":true,"href":"https:\/\/mnxsportswear.com\/sl\/wp-json\/wp\/v2\/media\/365870"}],"wp:attachment":[{"href":"https:\/\/mnxsportswear.com\/sl\/wp-json\/wp\/v2\/media?parent=357755"}],"wp:term":[{"taxonomy":"product_brand","embeddable":true,"href":"https:\/\/mnxsportswear.com\/sl\/wp-json\/wp\/v2\/product_brand?post=357755"},{"taxonomy":"product_cat","embeddable":true,"href":"https:\/\/mnxsportswear.com\/sl\/wp-json\/wp\/v2\/product_cat?post=357755"},{"taxonomy":"product_tag","embeddable":true,"href":"https:\/\/mnxsportswear.com\/sl\/wp-json\/wp\/v2\/product_tag?post=357755"}],"curies":[{"name":"wp","href":"https:\/\/api.w.org\/{rel}","templated":true}]}}