{"id":358194,"date":"2023-07-03T08:23:22","date_gmt":"2023-07-03T06:23:22","guid":{"rendered":"https:\/\/mnxsportswear.com\/?post_type=product&#038;p=358194"},"modified":"2026-03-02T04:45:27","modified_gmt":"2026-03-02T03:45:27","slug":"mnx-hoodie-industrial-mornarsko-modra","status":"publish","type":"product","link":"https:\/\/mnxsportswear.com\/sl\/product\/mnx-hoodie-industrial-mornarsko-modra\/","title":{"rendered":"MNX Hoodie Industrial, mornarsko modra"},"content":{"rendered":"<p>MNX Industrial hoodie.<\/p>\n<ul>\n<li>mehka bomba\u017ena tkanina,<\/li>\n<li>sprani videz,<\/li>\n<li>kot nala\u0161\u010d za trening ali prosti \u010das,<\/li>\n<li>kapuca z vrvico za prileganje po meri,<\/li>\n<li>rebrasti elasti\u010dni robovi.<\/li>\n<\/ul>\n<p><strong>Material:<\/strong> 100% bomba\u017e (5% kr\u010denje)<br \/>\n<strong>Barva:<\/strong> kot na sliki<br \/>\n<strong>Te\u017ea:<\/strong> pribl. 450 gramov<br \/>\n<strong>Velikosti:<\/strong> XXS\/XS, XS\/S, S\/M, L\/XL, XXL\/3XL<br \/>\n<strong>Stil:<\/strong> ohlapno<\/p>\n","protected":false},"excerpt":{"rendered":"<p>Ko se \u0161portni stil zdru\u017ei z modnim, nastane ta hoodie s kapuco z efektom spranega videza, izdelan iz 100 % lahkega bomba\u017ea. Z udobnim, vsakodnevnim prileganjem bo hitro postal va\u0161a izbira za vsakodnevna opravila. Iz mehke in tople me\u0161anice bomba\u017ea s stranskimi \u017eepi, kapuco z vrvico za prilagajanje ter rebrastimi elasti\u010dnimi robovi.<\/p>\n","protected":false},"featured_media":353080,"comment_status":"open","ping_status":"closed","template":"","meta":[],"product_brand":[],"product_cat":[3276,3270,3269,3260],"product_tag":[],"class_list":{"0":"post-358194","1":"product","2":"type-product","3":"status-publish","4":"has-post-thumbnail","6":"product_cat-industrial-2-0-sl","7":"product_cat-jope","8":"product_cat-jope-in-dolge-majice","9":"product_cat-mosko","10":"yith_product_brand-industrial-2-0-sl","12":"first","13":"instock","14":"taxable","15":"shipping-taxable","16":"purchasable","17":"product-type-variable"},"exclude_global_add_ons":[],"addons":[],"_links":{"self":[{"href":"https:\/\/mnxsportswear.com\/sl\/wp-json\/wp\/v2\/product\/358194","targetHints":{"allow":["GET"]}}],"collection":[{"href":"https:\/\/mnxsportswear.com\/sl\/wp-json\/wp\/v2\/product"}],"about":[{"href":"https:\/\/mnxsportswear.com\/sl\/wp-json\/wp\/v2\/types\/product"}],"replies":[{"embeddable":true,"href":"https:\/\/mnxsportswear.com\/sl\/wp-json\/wp\/v2\/comments?post=358194"}],"version-history":[{"count":1,"href":"https:\/\/mnxsportswear.com\/sl\/wp-json\/wp\/v2\/product\/358194\/revisions"}],"predecessor-version":[{"id":406849,"href":"https:\/\/mnxsportswear.com\/sl\/wp-json\/wp\/v2\/product\/358194\/revisions\/406849"}],"wp:featuredmedia":[{"embeddable":true,"href":"https:\/\/mnxsportswear.com\/sl\/wp-json\/wp\/v2\/media\/353080"}],"wp:attachment":[{"href":"https:\/\/mnxsportswear.com\/sl\/wp-json\/wp\/v2\/media?parent=358194"}],"wp:term":[{"taxonomy":"product_brand","embeddable":true,"href":"https:\/\/mnxsportswear.com\/sl\/wp-json\/wp\/v2\/product_brand?post=358194"},{"taxonomy":"product_cat","embeddable":true,"href":"https:\/\/mnxsportswear.com\/sl\/wp-json\/wp\/v2\/product_cat?post=358194"},{"taxonomy":"product_tag","embeddable":true,"href":"https:\/\/mnxsportswear.com\/sl\/wp-json\/wp\/v2\/product_tag?post=358194"}],"curies":[{"name":"wp","href":"https:\/\/api.w.org\/{rel}","templated":true}]}}