{"id":358201,"date":"2023-07-03T08:16:56","date_gmt":"2023-07-03T06:16:56","guid":{"rendered":"https:\/\/mnxsportswear.com\/?post_type=product&#038;p=358201"},"modified":"2026-03-01T18:43:50","modified_gmt":"2026-03-01T17:43:50","slug":"mnx-bombazne-hlace-industrial-mornarsko-modra","status":"publish","type":"product","link":"https:\/\/mnxsportswear.com\/sl\/product\/mnx-bombazne-hlace-industrial-mornarsko-modra\/","title":{"rendered":"MNX bomba\u017ene hla\u010de Industrial, mornarsko modra"},"content":{"rendered":"<p>MNX bodybuildng hla\u010de.<\/p>\n<ul>\n<li>mehka bomba\u017ena tkanina,<\/li>\n<li>spran videz,<\/li>\n<li>kot nala\u0161\u010d za trening ali prosti \u010das,<\/li>\n<li>elasti\u010den pas z notranjo vrvico za prilagajanje.<\/li>\n<\/ul>\n<p><strong>Material:<\/strong> 100% bomba\u017e (5% kr\u010denje)<br \/>\n<strong>Barva:<\/strong> kot na sliki<br \/>\n<strong>Te\u017ea:<\/strong> pribl. 450 gramov<br \/>\n<strong>Velikosti:<\/strong> XXS\/XS, XS\/S, S\/M, L\/XL, XXL\/3XL<br \/>\n<strong>Stil:<\/strong> ohlapen<\/p>\n","protected":false},"excerpt":{"rendered":"<p>Ko \u0161portni slog se zdru\u017ei z modnim, nastanejo te hla\u010de za trening z efektom spranega videza. Hla\u010de so izdelane iz 100 % lahkega bomba\u017ea. Z edinstvenim vezenim logotipom MNX. Klasi\u010dni \u017eepi na obeh straneh in elasti\u010den pas z nastavljivo vrvico. Te hla\u010de nudijo maksimalno udobje zahvaljujo\u010d mehki tkanini.<\/p>\n","protected":false},"featured_media":353063,"comment_status":"open","ping_status":"closed","template":"","meta":[],"product_brand":[],"product_cat":[3272,3276,3274,3260,3587],"product_tag":[],"class_list":{"0":"post-358201","1":"product","2":"type-product","3":"status-publish","4":"has-post-thumbnail","6":"product_cat-dolge-hlace","7":"product_cat-industrial-2-0-sl","8":"product_cat-loose-fit-hlace","9":"product_cat-mosko","10":"product_cat-obnovite-zaloge","11":"yith_product_brand-industrial-2-0-sl","13":"first","14":"instock","15":"taxable","16":"shipping-taxable","17":"purchasable","18":"product-type-variable"},"exclude_global_add_ons":[],"addons":[],"_links":{"self":[{"href":"https:\/\/mnxsportswear.com\/sl\/wp-json\/wp\/v2\/product\/358201","targetHints":{"allow":["GET"]}}],"collection":[{"href":"https:\/\/mnxsportswear.com\/sl\/wp-json\/wp\/v2\/product"}],"about":[{"href":"https:\/\/mnxsportswear.com\/sl\/wp-json\/wp\/v2\/types\/product"}],"replies":[{"embeddable":true,"href":"https:\/\/mnxsportswear.com\/sl\/wp-json\/wp\/v2\/comments?post=358201"}],"version-history":[{"count":1,"href":"https:\/\/mnxsportswear.com\/sl\/wp-json\/wp\/v2\/product\/358201\/revisions"}],"predecessor-version":[{"id":406851,"href":"https:\/\/mnxsportswear.com\/sl\/wp-json\/wp\/v2\/product\/358201\/revisions\/406851"}],"wp:featuredmedia":[{"embeddable":true,"href":"https:\/\/mnxsportswear.com\/sl\/wp-json\/wp\/v2\/media\/353063"}],"wp:attachment":[{"href":"https:\/\/mnxsportswear.com\/sl\/wp-json\/wp\/v2\/media?parent=358201"}],"wp:term":[{"taxonomy":"product_brand","embeddable":true,"href":"https:\/\/mnxsportswear.com\/sl\/wp-json\/wp\/v2\/product_brand?post=358201"},{"taxonomy":"product_cat","embeddable":true,"href":"https:\/\/mnxsportswear.com\/sl\/wp-json\/wp\/v2\/product_cat?post=358201"},{"taxonomy":"product_tag","embeddable":true,"href":"https:\/\/mnxsportswear.com\/sl\/wp-json\/wp\/v2\/product_tag?post=358201"}],"curies":[{"name":"wp","href":"https:\/\/api.w.org\/{rel}","templated":true}]}}