{"id":363406,"date":"2023-12-29T11:11:47","date_gmt":"2023-12-29T10:11:47","guid":{"rendered":"https:\/\/mnxsportswear.com\/?post_type=product&#038;p=363406"},"modified":"2026-03-21T08:52:21","modified_gmt":"2026-03-21T07:52:21","slug":"mnx-moske-ribbed-kratke-hlace-hammer-green-lint","status":"publish","type":"product","link":"https:\/\/mnxsportswear.com\/sl\/product\/mnx-moske-ribbed-kratke-hlace-hammer-green-lint\/","title":{"rendered":"MNX Mo\u0161ke Ribbed kratke hla\u010de Hammer, green lint"},"content":{"rendered":"<p>MNX kratke hla\u010de Hammer.<\/p>\n<ul>\n<li>iz rebraste tkanine,<\/li>\n<li>stranski \u017eepi z zadrgo,<\/li>\n<li>elasti\u010den pas z nastavljivo notranjo vrvico,<\/li>\n<li>posebni popravki MNX.<\/li>\n<\/ul>\n<p><strong>Material<\/strong>: 65% bomba\u017e, 35% poliester<br \/>\n<strong>Barva<\/strong>: kot na sliki<br \/>\n<strong>Velikosti<\/strong>:\u00a0S, M, L, XL, XXL, 3XL<br \/>\n<strong>Stil<\/strong>: ohlapen kroj<\/p>\n","protected":false},"excerpt":{"rendered":"<p><span class=\"HwtZe\" lang=\"sl\"><span class=\"jCAhz ChMk0b\"><span class=\"ryNqvb\">Udobne kratke hla\u010de iz rebrastega blaga za popolno opravo za \u0161port ali prosti \u010das.<\/span><\/span> <span class=\"jCAhz ChMk0b\"><span class=\"ryNqvb\">S stranskimi \u017eepi na zadrgo, elasti\u010dnim pasom z nastavljivo notranjo vrvico in posebnimi na\u0161itki MNX.<\/span><\/span> <span class=\"jCAhz ChMk0b\"><span class=\"ryNqvb\">Na voljo v ve\u010d barvah.<\/span><\/span><\/span><\/p>\n","protected":false},"featured_media":363420,"comment_status":"open","ping_status":"closed","template":"","meta":[],"product_brand":[],"product_cat":[3277,3257,3260],"product_tag":[],"class_list":{"0":"post-363406","1":"product","2":"type-product","3":"status-publish","4":"has-post-thumbnail","6":"product_cat-hammer-sl","7":"product_cat-kratke-hlace","8":"product_cat-mosko","9":"yith_product_brand-hammer-sl","10":"yith_product_brand-mnx-sl","12":"first","13":"instock","14":"taxable","15":"shipping-taxable","16":"purchasable","17":"product-type-variable"},"exclude_global_add_ons":[],"addons":[],"_links":{"self":[{"href":"https:\/\/mnxsportswear.com\/sl\/wp-json\/wp\/v2\/product\/363406","targetHints":{"allow":["GET"]}}],"collection":[{"href":"https:\/\/mnxsportswear.com\/sl\/wp-json\/wp\/v2\/product"}],"about":[{"href":"https:\/\/mnxsportswear.com\/sl\/wp-json\/wp\/v2\/types\/product"}],"replies":[{"embeddable":true,"href":"https:\/\/mnxsportswear.com\/sl\/wp-json\/wp\/v2\/comments?post=363406"}],"version-history":[{"count":1,"href":"https:\/\/mnxsportswear.com\/sl\/wp-json\/wp\/v2\/product\/363406\/revisions"}],"predecessor-version":[{"id":406815,"href":"https:\/\/mnxsportswear.com\/sl\/wp-json\/wp\/v2\/product\/363406\/revisions\/406815"}],"wp:featuredmedia":[{"embeddable":true,"href":"https:\/\/mnxsportswear.com\/sl\/wp-json\/wp\/v2\/media\/363420"}],"wp:attachment":[{"href":"https:\/\/mnxsportswear.com\/sl\/wp-json\/wp\/v2\/media?parent=363406"}],"wp:term":[{"taxonomy":"product_brand","embeddable":true,"href":"https:\/\/mnxsportswear.com\/sl\/wp-json\/wp\/v2\/product_brand?post=363406"},{"taxonomy":"product_cat","embeddable":true,"href":"https:\/\/mnxsportswear.com\/sl\/wp-json\/wp\/v2\/product_cat?post=363406"},{"taxonomy":"product_tag","embeddable":true,"href":"https:\/\/mnxsportswear.com\/sl\/wp-json\/wp\/v2\/product_tag?post=363406"}],"curies":[{"name":"wp","href":"https:\/\/api.w.org\/{rel}","templated":true}]}}