{"id":363689,"date":"2023-12-29T11:11:42","date_gmt":"2023-12-29T10:11:42","guid":{"rendered":"https:\/\/mnxsportswear.com\/?post_type=product&#038;p=363689"},"modified":"2026-03-05T08:14:35","modified_gmt":"2026-03-05T07:14:35","slug":"mnx-majica-10th-anniversary-special-edition","status":"publish","type":"product","link":"https:\/\/mnxsportswear.com\/sl\/product\/mnx-majica-10th-anniversary-special-edition\/","title":{"rendered":"MNX majica 10th anniversary *SPECIAL EDITION*"},"content":{"rendered":"<p>MNX klasi\u010dna majica<\/p>\n<ul>\n<li>izdelana iz mehke me\u0161anice bomba\u017ea za maksimalno udobje,<\/li>\n<li>MNX izvirna grafika.<\/li>\n<li>obi\u010dajno prileganje.<\/li>\n<\/ul>\n<p><strong>Material<\/strong>: 100% bomba\u017e (5% kr\u010denje)<br \/>\n<strong>Barva<\/strong>: kot na sliki<br \/>\n<strong>Stil<\/strong>: klasi\u010den<br \/>\n<strong>Te\u017ea<\/strong>: pribl. 250 gramov<br \/>\n<strong>Velikosti<\/strong>: S\/M, L\/XL, XXL\/3XL, 4XL\/5XL<\/p>\n","protected":false},"excerpt":{"rendered":"<p><span class=\"HwtZe\" lang=\"sl\"><span style=\"color: #ff0000;\"><strong>MNX je na sceni \u017ee desetletje!<\/strong><\/span> Praznujte 10 let obstoja z nami s to majico obletnice z originalnim tiskom MNX. <strong>Na voljo v omejenih koli\u010dinah<\/strong>. MNX &#8211; od leta 2013 Izdelan iz mehke me\u0161anice bomba\u017ea, z originalnim tiskom MNX in vezenim na\u0161itkom.<br \/>\n<\/span><\/p>\n","protected":false},"featured_media":363719,"comment_status":"open","ping_status":"closed","template":"","meta":[],"product_brand":[],"product_cat":[3262,3259,3260],"product_tag":[],"class_list":{"0":"post-363689","1":"product","2":"type-product","3":"status-publish","4":"has-post-thumbnail","6":"product_cat-klasicne","7":"product_cat-kratke-majice","8":"product_cat-mosko","10":"first","11":"instock","12":"sale","13":"taxable","14":"shipping-taxable","15":"purchasable","16":"product-type-variable"},"exclude_global_add_ons":[],"addons":[],"_links":{"self":[{"href":"https:\/\/mnxsportswear.com\/sl\/wp-json\/wp\/v2\/product\/363689","targetHints":{"allow":["GET"]}}],"collection":[{"href":"https:\/\/mnxsportswear.com\/sl\/wp-json\/wp\/v2\/product"}],"about":[{"href":"https:\/\/mnxsportswear.com\/sl\/wp-json\/wp\/v2\/types\/product"}],"replies":[{"embeddable":true,"href":"https:\/\/mnxsportswear.com\/sl\/wp-json\/wp\/v2\/comments?post=363689"}],"version-history":[{"count":0,"href":"https:\/\/mnxsportswear.com\/sl\/wp-json\/wp\/v2\/product\/363689\/revisions"}],"wp:featuredmedia":[{"embeddable":true,"href":"https:\/\/mnxsportswear.com\/sl\/wp-json\/wp\/v2\/media\/363719"}],"wp:attachment":[{"href":"https:\/\/mnxsportswear.com\/sl\/wp-json\/wp\/v2\/media?parent=363689"}],"wp:term":[{"taxonomy":"product_brand","embeddable":true,"href":"https:\/\/mnxsportswear.com\/sl\/wp-json\/wp\/v2\/product_brand?post=363689"},{"taxonomy":"product_cat","embeddable":true,"href":"https:\/\/mnxsportswear.com\/sl\/wp-json\/wp\/v2\/product_cat?post=363689"},{"taxonomy":"product_tag","embeddable":true,"href":"https:\/\/mnxsportswear.com\/sl\/wp-json\/wp\/v2\/product_tag?post=363689"}],"curies":[{"name":"wp","href":"https:\/\/api.w.org\/{rel}","templated":true}]}}