{"id":365610,"date":"2024-02-09T12:51:51","date_gmt":"2024-02-09T11:51:51","guid":{"rendered":"https:\/\/mnxsportswear.com\/?post_type=product&#038;p=365610"},"modified":"2026-03-02T18:37:44","modified_gmt":"2026-03-02T17:37:44","slug":"personalizirani-motivacijski-t-shirt-jersey","status":"publish","type":"product","link":"https:\/\/mnxsportswear.com\/sl\/product\/personalizirani-motivacijski-t-shirt-jersey\/","title":{"rendered":"Personalizirani motivacijski T-shirt jersey"},"content":{"rendered":"<p>Oblikuj svoj T-shirt dres!<\/p>\n<ul>\n<li>iz zra\u010dne mikro mre\u017easte tkanine,<\/li>\n<li>zra\u010dni triko mre\u017easti deli na obeh straneh,<\/li>\n<li>kot nala\u0161\u010d za va\u0161o tvojo ali prosti \u010das,<\/li>\n<li>edinstven MNX dizajn in detajli.<\/li>\n<\/ul>\n<p><strong>Pisave:<\/strong> izbira\u0161 lahko med 2 pisavama.<\/p>\n<p><strong>\u0160irina \u0161tevilke in imena na zadnji strani:<\/strong> max. 30 cm<\/p>\n<p><strong>Material:<\/strong> 100% poliester (5% kr\u010denje)<br \/>\n<strong>Barva:<\/strong> kot na sliki<br \/>\n<strong>Stil:<\/strong> oversized<br \/>\n<strong>Velikosti:<\/strong> S, M, L, XL, XXL, 3XL<\/p>\n","protected":false},"excerpt":{"rendered":"<p>Personaliziraj svojo edinstveno \u0161portno majico z eksplozivnim logotipom za maksimalno motivacijo med treningom! Ustvari svoj unikatni dres tako, da izbere\u0161 logotip, \u0161tevilko, ime, barvo tiska, barvo dresa in slog pisave. Logotip bo natisnjen na sprednji strani, tvoje ime in \u0161tevilka pa na zadnji strani.<\/p>\n<p><em>Opomba: Priporo\u010damo, da vnese\u0161 kratke besede. Dalj\u0161e besede kot napi\u0161e\u0161, manj\u0161e bodo \u010drke, da bodo ustrezali \u0161irini majice.<\/em><\/p>\n","protected":false},"featured_media":365840,"comment_status":"open","ping_status":"closed","template":"","meta":[],"product_brand":[],"product_cat":[3299,3260],"product_tag":[],"class_list":{"0":"post-365610","1":"product","2":"type-product","3":"status-publish","4":"has-post-thumbnail","6":"product_cat-diy","7":"product_cat-mosko","8":"yith_product_brand-mnx-sl","10":"first","11":"outofstock","12":"taxable","13":"shipping-taxable","14":"purchasable","15":"product-type-variable"},"exclude_global_add_ons":true,"addons":[{"name":"\u0160TEVILKA (spredaj)","type":"custom_text","position":0,"required":false,"title_format":"label","default":"","description_enable":false,"description":"","placeholder_enable":false,"placeholder":"","display":"select","restrictions_type":"only_numbers","adjust_price":false,"price":"","price_type":"flat_fee","restrictions":true,"min":"0","max":"2","options":[],"id":1707234699},{"name":"IME (na hrbtu)","type":"custom_text","position":1,"required":false,"title_format":"label","default":"","description_enable":false,"description":"","placeholder_enable":false,"placeholder":"","display":"select","restrictions_type":"only_letters_numbers","adjust_price":false,"price":"","price_type":"flat_fee","restrictions":true,"min":"0","max":"12","options":[],"id":1707234700},{"name":"IME 2 (izbirno) (na hrbtu v 2. vrstici)","type":"custom_text","position":2,"required":false,"title_format":"label","default":"","description_enable":false,"description":"","placeholder_enable":false,"placeholder":"","display":"select","restrictions_type":"only_letters_numbers","adjust_price":true,"price":"2","price_type":"flat_fee","restrictions":true,"min":"0","max":"12","options":[],"id":1707234701}],"_links":{"self":[{"href":"https:\/\/mnxsportswear.com\/sl\/wp-json\/wp\/v2\/product\/365610","targetHints":{"allow":["GET"]}}],"collection":[{"href":"https:\/\/mnxsportswear.com\/sl\/wp-json\/wp\/v2\/product"}],"about":[{"href":"https:\/\/mnxsportswear.com\/sl\/wp-json\/wp\/v2\/types\/product"}],"replies":[{"embeddable":true,"href":"https:\/\/mnxsportswear.com\/sl\/wp-json\/wp\/v2\/comments?post=365610"}],"version-history":[{"count":0,"href":"https:\/\/mnxsportswear.com\/sl\/wp-json\/wp\/v2\/product\/365610\/revisions"}],"wp:featuredmedia":[{"embeddable":true,"href":"https:\/\/mnxsportswear.com\/sl\/wp-json\/wp\/v2\/media\/365840"}],"wp:attachment":[{"href":"https:\/\/mnxsportswear.com\/sl\/wp-json\/wp\/v2\/media?parent=365610"}],"wp:term":[{"taxonomy":"product_brand","embeddable":true,"href":"https:\/\/mnxsportswear.com\/sl\/wp-json\/wp\/v2\/product_brand?post=365610"},{"taxonomy":"product_cat","embeddable":true,"href":"https:\/\/mnxsportswear.com\/sl\/wp-json\/wp\/v2\/product_cat?post=365610"},{"taxonomy":"product_tag","embeddable":true,"href":"https:\/\/mnxsportswear.com\/sl\/wp-json\/wp\/v2\/product_tag?post=365610"}],"curies":[{"name":"wp","href":"https:\/\/api.w.org\/{rel}","templated":true}]}}