{"id":366119,"date":"2024-02-09T12:52:13","date_gmt":"2024-02-09T11:52:13","guid":{"rendered":"https:\/\/mnxsportswear.com\/?post_type=product&#038;p=366119"},"modified":"2026-03-01T18:04:54","modified_gmt":"2026-03-01T17:04:54","slug":"personaliziraj-si-svoj-bombazni-motivacijski-dres","status":"publish","type":"product","link":"https:\/\/mnxsportswear.com\/sl\/product\/personaliziraj-si-svoj-bombazni-motivacijski-dres\/","title":{"rendered":"Personaliziraj si svoj bomba\u017eni motivacijski dres"},"content":{"rendered":"<p>Personaliziraj si svoj \u0161portni dres. Ta jersey je izdelan iz bomba\u017ea.<\/p>\n<ul>\n<li>iz bomba\u017ea z dodano mre\u017easto tkanino ob straneh,<\/li>\n<li>kot nala\u0161\u010d za tvojo vadbo ali prosti \u010das,<\/li>\n<li>edinstven MNX dizajn in detajli.<\/li>\n<\/ul>\n<p><strong>Material:<\/strong> 100% bomba\u017e, na straneh 100% poliester (5% kr\u010denje)<br \/>\n<strong>Barva:<\/strong> kot na sliki<br \/>\n<strong>Stil:<\/strong> oversized<br \/>\n<strong>Velikosti:<\/strong> XS, S, M, L, XL, XXL, 3XL, 4XL, 5XL<\/p>\n<p><strong>Pisave:<\/strong> izbira\u0161 lahko med 2 pisavama.<\/p>\n<p><strong>\u0160irina imena in \u0161tevilke:<\/strong> maksimalno 29 cm<\/p>\n<p><strong>Navodila za pranje:<\/strong><br \/>\nPranje na 30\u00b0C, obi\u010dajno pranje, brez beljenja, brez su\u0161enja v su\u0161ilnem stroju, likanje pri nizki temperaturi, brez kemi\u010dnega \u010di\u0161\u010denja, previdno pri likanju s paro.<\/p>\n","protected":false},"excerpt":{"rendered":"<p>Personaliziraj si bomba\u017eni dres v stilu ameri\u0161kega nogometa z eksplozivnim logotipom za najve\u010djo motivacijo med treningom! Ustvari svoj dres tako, da izbere\u0161 logotip, \u0161tevilko, ime, barvo tiska, barvo majice in slog pisave. Logotip bo natisnjen na sprednji strani, tvoje ime in \u0161tevilka pa na zadnji strani.<\/p>\n<p><em><strong>Opomba:<\/strong> Priporo\u010damo ti, da vnese\u0161 kratke besede. Dalj\u0161e besede kot jih napi\u0161e\u0161, manj\u0161e bodo postale \u010drke, da bodo ustrezale \u0161irini majice.<\/em><\/p>\n","protected":false},"featured_media":365860,"comment_status":"open","ping_status":"closed","template":"","meta":[],"product_brand":[],"product_cat":[3299,3260],"product_tag":[],"class_list":{"0":"post-366119","1":"product","2":"type-product","3":"status-publish","4":"has-post-thumbnail","6":"product_cat-diy","7":"product_cat-mosko","8":"yith_product_brand-mnx-sl","10":"first","11":"instock","12":"taxable","13":"shipping-taxable","14":"purchasable","15":"product-type-variable"},"exclude_global_add_ons":true,"addons":[{"name":"\u0160TEVILKA (na hrbtu)","type":"custom_text","position":0,"required":false,"title_format":"label","default":"","description_enable":false,"description":"","placeholder_enable":false,"placeholder":"","display":"select","restrictions_type":"only_numbers","adjust_price":false,"price":"","price_type":"flat_fee","restrictions":true,"min":"0","max":"2","options":[],"id":1707147198},{"name":"IME (na hrbtu)","type":"custom_text","position":1,"required":false,"title_format":"label","default":"","description_enable":false,"description":"","placeholder_enable":false,"placeholder":"","display":"select","restrictions_type":"only_letters_numbers","adjust_price":false,"price":"","price_type":"flat_fee","restrictions":true,"min":"0","max":"14","options":[],"id":1707147199}],"_links":{"self":[{"href":"https:\/\/mnxsportswear.com\/sl\/wp-json\/wp\/v2\/product\/366119","targetHints":{"allow":["GET"]}}],"collection":[{"href":"https:\/\/mnxsportswear.com\/sl\/wp-json\/wp\/v2\/product"}],"about":[{"href":"https:\/\/mnxsportswear.com\/sl\/wp-json\/wp\/v2\/types\/product"}],"replies":[{"embeddable":true,"href":"https:\/\/mnxsportswear.com\/sl\/wp-json\/wp\/v2\/comments?post=366119"}],"version-history":[{"count":0,"href":"https:\/\/mnxsportswear.com\/sl\/wp-json\/wp\/v2\/product\/366119\/revisions"}],"wp:featuredmedia":[{"embeddable":true,"href":"https:\/\/mnxsportswear.com\/sl\/wp-json\/wp\/v2\/media\/365860"}],"wp:attachment":[{"href":"https:\/\/mnxsportswear.com\/sl\/wp-json\/wp\/v2\/media?parent=366119"}],"wp:term":[{"taxonomy":"product_brand","embeddable":true,"href":"https:\/\/mnxsportswear.com\/sl\/wp-json\/wp\/v2\/product_brand?post=366119"},{"taxonomy":"product_cat","embeddable":true,"href":"https:\/\/mnxsportswear.com\/sl\/wp-json\/wp\/v2\/product_cat?post=366119"},{"taxonomy":"product_tag","embeddable":true,"href":"https:\/\/mnxsportswear.com\/sl\/wp-json\/wp\/v2\/product_tag?post=366119"}],"curies":[{"name":"wp","href":"https:\/\/api.w.org\/{rel}","templated":true}]}}