{"id":366227,"date":"2024-02-09T12:51:57","date_gmt":"2024-02-09T11:51:57","guid":{"rendered":"https:\/\/mnxsportswear.com\/?post_type=product&#038;p=366227"},"modified":"2026-03-03T04:21:33","modified_gmt":"2026-03-03T03:21:33","slug":"personalizirani-motivacijski-nogometni-dres-2-0","status":"publish","type":"product","link":"https:\/\/mnxsportswear.com\/sl\/product\/personalizirani-motivacijski-nogometni-dres-2-0\/","title":{"rendered":"Personalizirani motivacijski nogometni dres 2.0"},"content":{"rendered":"<p>Oblikujte svojo nogometno majico!<\/p>\n<p>Nogometni dres 2.0.<\/p>\n<ul>\n<li>iz zra\u010dne mikro mre\u017easte tkanine,<\/li>\n<li>zra\u010dni triko mre\u017easti deli na obeh straneh,<\/li>\n<li>kot nala\u0161\u010d za va\u0161o vadbo ali prosti \u010das,<\/li>\n<li>edinstven MNX dizajn in podrobnosti.<\/li>\n<\/ul>\n<p><strong>Material:<\/strong> 100% poliester (5% kr\u010denje)<br \/>\n<strong>Barva:<\/strong> kot na sliki<br \/>\n<strong>Stil:<\/strong> oversized<br \/>\n<strong>Velikosti:<\/strong> S, M, L, XL, XXL, 3XL, 4XL, 5XL<\/p>\n<p><strong>Pisave:<\/strong> izbirate lahko med 2 pisavama.<\/p>\n<p><strong>\u0160irina imena in \u0161tevilke:<\/strong> max. 29 cm<\/p>\n<p><strong>Navodila za nego:<\/strong><br \/>\nPranje pri 30\u00b0C, obi\u010dajen cikel, ne beljenje, ne su\u0161enje v su\u0161ilnem stroju, likanje pri nizki temperaturi, ne kemi\u010dno \u010di\u0161\u010denje, previdno pri likanju s paro.<\/p>\n","protected":false},"excerpt":{"rendered":"<p>Personaliziraj si dres v stilu ameri\u0161kega nogometa z eksplozivnim logotipom za najve\u010djo motivacijo med treningom! Ustvari svoj dres tako, da izbere\u0161 logotip, \u0161tevilko, ime, barvo tiska, barvo majice in slog pisave. Logotip bo natisnjen na sprednji strani, tvoje ime in \u0161tevilka pa na zadnji strani.<\/p>\n<p><em><strong>Opomba:<\/strong> Priporo\u010damo ti, da vnese\u0161 kratke besede. Dalj\u0161e besede kot jih napi\u0161e\u0161, manj\u0161e bodo postale \u010drke, da bodo ustrezale \u0161irini majice.<\/em><\/p>\n","protected":false},"featured_media":365850,"comment_status":"open","ping_status":"closed","template":"","meta":[],"product_brand":[],"product_cat":[3299,3260],"product_tag":[],"class_list":{"0":"post-366227","1":"product","2":"type-product","3":"status-publish","4":"has-post-thumbnail","6":"product_cat-diy","7":"product_cat-mosko","8":"yith_product_brand-mnx-sl","10":"first","11":"instock","12":"taxable","13":"shipping-taxable","14":"purchasable","15":"product-type-variable"},"exclude_global_add_ons":[],"addons":[],"_links":{"self":[{"href":"https:\/\/mnxsportswear.com\/sl\/wp-json\/wp\/v2\/product\/366227","targetHints":{"allow":["GET"]}}],"collection":[{"href":"https:\/\/mnxsportswear.com\/sl\/wp-json\/wp\/v2\/product"}],"about":[{"href":"https:\/\/mnxsportswear.com\/sl\/wp-json\/wp\/v2\/types\/product"}],"replies":[{"embeddable":true,"href":"https:\/\/mnxsportswear.com\/sl\/wp-json\/wp\/v2\/comments?post=366227"}],"version-history":[{"count":0,"href":"https:\/\/mnxsportswear.com\/sl\/wp-json\/wp\/v2\/product\/366227\/revisions"}],"wp:featuredmedia":[{"embeddable":true,"href":"https:\/\/mnxsportswear.com\/sl\/wp-json\/wp\/v2\/media\/365850"}],"wp:attachment":[{"href":"https:\/\/mnxsportswear.com\/sl\/wp-json\/wp\/v2\/media?parent=366227"}],"wp:term":[{"taxonomy":"product_brand","embeddable":true,"href":"https:\/\/mnxsportswear.com\/sl\/wp-json\/wp\/v2\/product_brand?post=366227"},{"taxonomy":"product_cat","embeddable":true,"href":"https:\/\/mnxsportswear.com\/sl\/wp-json\/wp\/v2\/product_cat?post=366227"},{"taxonomy":"product_tag","embeddable":true,"href":"https:\/\/mnxsportswear.com\/sl\/wp-json\/wp\/v2\/product_tag?post=366227"}],"curies":[{"name":"wp","href":"https:\/\/api.w.org\/{rel}","templated":true}]}}