{"id":377496,"date":"2024-09-02T09:03:12","date_gmt":"2024-09-02T07:03:12","guid":{"rendered":"https:\/\/new24.mnxsportswear.com\/?post_type=product&#038;p=377496"},"modified":"2026-03-01T18:26:19","modified_gmt":"2026-03-01T17:26:19","slug":"mnx-hoodie-motion-sky-blue","status":"publish","type":"product","link":"https:\/\/mnxsportswear.com\/sl\/product\/mnx-hoodie-motion-sky-blue\/","title":{"rendered":"MNX Hoodie Motion, sky blue"},"content":{"rendered":"<p>MNX Industrial hoodie.<\/p>\n<ul>\n<li>mehka bomba\u017ena tkanina,<\/li>\n<li>kot nala\u0161\u010d za trening ali prosti \u010das,<\/li>\n<li>rebrasti elasti\u010dni robovi.<\/li>\n<\/ul>\n<p><strong>Material:<\/strong> 80% bomba\u017e, 20% poliester<br \/>\n<strong>Barva:<\/strong> kot na sliki<br \/>\n<strong>Te\u017ea:<\/strong> pribl. 450 gramov<br \/>\n<strong>Velikosti:<\/strong> od S do 4XL<br \/>\n<strong>Stil:<\/strong> ohlapno<\/p>\n<p><em>Model na studijskih fotografijah nosi velikost M (178 cm, 87 kg).<\/em><\/p>\n","protected":false},"excerpt":{"rendered":"<p>Urbano sre\u010da atletiko v na\u0161i kolekciji <em>Motion<\/em>. S tem puloverjem s kapuco MNX dobite kombinacijo klasi\u010dnega sloga in le\u017eernega videza, ki je primeren za vsakogar. Z novim originalnim na\u0161itkom z logotipom MNX na sprednji strani, minimalisti\u010dnem gumijastem potisku MNX MOTION na rokavu in pod kapuco, elasti\u010dnimi man\u0161etami. Jopa narejena iz me\u0161anice mehkega blaga. Na voljo v ve\u010d barvah. Preverite tudi hla\u010de Motion in ustvarite popoln outfit.<\/p>\n","protected":false},"featured_media":367268,"comment_status":"open","ping_status":"closed","template":"","meta":[],"product_brand":[],"product_cat":[3270,3269,3260],"product_tag":[],"class_list":{"0":"post-377496","1":"product","2":"type-product","3":"status-publish","4":"has-post-thumbnail","6":"product_cat-jope","7":"product_cat-jope-in-dolge-majice","8":"product_cat-mosko","9":"yith_product_brand-mnx-sl","10":"yith_product_brand-motion-sl","12":"first","13":"instock","14":"taxable","15":"shipping-taxable","16":"purchasable","17":"product-type-variable"},"exclude_global_add_ons":[],"addons":[],"_links":{"self":[{"href":"https:\/\/mnxsportswear.com\/sl\/wp-json\/wp\/v2\/product\/377496","targetHints":{"allow":["GET"]}}],"collection":[{"href":"https:\/\/mnxsportswear.com\/sl\/wp-json\/wp\/v2\/product"}],"about":[{"href":"https:\/\/mnxsportswear.com\/sl\/wp-json\/wp\/v2\/types\/product"}],"replies":[{"embeddable":true,"href":"https:\/\/mnxsportswear.com\/sl\/wp-json\/wp\/v2\/comments?post=377496"}],"version-history":[{"count":1,"href":"https:\/\/mnxsportswear.com\/sl\/wp-json\/wp\/v2\/product\/377496\/revisions"}],"predecessor-version":[{"id":406832,"href":"https:\/\/mnxsportswear.com\/sl\/wp-json\/wp\/v2\/product\/377496\/revisions\/406832"}],"wp:featuredmedia":[{"embeddable":true,"href":"https:\/\/mnxsportswear.com\/sl\/wp-json\/wp\/v2\/media\/367268"}],"wp:attachment":[{"href":"https:\/\/mnxsportswear.com\/sl\/wp-json\/wp\/v2\/media?parent=377496"}],"wp:term":[{"taxonomy":"product_brand","embeddable":true,"href":"https:\/\/mnxsportswear.com\/sl\/wp-json\/wp\/v2\/product_brand?post=377496"},{"taxonomy":"product_cat","embeddable":true,"href":"https:\/\/mnxsportswear.com\/sl\/wp-json\/wp\/v2\/product_cat?post=377496"},{"taxonomy":"product_tag","embeddable":true,"href":"https:\/\/mnxsportswear.com\/sl\/wp-json\/wp\/v2\/product_tag?post=377496"}],"curies":[{"name":"wp","href":"https:\/\/api.w.org\/{rel}","templated":true}]}}