{"id":377502,"date":"2024-09-02T09:03:11","date_gmt":"2024-09-02T07:03:11","guid":{"rendered":"https:\/\/new24.mnxsportswear.com\/?post_type=product&#038;p=377502"},"modified":"2026-03-01T20:46:57","modified_gmt":"2026-03-01T19:46:57","slug":"mnx-sportne-hlace-motion-crne","status":"publish","type":"product","link":"https:\/\/mnxsportswear.com\/sl\/product\/mnx-sportne-hlace-motion-crne\/","title":{"rendered":"MNX \u0161portne hla\u010de Motion, \u010drne"},"content":{"rendered":"<p>MNX \u0161portne hla\u010de <em>Motion<\/em>.<\/p>\n<ul>\n<li>Mehka bomba\u017ena tkanina,<\/li>\n<li>kot nala\u0161\u010d za trening ali prosti \u010das,<\/li>\n<li>originalna blagovna znamka MNX,<\/li>\n<li>elasti\u010den pas z notranjo vrvico,<\/li>\n<li>stranski in zadnji \u017eepi.<\/li>\n<\/ul>\n<p><strong>Material:<\/strong> 80% bomba\u017e, 20% poliester (5% kr\u010denje)<br \/>\n<strong>Barva:<\/strong> kot na sliki<br \/>\n<strong>Te\u017ea:<\/strong> pribl. 600 gramov<br \/>\n<strong>Velikosti:<\/strong> S, M, L, XL, 2XL, 3XL, 4XL<br \/>\n<strong>Stil:<\/strong> ohlapen kroj<\/p>\n<p><em>Model na studijskih fotografijah nosi velikost M (178 cm, 87 kg).<\/em><\/p>\n","protected":false},"excerpt":{"rendered":"<p>V tej MNX liniji <em>Motion<\/em> urbano sre\u010da \u0161portno. S temi hla\u010dami bo\u0161 kombiniral klasi\u010dni in le\u017eerni slog, ki je primeren za vsakogar. Z novim originalnim na\u0161itkom MNX na sprednji strani, minimalisti\u010dnim brandingom na desni hla\u010dnici in na zadnji strani, \u017eepi, elasti\u010dnimi man\u0161etami z nastavljivo vrvico in mehko tkanino. Na voljo v ve\u010d barvah. Preveri tudi<a href=\"https:\/\/mnxsportswear.com\/product-category\/men\/hoodies-sweatshirts\/\"> Motion hoodie<\/a> in ustvari popolni outfit.<\/p>\n","protected":false},"featured_media":367210,"comment_status":"open","ping_status":"closed","template":"","meta":[],"product_brand":[],"product_cat":[3272,3274,3260,3587],"product_tag":[],"class_list":{"0":"post-377502","1":"product","2":"type-product","3":"status-publish","4":"has-post-thumbnail","6":"product_cat-dolge-hlace","7":"product_cat-loose-fit-hlace","8":"product_cat-mosko","9":"product_cat-obnovite-zaloge","10":"yith_product_brand-mnx-sl","11":"yith_product_brand-motion-sl","13":"first","14":"instock","15":"taxable","16":"shipping-taxable","17":"purchasable","18":"product-type-variable"},"exclude_global_add_ons":[],"addons":[],"_links":{"self":[{"href":"https:\/\/mnxsportswear.com\/sl\/wp-json\/wp\/v2\/product\/377502","targetHints":{"allow":["GET"]}}],"collection":[{"href":"https:\/\/mnxsportswear.com\/sl\/wp-json\/wp\/v2\/product"}],"about":[{"href":"https:\/\/mnxsportswear.com\/sl\/wp-json\/wp\/v2\/types\/product"}],"replies":[{"embeddable":true,"href":"https:\/\/mnxsportswear.com\/sl\/wp-json\/wp\/v2\/comments?post=377502"}],"version-history":[{"count":1,"href":"https:\/\/mnxsportswear.com\/sl\/wp-json\/wp\/v2\/product\/377502\/revisions"}],"predecessor-version":[{"id":406839,"href":"https:\/\/mnxsportswear.com\/sl\/wp-json\/wp\/v2\/product\/377502\/revisions\/406839"}],"wp:featuredmedia":[{"embeddable":true,"href":"https:\/\/mnxsportswear.com\/sl\/wp-json\/wp\/v2\/media\/367210"}],"wp:attachment":[{"href":"https:\/\/mnxsportswear.com\/sl\/wp-json\/wp\/v2\/media?parent=377502"}],"wp:term":[{"taxonomy":"product_brand","embeddable":true,"href":"https:\/\/mnxsportswear.com\/sl\/wp-json\/wp\/v2\/product_brand?post=377502"},{"taxonomy":"product_cat","embeddable":true,"href":"https:\/\/mnxsportswear.com\/sl\/wp-json\/wp\/v2\/product_cat?post=377502"},{"taxonomy":"product_tag","embeddable":true,"href":"https:\/\/mnxsportswear.com\/sl\/wp-json\/wp\/v2\/product_tag?post=377502"}],"curies":[{"name":"wp","href":"https:\/\/api.w.org\/{rel}","templated":true}]}}