{"id":377505,"date":"2024-09-02T09:03:11","date_gmt":"2024-09-02T07:03:11","guid":{"rendered":"https:\/\/new24.mnxsportswear.com\/?post_type=product&#038;p=377505"},"modified":"2026-03-21T08:52:20","modified_gmt":"2026-03-21T07:52:20","slug":"mnx-bomber-jakna-golden-era-maroon-2","status":"publish","type":"product","link":"https:\/\/mnxsportswear.com\/sl\/product\/mnx-bomber-jakna-golden-era-maroon-2\/","title":{"rendered":"MNX Bomber jakna Golden Era, maroon"},"content":{"rendered":"<p>Bomber jakna MNX Golden era.<\/p>\n<ul>\n<li>Dizajn in detajli po navdihu zlate dobe,<\/li>\n<li>stranski in notranji \u017eepi z zadrgo,<\/li>\n<li>ohlapno prileganje,<\/li>\n<li>robovi in ovratnik iz rebrastega materiala.<\/li>\n<\/ul>\n<p><strong>Material:<\/strong> 100% poliester (5% kr\u010denje)<br \/>\n<strong>Barva:<\/strong> kot na sliki<br \/>\n<strong>Te\u017ea:<\/strong> pribl. 760 gramov<br \/>\n<strong>Velikosti:<\/strong> XS\/S, S\/M, L\/XL, 2XL\/3XL, 4XL\/5XL<br \/>\n<strong>Stil:<\/strong> ohlapen kroj<\/p>\n<p><em>Model na studijskih fotografijah nosi velikost S\/M (178 cm, 87 kg).<\/em><\/p>\n","protected":false},"excerpt":{"rendered":"<p>Pripravite se na hladno vreme s to privla\u010dno bomber jakno MNX, ki jo navdihujejo \u010dasi zlate dobe fitnesa. Klasi\u010dne barvno kontrastni rebrasti robovi in ovratnik, izvezen logotip na sprednji strani in velik logotip Golden Era na zadnji strani, stranski in notranji \u017eepi z zadrgo. Na voljo v ve\u010d barvah. Oglejte si tudi na\u0161o<a href=\"https:\/\/mnxsportswear.com\/shop\/t-shirts\/classic\/mnx-classic-t-shirt-golden-era-blue\/\"> linijo Golden Era<\/a> in\u00a0 izberite posebna \u0161portna obla\u010dila.<\/p>\n","protected":false},"featured_media":367430,"comment_status":"open","ping_status":"closed","template":"","meta":[],"product_brand":[],"product_cat":[3271,3283,4058,3270,3269,3260],"product_tag":[],"class_list":{"0":"post-377505","1":"product","2":"type-product","3":"status-publish","4":"has-post-thumbnail","6":"product_cat-dolge-majice","7":"product_cat-golden-era-sl","8":"product_cat-jacket-sl","9":"product_cat-jope","10":"product_cat-jope-in-dolge-majice","11":"product_cat-mosko","12":"pa_double-sizes-4xl-5xl-sl","13":"pa_double-sizes-l-xl-sl","14":"pa_double-sizes-s-m-sl","15":"pa_double-sizes-xs-s-sl","16":"pa_double-sizes-xxl-3xl-sl","17":"yith_product_brand-mnx-sl","19":"first","20":"instock","21":"taxable","22":"shipping-taxable","23":"purchasable","24":"product-type-variable"},"exclude_global_add_ons":[],"addons":[],"_links":{"self":[{"href":"https:\/\/mnxsportswear.com\/sl\/wp-json\/wp\/v2\/product\/377505","targetHints":{"allow":["GET"]}}],"collection":[{"href":"https:\/\/mnxsportswear.com\/sl\/wp-json\/wp\/v2\/product"}],"about":[{"href":"https:\/\/mnxsportswear.com\/sl\/wp-json\/wp\/v2\/types\/product"}],"replies":[{"embeddable":true,"href":"https:\/\/mnxsportswear.com\/sl\/wp-json\/wp\/v2\/comments?post=377505"}],"version-history":[{"count":0,"href":"https:\/\/mnxsportswear.com\/sl\/wp-json\/wp\/v2\/product\/377505\/revisions"}],"wp:featuredmedia":[{"embeddable":true,"href":"https:\/\/mnxsportswear.com\/sl\/wp-json\/wp\/v2\/media\/367430"}],"wp:attachment":[{"href":"https:\/\/mnxsportswear.com\/sl\/wp-json\/wp\/v2\/media?parent=377505"}],"wp:term":[{"taxonomy":"product_brand","embeddable":true,"href":"https:\/\/mnxsportswear.com\/sl\/wp-json\/wp\/v2\/product_brand?post=377505"},{"taxonomy":"product_cat","embeddable":true,"href":"https:\/\/mnxsportswear.com\/sl\/wp-json\/wp\/v2\/product_cat?post=377505"},{"taxonomy":"product_tag","embeddable":true,"href":"https:\/\/mnxsportswear.com\/sl\/wp-json\/wp\/v2\/product_tag?post=377505"}],"curies":[{"name":"wp","href":"https:\/\/api.w.org\/{rel}","templated":true}]}}