{"id":377507,"date":"2024-09-02T09:02:03","date_gmt":"2024-09-02T07:02:03","guid":{"rendered":"https:\/\/new24.mnxsportswear.com\/?post_type=product&#038;p=377507"},"modified":"2026-03-01T21:01:16","modified_gmt":"2026-03-01T20:01:16","slug":"mnx-moski-workout-top-golden-era-rosewood","status":"publish","type":"product","link":"https:\/\/mnxsportswear.com\/sl\/product\/mnx-moski-workout-top-golden-era-rosewood\/","title":{"rendered":"MNX Mo\u0161ki Workout Top Golden Era, rosewood"},"content":{"rendered":"<p>MNX Workout top Golden Era<\/p>\n<ul>\n<li>izdelan iz mehke in tople me\u0161anice bomba\u017ea za maksimalno udobje,<\/li>\n<li>MNX izvirni potisk in na\u0161itek,<\/li>\n<li>oversized prileganje.<\/li>\n<\/ul>\n<p>Material: 100% bomba\u017e (5% kr\u010denje)<br \/>\nBarva: kot na sliki<br \/>\nStil: oversized<br \/>\nTe\u017ea: pribl. 450 gramov<br \/>\nVelikosti: S\/M, L\/XL, XXL\/3XL, 4XL\/5XL<\/p>\n<p><em>Model na studijskih fotografijah nosi velikost S\/M (178 cm, 87 kg).<\/em><\/p>\n","protected":false},"excerpt":{"rendered":"<p>Pripravite se na obisk telovadnice s tem edinstvenim Workout topom Golden Era, izdelanim iz toplej\u0161ega mehkega bomba\u017ea. Z originalnim potiskom MNX, vezenim na\u0161itkom in u\u010dinkom obrabljenih robov. Na voljo v ve\u010d barvah.<\/p>\n","protected":false},"featured_media":374547,"comment_status":"open","ping_status":"closed","template":"","meta":[],"product_brand":[],"product_cat":[3283,3259,3260,3261],"product_tag":[],"class_list":{"0":"post-377507","1":"product","2":"type-product","3":"status-publish","4":"has-post-thumbnail","6":"product_cat-golden-era-sl","7":"product_cat-kratke-majice","8":"product_cat-mosko","9":"product_cat-oversized-majice","10":"pa_double-sizes-4xl-5xl-sl","11":"pa_double-sizes-l-xl-sl","12":"pa_double-sizes-s-m-sl","13":"pa_double-sizes-xxl-3xl-sl","14":"yith_product_brand-mnx-sl","16":"first","17":"instock","18":"taxable","19":"shipping-taxable","20":"purchasable","21":"product-type-variable"},"exclude_global_add_ons":[],"addons":[],"_links":{"self":[{"href":"https:\/\/mnxsportswear.com\/sl\/wp-json\/wp\/v2\/product\/377507","targetHints":{"allow":["GET"]}}],"collection":[{"href":"https:\/\/mnxsportswear.com\/sl\/wp-json\/wp\/v2\/product"}],"about":[{"href":"https:\/\/mnxsportswear.com\/sl\/wp-json\/wp\/v2\/types\/product"}],"replies":[{"embeddable":true,"href":"https:\/\/mnxsportswear.com\/sl\/wp-json\/wp\/v2\/comments?post=377507"}],"version-history":[{"count":0,"href":"https:\/\/mnxsportswear.com\/sl\/wp-json\/wp\/v2\/product\/377507\/revisions"}],"wp:featuredmedia":[{"embeddable":true,"href":"https:\/\/mnxsportswear.com\/sl\/wp-json\/wp\/v2\/media\/374547"}],"wp:attachment":[{"href":"https:\/\/mnxsportswear.com\/sl\/wp-json\/wp\/v2\/media?parent=377507"}],"wp:term":[{"taxonomy":"product_brand","embeddable":true,"href":"https:\/\/mnxsportswear.com\/sl\/wp-json\/wp\/v2\/product_brand?post=377507"},{"taxonomy":"product_cat","embeddable":true,"href":"https:\/\/mnxsportswear.com\/sl\/wp-json\/wp\/v2\/product_cat?post=377507"},{"taxonomy":"product_tag","embeddable":true,"href":"https:\/\/mnxsportswear.com\/sl\/wp-json\/wp\/v2\/product_tag?post=377507"}],"curies":[{"name":"wp","href":"https:\/\/api.w.org\/{rel}","templated":true}]}}