{"id":377517,"date":"2024-09-02T09:02:02","date_gmt":"2024-09-02T07:02:02","guid":{"rendered":"https:\/\/new24.mnxsportswear.com\/?post_type=product&#038;p=377517"},"modified":"2026-03-01T21:01:16","modified_gmt":"2026-03-01T20:01:16","slug":"mnx-workout-top-hammer-3-0-bela","status":"publish","type":"product","link":"https:\/\/mnxsportswear.com\/sl\/product\/mnx-workout-top-hammer-3-0-bela\/","title":{"rendered":"MNX Workout Top Hammer 3.0, bela"},"content":{"rendered":"<p>MNX Workout top iz rebraste tkanine.<\/p>\n<ul>\n<li>Mehka rebrasta tkanina,<\/li>\n<li>oversized stil,<\/li>\n<li>vezeni na\u0161itki,<\/li>\n<li>gumiran 3D potisk.<\/li>\n<\/ul>\n<p>Material: 50% bomba\u017e, 50% poliester<br \/>\nBarva: kot na sliki<br \/>\nTe\u017ea: pribl. 450 gramov<br \/>\nVelikosti: S\/M, L\/XL, XXL\/3XL, 4XL\/5XL.<\/p>\n<p><em>Model na studijskih fotografijah nosi velikost S\/M (178 cm, 87 kg).<\/em><\/p>\n","protected":false},"excerpt":{"rendered":"<p>Ta vadbena majica je sodobna kombinacija obla\u010dil za bodybuilding in uli\u010dne mode. Izdelana je iz <strong>mehkej\u0161e rebraste tkanine<\/strong> in ima <strong>oversized<\/strong> spro\u0161\u010den kroj. Ima moderen gumiran <strong>3D potisk<\/strong> na ramenih in spredaj. Kombiniraj to vadbeno majico s <a href=\"https:\/\/mnxsportswear.com\/product-category\/men\/hammer\/\"><em>Hammer kolekcijo<\/em><\/a> in ustvari popoln outfit.<\/p>\n","protected":false},"featured_media":374599,"comment_status":"open","ping_status":"closed","template":"","meta":[],"product_brand":[],"product_cat":[3277,3259,3587,3261],"product_tag":[],"class_list":{"0":"post-377517","1":"product","2":"type-product","3":"status-publish","4":"has-post-thumbnail","6":"product_cat-hammer-sl","7":"product_cat-kratke-majice","8":"product_cat-obnovite-zaloge","9":"product_cat-oversized-majice","10":"pa_double-sizes-4xl-5xl-sl","11":"pa_double-sizes-l-xl-sl","12":"pa_double-sizes-s-m-sl","13":"pa_double-sizes-xxl-3xl-sl","14":"yith_product_brand-hammer-sl","15":"yith_product_brand-mnx-sl","17":"first","18":"instock","19":"sale","20":"taxable","21":"shipping-taxable","22":"purchasable","23":"product-type-variable"},"exclude_global_add_ons":[],"addons":[],"_links":{"self":[{"href":"https:\/\/mnxsportswear.com\/sl\/wp-json\/wp\/v2\/product\/377517","targetHints":{"allow":["GET"]}}],"collection":[{"href":"https:\/\/mnxsportswear.com\/sl\/wp-json\/wp\/v2\/product"}],"about":[{"href":"https:\/\/mnxsportswear.com\/sl\/wp-json\/wp\/v2\/types\/product"}],"replies":[{"embeddable":true,"href":"https:\/\/mnxsportswear.com\/sl\/wp-json\/wp\/v2\/comments?post=377517"}],"version-history":[{"count":1,"href":"https:\/\/mnxsportswear.com\/sl\/wp-json\/wp\/v2\/product\/377517\/revisions"}],"predecessor-version":[{"id":406812,"href":"https:\/\/mnxsportswear.com\/sl\/wp-json\/wp\/v2\/product\/377517\/revisions\/406812"}],"wp:featuredmedia":[{"embeddable":true,"href":"https:\/\/mnxsportswear.com\/sl\/wp-json\/wp\/v2\/media\/374599"}],"wp:attachment":[{"href":"https:\/\/mnxsportswear.com\/sl\/wp-json\/wp\/v2\/media?parent=377517"}],"wp:term":[{"taxonomy":"product_brand","embeddable":true,"href":"https:\/\/mnxsportswear.com\/sl\/wp-json\/wp\/v2\/product_brand?post=377517"},{"taxonomy":"product_cat","embeddable":true,"href":"https:\/\/mnxsportswear.com\/sl\/wp-json\/wp\/v2\/product_cat?post=377517"},{"taxonomy":"product_tag","embeddable":true,"href":"https:\/\/mnxsportswear.com\/sl\/wp-json\/wp\/v2\/product_tag?post=377517"}],"curies":[{"name":"wp","href":"https:\/\/api.w.org\/{rel}","templated":true}]}}