{"id":377519,"date":"2024-09-02T09:02:02","date_gmt":"2024-09-02T07:02:02","guid":{"rendered":"https:\/\/new24.mnxsportswear.com\/?post_type=product&#038;p=377519"},"modified":"2026-03-01T23:44:12","modified_gmt":"2026-03-01T22:44:12","slug":"mnx-moske-ribbed-kratke-hlace-hammer-3-0-temno-siva","status":"publish","type":"product","link":"https:\/\/mnxsportswear.com\/sl\/product\/mnx-moske-ribbed-kratke-hlace-hammer-3-0-temno-siva\/","title":{"rendered":"MNX Mo\u0161ke ribbed kratke hla\u010de Hammer 3.0, temno siva"},"content":{"rendered":"<p>MNX kratke hla\u010de Hammer.<\/p>\n<ul>\n<li>iz rebrastega blaga,<\/li>\n<li>stranski \u017eepi z zadrgo,<\/li>\n<li>elasti\u010den pas z nastavljivo notranjo vrvico,<\/li>\n<li>posebni na\u0161itki MNX,<\/li>\n<li>3D gumiran print.<\/li>\n<\/ul>\n<p><strong>Material<\/strong>: 50% bomba\u017e, 50% poliester<br \/>\n<strong>Barva<\/strong>: kot na sliki<br \/>\n<strong>Velikosti<\/strong>:\u00a0S, M, L, XL, XXL, 3XL<br \/>\n<strong>Stil<\/strong>: ohlapen kroj<br \/>\n<strong>Te\u017ea:<\/strong> pribl. 350 gramov<\/p>\n<p><em>Model na studijskih fotografijah nosi velikost M (178 cm, 87 kg).<\/em><\/p>\n","protected":false},"excerpt":{"rendered":"<p>Udobne kratke hla\u010de iz <strong>mehkej\u0161ega rebrastega blaga<\/strong>, popolne za \u0161port ali prosti \u010das. Vsebuje <strong>stranske \u017eepe z zadrgo<\/strong>, <strong>elasti\u010den pas<\/strong> z nastavljivo notranjo vrvico in edinstvene <strong>na\u0161itke MNX<\/strong>. Z gumiranim <strong>3D potiskom<\/strong> na obeh hla\u010dnicah za poseben u\u010dinek. Na voljo v razli\u010dnih barvah. Kombiniraj te kratke hla\u010de s <a href=\"https:\/\/mnxsportswear.com\/product-category\/men\/hammer\/\">kolekcijo Hammer<\/a> in ustvari popoln outfit.<\/p>\n","protected":false},"featured_media":368019,"comment_status":"open","ping_status":"closed","template":"","meta":[],"product_brand":[],"product_cat":[3277,3257,3260,3587],"product_tag":[],"class_list":{"0":"post-377519","1":"product","2":"type-product","3":"status-publish","4":"has-post-thumbnail","6":"product_cat-hammer-sl","7":"product_cat-kratke-hlace","8":"product_cat-mosko","9":"product_cat-obnovite-zaloge","10":"yith_product_brand-hammer-sl","11":"yith_product_brand-mnx-sl","13":"first","14":"instock","15":"taxable","16":"shipping-taxable","17":"purchasable","18":"product-type-variable"},"exclude_global_add_ons":[],"addons":[],"_links":{"self":[{"href":"https:\/\/mnxsportswear.com\/sl\/wp-json\/wp\/v2\/product\/377519","targetHints":{"allow":["GET"]}}],"collection":[{"href":"https:\/\/mnxsportswear.com\/sl\/wp-json\/wp\/v2\/product"}],"about":[{"href":"https:\/\/mnxsportswear.com\/sl\/wp-json\/wp\/v2\/types\/product"}],"replies":[{"embeddable":true,"href":"https:\/\/mnxsportswear.com\/sl\/wp-json\/wp\/v2\/comments?post=377519"}],"version-history":[{"count":1,"href":"https:\/\/mnxsportswear.com\/sl\/wp-json\/wp\/v2\/product\/377519\/revisions"}],"predecessor-version":[{"id":406810,"href":"https:\/\/mnxsportswear.com\/sl\/wp-json\/wp\/v2\/product\/377519\/revisions\/406810"}],"wp:featuredmedia":[{"embeddable":true,"href":"https:\/\/mnxsportswear.com\/sl\/wp-json\/wp\/v2\/media\/368019"}],"wp:attachment":[{"href":"https:\/\/mnxsportswear.com\/sl\/wp-json\/wp\/v2\/media?parent=377519"}],"wp:term":[{"taxonomy":"product_brand","embeddable":true,"href":"https:\/\/mnxsportswear.com\/sl\/wp-json\/wp\/v2\/product_brand?post=377519"},{"taxonomy":"product_cat","embeddable":true,"href":"https:\/\/mnxsportswear.com\/sl\/wp-json\/wp\/v2\/product_cat?post=377519"},{"taxonomy":"product_tag","embeddable":true,"href":"https:\/\/mnxsportswear.com\/sl\/wp-json\/wp\/v2\/product_tag?post=377519"}],"curies":[{"name":"wp","href":"https:\/\/api.w.org\/{rel}","templated":true}]}}