{"id":377529,"date":"2024-09-02T09:02:02","date_gmt":"2024-09-02T07:02:02","guid":{"rendered":"https:\/\/new24.mnxsportswear.com\/?post_type=product&#038;p=377529"},"modified":"2026-03-01T23:47:47","modified_gmt":"2026-03-01T22:47:47","slug":"mnx-bombazna-majica-dynamic-rosewood","status":"publish","type":"product","link":"https:\/\/mnxsportswear.com\/sl\/product\/mnx-bombazna-majica-dynamic-rosewood\/","title":{"rendered":"MNX bomba\u017ena majica Dynamic, rosewood"},"content":{"rendered":"<p>MNX ohlapna majica <em>Dynamic<\/em><\/p>\n<ul>\n<li>izdelana iz mehke me\u0161anice bomba\u017ea za maksimalno udobje,<\/li>\n<li>MNX minimalisti\u010den dizajn,<\/li>\n<li>s \u0161ir\u0161imi rokavi,<\/li>\n<li>ohlapen kroj.<\/li>\n<\/ul>\n<p><strong>Material:<\/strong> 100% bomba\u017e (5% kr\u010denje)<br \/>\n<strong>Barva:<\/strong> kot na sliki<br \/>\n<strong>Stil:<\/strong> klasi\u010den<br \/>\n<strong>Te\u017ea:<\/strong> pribl. 250 gramov<br \/>\n<strong>Velikosti:<\/strong> S, M, L, XL, XXL, 3XL<\/p>\n<p><em>Model na studijskih fotografijah nosi velikost L (184 cm, 84 kg).<\/em><\/p>\n","protected":false},"excerpt":{"rendered":"<p><span class=\"HwtZe\" lang=\"sl\">Majica s kratkimi rokavi MNX <em>Dynamic<\/em>, izdelana iz 100% bomba\u017ea, se odlikuje po udobnem<strong> oversized kroju<\/strong>. <strong>\u0160ir\u0161i rokavi<\/strong> zagotavljajo svobodo gibanja med treningom in izbolj\u0161ajo zra\u010dnost. Majico krasi <strong>&#8220;X&#8221; \u0161iv<\/strong> na ovratniku in se pona\u0161a z <strong>minimalisti\u010dno obliko<\/strong>. Na voljo v ve\u010d barvah.<\/span><\/p>\n","protected":false},"featured_media":368191,"comment_status":"open","ping_status":"closed","template":"","meta":[],"product_brand":[],"product_cat":[3262,3259,3260],"product_tag":[],"class_list":{"0":"post-377529","1":"product","2":"type-product","3":"status-publish","4":"has-post-thumbnail","6":"product_cat-klasicne","7":"product_cat-kratke-majice","8":"product_cat-mosko","9":"yith_product_brand-mnx-sl","11":"first","12":"instock","13":"taxable","14":"shipping-taxable","15":"purchasable","16":"product-type-variable"},"exclude_global_add_ons":[],"addons":[],"_links":{"self":[{"href":"https:\/\/mnxsportswear.com\/sl\/wp-json\/wp\/v2\/product\/377529","targetHints":{"allow":["GET"]}}],"collection":[{"href":"https:\/\/mnxsportswear.com\/sl\/wp-json\/wp\/v2\/product"}],"about":[{"href":"https:\/\/mnxsportswear.com\/sl\/wp-json\/wp\/v2\/types\/product"}],"replies":[{"embeddable":true,"href":"https:\/\/mnxsportswear.com\/sl\/wp-json\/wp\/v2\/comments?post=377529"}],"version-history":[{"count":1,"href":"https:\/\/mnxsportswear.com\/sl\/wp-json\/wp\/v2\/product\/377529\/revisions"}],"predecessor-version":[{"id":393490,"href":"https:\/\/mnxsportswear.com\/sl\/wp-json\/wp\/v2\/product\/377529\/revisions\/393490"}],"wp:featuredmedia":[{"embeddable":true,"href":"https:\/\/mnxsportswear.com\/sl\/wp-json\/wp\/v2\/media\/368191"}],"wp:attachment":[{"href":"https:\/\/mnxsportswear.com\/sl\/wp-json\/wp\/v2\/media?parent=377529"}],"wp:term":[{"taxonomy":"product_brand","embeddable":true,"href":"https:\/\/mnxsportswear.com\/sl\/wp-json\/wp\/v2\/product_brand?post=377529"},{"taxonomy":"product_cat","embeddable":true,"href":"https:\/\/mnxsportswear.com\/sl\/wp-json\/wp\/v2\/product_cat?post=377529"},{"taxonomy":"product_tag","embeddable":true,"href":"https:\/\/mnxsportswear.com\/sl\/wp-json\/wp\/v2\/product_tag?post=377529"}],"curies":[{"name":"wp","href":"https:\/\/api.w.org\/{rel}","templated":true}]}}