{"id":386208,"date":"2019-08-08T15:59:40","date_gmt":"2019-08-08T13:59:40","guid":{"rendered":"https:\/\/mnxsportswear.com\/?post_type=product&#038;p=386208"},"modified":"2026-03-01T18:58:00","modified_gmt":"2026-03-01T17:58:00","slug":"mnx-stringer-tank-top-rdeca","status":"publish","type":"product","link":"https:\/\/mnxsportswear.com\/sl\/product\/mnx-stringer-tank-top-rdeca\/","title":{"rendered":"MNX Stringer tank top, rde\u010da"},"content":{"rendered":"<p><strong>MNX Stringer tank top<\/strong><\/p>\n<ul>\n<li>narejen iz 100% mehke bomba\u017ene tkanine za maksimalno udobje,<\/li>\n<li>mre\u017easti del na ramenih,<\/li>\n<li>odsevni elementi MNX.<\/li>\n<\/ul>\n<p><strong>Material:<\/strong> 100% bomba\u017e (del za telo), 100% poliester (mre\u017easti del)<br \/>\n<strong>Barva:<\/strong> kot prikazano<br \/>\n<strong>Stil:<\/strong> klasi\u010den<br \/>\n<strong>Te\u017ea:<\/strong> pribli\u017eno 175 gramov<br \/>\n<strong>Velikosti:<\/strong> S, M, L, XL, 2XL, 3XL, 4XL<\/p>\n","protected":false},"excerpt":{"rendered":"<p>MNX Classic Stringer tank top za trening, narejen iz 100% mehke bomba\u017ene tkanine za maksimalno udobje. Ima mre\u017easti del na ramenih za izbolj\u0161ano kro\u017eenje zraka. Odsevni MNX elementi na sprednji in zadnji strani za varnost pri slabi svetlobi. Na voljo v ve\u010d barvah.<\/p>\n","protected":false},"featured_media":361600,"comment_status":"open","ping_status":"closed","template":"","meta":[],"product_brand":[],"product_cat":[3264,3260,3265],"product_tag":[],"class_list":{"0":"post-386208","1":"product","2":"type-product","3":"status-publish","4":"has-post-thumbnail","6":"product_cat-kanotere","7":"product_cat-mosko","8":"product_cat-stringerji","9":"yith_product_brand-mnx-sl","11":"first","12":"instock","13":"taxable","14":"shipping-taxable","15":"purchasable","16":"product-type-variable"},"exclude_global_add_ons":[],"addons":[],"_links":{"self":[{"href":"https:\/\/mnxsportswear.com\/sl\/wp-json\/wp\/v2\/product\/386208","targetHints":{"allow":["GET"]}}],"collection":[{"href":"https:\/\/mnxsportswear.com\/sl\/wp-json\/wp\/v2\/product"}],"about":[{"href":"https:\/\/mnxsportswear.com\/sl\/wp-json\/wp\/v2\/types\/product"}],"replies":[{"embeddable":true,"href":"https:\/\/mnxsportswear.com\/sl\/wp-json\/wp\/v2\/comments?post=386208"}],"version-history":[{"count":0,"href":"https:\/\/mnxsportswear.com\/sl\/wp-json\/wp\/v2\/product\/386208\/revisions"}],"wp:featuredmedia":[{"embeddable":true,"href":"https:\/\/mnxsportswear.com\/sl\/wp-json\/wp\/v2\/media\/361600"}],"wp:attachment":[{"href":"https:\/\/mnxsportswear.com\/sl\/wp-json\/wp\/v2\/media?parent=386208"}],"wp:term":[{"taxonomy":"product_brand","embeddable":true,"href":"https:\/\/mnxsportswear.com\/sl\/wp-json\/wp\/v2\/product_brand?post=386208"},{"taxonomy":"product_cat","embeddable":true,"href":"https:\/\/mnxsportswear.com\/sl\/wp-json\/wp\/v2\/product_cat?post=386208"},{"taxonomy":"product_tag","embeddable":true,"href":"https:\/\/mnxsportswear.com\/sl\/wp-json\/wp\/v2\/product_tag?post=386208"}],"curies":[{"name":"wp","href":"https:\/\/api.w.org\/{rel}","templated":true}]}}