{"id":392784,"date":"2025-07-09T11:17:20","date_gmt":"2025-07-09T09:17:20","guid":{"rendered":"https:\/\/mnxsportswear.com\/?post_type=product&#038;p=392784"},"modified":"2026-03-21T08:52:22","modified_gmt":"2026-03-21T07:52:22","slug":"mnx-bidon-600-ml","status":"publish","type":"product","link":"https:\/\/mnxsportswear.com\/sl\/product\/mnx-bidon-600-ml\/","title":{"rendered":"MNX shaker 600 ml"},"content":{"rendered":"<p><strong>Specifikacije:<\/strong><\/p>\n<ul>\n<li data-start=\"636\" data-end=\"653\">Volumen: 600 ml<\/li>\n<li data-start=\"656\" data-end=\"669\">Te\u017ea: 140 g<\/li>\n<li data-start=\"672\" data-end=\"709\">Barva: transparentno \u010drna<\/li>\n<li data-start=\"672\" data-end=\"709\">Material: trpe\u017ena plastika brez BPA<\/li>\n<li data-start=\"712\" data-end=\"815\">Vzdr\u017eevanje: Pred prvo uporabo in po vsaki uporabi shaker operi.<\/li>\n<\/ul>\n","protected":false},"excerpt":{"rendered":"<p>Na svoj trening se odpravi s tem trendovskim <strong data-start=\"35\" data-end=\"50\">MNX shakerjem <\/strong>v transparentni \u010drni barvi. Njegova \u0161portna in dinami\u010dna oblika se odli\u010dno prilega roki, medtem ko trpe\u017een material brez BPA zagotavlja varno uporabo tudi ob vsakodnevni vadbi. Shaker ima prilo\u017eeno odstranljivo sito.<\/p>\n","protected":false},"featured_media":392815,"comment_status":"open","ping_status":"closed","template":"","meta":[],"product_brand":[],"product_cat":[3300,3375],"product_tag":[],"class_list":{"0":"post-392784","1":"product","2":"type-product","3":"status-publish","4":"has-post-thumbnail","6":"product_cat-dodatki","7":"product_cat-novo-v-prihodu","8":"yith_product_brand-mnx-sl","10":"first","11":"instock","12":"sale","13":"taxable","14":"shipping-taxable","15":"purchasable","16":"product-type-simple"},"exclude_global_add_ons":[],"addons":[],"_links":{"self":[{"href":"https:\/\/mnxsportswear.com\/sl\/wp-json\/wp\/v2\/product\/392784","targetHints":{"allow":["GET"]}}],"collection":[{"href":"https:\/\/mnxsportswear.com\/sl\/wp-json\/wp\/v2\/product"}],"about":[{"href":"https:\/\/mnxsportswear.com\/sl\/wp-json\/wp\/v2\/types\/product"}],"replies":[{"embeddable":true,"href":"https:\/\/mnxsportswear.com\/sl\/wp-json\/wp\/v2\/comments?post=392784"}],"version-history":[{"count":4,"href":"https:\/\/mnxsportswear.com\/sl\/wp-json\/wp\/v2\/product\/392784\/revisions"}],"predecessor-version":[{"id":404107,"href":"https:\/\/mnxsportswear.com\/sl\/wp-json\/wp\/v2\/product\/392784\/revisions\/404107"}],"wp:featuredmedia":[{"embeddable":true,"href":"https:\/\/mnxsportswear.com\/sl\/wp-json\/wp\/v2\/media\/392815"}],"wp:attachment":[{"href":"https:\/\/mnxsportswear.com\/sl\/wp-json\/wp\/v2\/media?parent=392784"}],"wp:term":[{"taxonomy":"product_brand","embeddable":true,"href":"https:\/\/mnxsportswear.com\/sl\/wp-json\/wp\/v2\/product_brand?post=392784"},{"taxonomy":"product_cat","embeddable":true,"href":"https:\/\/mnxsportswear.com\/sl\/wp-json\/wp\/v2\/product_cat?post=392784"},{"taxonomy":"product_tag","embeddable":true,"href":"https:\/\/mnxsportswear.com\/sl\/wp-json\/wp\/v2\/product_tag?post=392784"}],"curies":[{"name":"wp","href":"https:\/\/api.w.org\/{rel}","templated":true}]}}