{"id":393172,"date":"2025-07-30T14:39:07","date_gmt":"2025-07-30T12:39:07","guid":{"rendered":"https:\/\/mnxsportswear.com\/?post_type=product&#038;p=393172"},"modified":"2026-03-01T18:05:09","modified_gmt":"2026-03-01T17:05:09","slug":"mnx-moske-rebraste-dolge-hlace-hammer-3-0-light-sive","status":"publish","type":"product","link":"https:\/\/mnxsportswear.com\/sl\/product\/mnx-moske-rebraste-dolge-hlace-hammer-3-0-light-sive\/","title":{"rendered":"MNX Mo\u0161ke rebraste dolge hla\u010de Hammer 3.0 light, sive"},"content":{"rendered":"<p>MNX rebraste hla\u010de Hammer.<\/p>\n<ul>\n<li>iz rebraste bomba\u017ene tkanine,<\/li>\n<li>stranski \u017eepi,<\/li>\n<li>elasti\u010den pas z nastavljivo notranjo vrvico,<\/li>\n<li>masiven &#8220;3D&#8221; gumijast logotip,<\/li>\n<li>posebne in edinstvene podrobnosti.<\/li>\n<\/ul>\n<p><strong>Material<\/strong>: 50% bomba\u017e, 50% poliester<br \/>\n<strong>Barva<\/strong>: kot na sliki<br \/>\n<strong>Velikosti<\/strong>:\u00a0S, M, L, XL, 2XL, 3XL<\/p>\n","protected":false},"excerpt":{"rendered":"<p><span class=\"HwtZe\" lang=\"sl\">Do\u017eivi vrhunsko udobje z najnovej\u0161im modelom HAMMER hla\u010d, izdelanih iz mehkega rebrastega materiala z me\u0161anico bomba\u017ea, ki nudi tako prilagodljivost kot ob\u010dutek kakovosti. Hla\u010de so zasnovane za \u0161portne aktivnosti ali spro\u0161\u010deno vsakodnevno no\u0161enje, imajo stranske \u017eepe, elasti\u010den pas z notranjo nastavljivo vrvico, dopolnjujejo pa jih izrazit gumiran logotip MNX in ekskluzivni vezeni na\u0161itki. Na voljo v treh modnih barvah, ki se odli\u010dno ujemajo s tvojim stilom.<\/span><\/p>\n","protected":false},"featured_media":394048,"comment_status":"open","ping_status":"closed","template":"","meta":[],"product_brand":[],"product_cat":[3272,3277,3274,3260,3375],"product_tag":[],"class_list":{"0":"post-393172","1":"product","2":"type-product","3":"status-publish","4":"has-post-thumbnail","6":"product_cat-dolge-hlace","7":"product_cat-hammer-sl","8":"product_cat-loose-fit-hlace","9":"product_cat-mosko","10":"product_cat-novo-v-prihodu","11":"yith_product_brand-hammer-sl","12":"yith_product_brand-mnx-sl","14":"first","15":"instock","16":"taxable","17":"shipping-taxable","18":"purchasable","19":"product-type-variable"},"exclude_global_add_ons":[],"addons":[],"_links":{"self":[{"href":"https:\/\/mnxsportswear.com\/sl\/wp-json\/wp\/v2\/product\/393172","targetHints":{"allow":["GET"]}}],"collection":[{"href":"https:\/\/mnxsportswear.com\/sl\/wp-json\/wp\/v2\/product"}],"about":[{"href":"https:\/\/mnxsportswear.com\/sl\/wp-json\/wp\/v2\/types\/product"}],"replies":[{"embeddable":true,"href":"https:\/\/mnxsportswear.com\/sl\/wp-json\/wp\/v2\/comments?post=393172"}],"version-history":[{"count":1,"href":"https:\/\/mnxsportswear.com\/sl\/wp-json\/wp\/v2\/product\/393172\/revisions"}],"predecessor-version":[{"id":393216,"href":"https:\/\/mnxsportswear.com\/sl\/wp-json\/wp\/v2\/product\/393172\/revisions\/393216"}],"wp:featuredmedia":[{"embeddable":true,"href":"https:\/\/mnxsportswear.com\/sl\/wp-json\/wp\/v2\/media\/394048"}],"wp:attachment":[{"href":"https:\/\/mnxsportswear.com\/sl\/wp-json\/wp\/v2\/media?parent=393172"}],"wp:term":[{"taxonomy":"product_brand","embeddable":true,"href":"https:\/\/mnxsportswear.com\/sl\/wp-json\/wp\/v2\/product_brand?post=393172"},{"taxonomy":"product_cat","embeddable":true,"href":"https:\/\/mnxsportswear.com\/sl\/wp-json\/wp\/v2\/product_cat?post=393172"},{"taxonomy":"product_tag","embeddable":true,"href":"https:\/\/mnxsportswear.com\/sl\/wp-json\/wp\/v2\/product_tag?post=393172"}],"curies":[{"name":"wp","href":"https:\/\/api.w.org\/{rel}","templated":true}]}}