{"id":393282,"date":"2025-07-30T14:39:06","date_gmt":"2025-07-30T12:39:06","guid":{"rendered":"https:\/\/mnxsportswear.com\/?post_type=product&#038;p=393282"},"modified":"2026-03-01T18:05:09","modified_gmt":"2026-03-01T17:05:09","slug":"mnx-kratke-hlace-golden-era-2-0-crna","status":"publish","type":"product","link":"https:\/\/mnxsportswear.com\/sl\/product\/mnx-kratke-hlace-golden-era-2-0-crna\/","title":{"rendered":"MNX Kratke hla\u010de Golden Era 2.0, \u010drna"},"content":{"rendered":"<p>MNX kratke hla\u010de Golden Era:<\/p>\n<ul>\n<li>lahka udobna tkanina,<\/li>\n<li>obi\u010dajna velikost,<\/li>\n<li>kot nala\u0161\u010d za trening ali prosti \u010das,<\/li>\n<li>originalen MNX branding,<\/li>\n<li>stranski \u017eepi in elasti\u010den pas z notranjo vrvico.<\/li>\n<\/ul>\n<p><strong>Material<\/strong>: 100% poliester (5% kr\u010denje)<br \/>\n<strong>Barva<\/strong>: kot na sliki<br \/>\n<strong>Te\u017ea<\/strong>: pribl. 170 gramov<br \/>\n<strong>Velikosti<\/strong>: S\/M, L\/XL, XXL\/3XL, 4XL\/5XL<br \/>\n<strong>Stil<\/strong>: obi\u010dajno prileganje<\/p>\n<p><em>Model na studijskih fotografijah nosi velikost S\/M (184 cm, 84 kg).<\/em><\/p>\n","protected":false},"excerpt":{"rendered":"<p><span class=\"HwtZe\" lang=\"sl\">Odpravi se v telovadnico samozavestno z osve\u017eenim modelom 2.0 iz na\u0161e priljubljene kolekcije Golden Era. Te old-school kratke hla\u010de zdru\u017eujejo vintage estetiko z modernim udobjem. Opremljene so s stranskimi razporki za bolj\u0161o gibljivost, funkcionalnimi stranskimi \u017eepi in udobnim belim elasti\u010dnim pasom. Zaklju\u010dene so z originalnim MNX logotipom, na voljo pa so v ve\u010d barvah, da se popolnoma ujemajo s tvojim retro stilom.<\/span><\/p>\n","protected":false},"featured_media":394358,"comment_status":"open","ping_status":"closed","template":"","meta":[],"product_brand":[],"product_cat":[3283,3257,3260,3375],"product_tag":[],"class_list":{"0":"post-393282","1":"product","2":"type-product","3":"status-publish","4":"has-post-thumbnail","6":"product_cat-golden-era-sl","7":"product_cat-kratke-hlace","8":"product_cat-mosko","9":"product_cat-novo-v-prihodu","10":"pa_double-sizes-4xl-5xl-sl","11":"pa_double-sizes-l-xl-sl","12":"pa_double-sizes-s-m-sl","13":"pa_double-sizes-xxl-3xl-sl","14":"yith_product_brand-golden-era-sl","15":"yith_product_brand-mnx-sl","17":"first","18":"instock","19":"taxable","20":"shipping-taxable","21":"purchasable","22":"product-type-variable"},"exclude_global_add_ons":[],"addons":[],"_links":{"self":[{"href":"https:\/\/mnxsportswear.com\/sl\/wp-json\/wp\/v2\/product\/393282","targetHints":{"allow":["GET"]}}],"collection":[{"href":"https:\/\/mnxsportswear.com\/sl\/wp-json\/wp\/v2\/product"}],"about":[{"href":"https:\/\/mnxsportswear.com\/sl\/wp-json\/wp\/v2\/types\/product"}],"replies":[{"embeddable":true,"href":"https:\/\/mnxsportswear.com\/sl\/wp-json\/wp\/v2\/comments?post=393282"}],"version-history":[{"count":1,"href":"https:\/\/mnxsportswear.com\/sl\/wp-json\/wp\/v2\/product\/393282\/revisions"}],"predecessor-version":[{"id":393357,"href":"https:\/\/mnxsportswear.com\/sl\/wp-json\/wp\/v2\/product\/393282\/revisions\/393357"}],"wp:featuredmedia":[{"embeddable":true,"href":"https:\/\/mnxsportswear.com\/sl\/wp-json\/wp\/v2\/media\/394358"}],"wp:attachment":[{"href":"https:\/\/mnxsportswear.com\/sl\/wp-json\/wp\/v2\/media?parent=393282"}],"wp:term":[{"taxonomy":"product_brand","embeddable":true,"href":"https:\/\/mnxsportswear.com\/sl\/wp-json\/wp\/v2\/product_brand?post=393282"},{"taxonomy":"product_cat","embeddable":true,"href":"https:\/\/mnxsportswear.com\/sl\/wp-json\/wp\/v2\/product_cat?post=393282"},{"taxonomy":"product_tag","embeddable":true,"href":"https:\/\/mnxsportswear.com\/sl\/wp-json\/wp\/v2\/product_tag?post=393282"}],"curies":[{"name":"wp","href":"https:\/\/api.w.org\/{rel}","templated":true}]}}