{"id":393374,"date":"2025-07-30T14:39:05","date_gmt":"2025-07-30T12:39:05","guid":{"rendered":"https:\/\/mnxsportswear.com\/?post_type=product&#038;p=393374"},"modified":"2026-03-01T18:05:09","modified_gmt":"2026-03-01T17:05:09","slug":"mnx-moske-mesh-kratke-hlace-hardcore-crne","status":"publish","type":"product","link":"https:\/\/mnxsportswear.com\/sl\/product\/mnx-moske-mesh-kratke-hlace-hardcore-crne\/","title":{"rendered":"MNX Mo\u0161ke mesh kratke hla\u010de Hardcore, \u010drne"},"content":{"rendered":"<p data-start=\"64\" data-end=\"111\"><strong data-start=\"64\" data-end=\"111\">MNX udobne mre\u017easte kratke hla\u010de \u2013 Hardcore<\/strong><\/p>\n<ul data-start=\"113\" data-end=\"271\">\n<li data-start=\"113\" data-end=\"139\">\n<p data-start=\"115\" data-end=\"139\">Lahek mre\u017east material<\/p>\n<\/li>\n<li data-start=\"140\" data-end=\"156\">\n<p data-start=\"142\" data-end=\"156\">Ohlapen kroj<\/p>\n<\/li>\n<li data-start=\"157\" data-end=\"194\">\n<p data-start=\"159\" data-end=\"194\">Popolne za trening ali prosti \u010das<\/p>\n<\/li>\n<li data-start=\"195\" data-end=\"218\">\n<p data-start=\"197\" data-end=\"218\">Hardcore MNX dizajn<\/p>\n<\/li>\n<li data-start=\"219\" data-end=\"271\">\n<p data-start=\"221\" data-end=\"271\">Stranski \u017eepi in elasti\u010den pas z notranjo vrvico<\/p>\n<\/li>\n<\/ul>\n<p data-start=\"273\" data-end=\"431\"><strong data-start=\"273\" data-end=\"286\">Material:<\/strong> 100 % poliester<br data-start=\"302\" data-end=\"305\" \/><strong data-start=\"305\" data-end=\"315\">Barva:<\/strong> kot na sliki<br data-start=\"328\" data-end=\"331\" \/><strong data-start=\"331\" data-end=\"345\">Velikosti:<\/strong> S, M, L, XL, XXL, 3XL<br data-start=\"367\" data-end=\"370\" \/><strong data-start=\"370\" data-end=\"379\">Kroj:<\/strong> ohlapen (loose fit)<br data-start=\"399\" data-end=\"402\" \/><strong data-start=\"402\" data-end=\"411\">Te\u017ea:<\/strong> pribl. 250 gramov<\/p>\n<p data-start=\"433\" data-end=\"500\">Model na studijskih fotografijah nosi velikost S\/M (184 cm, 84 kg).<\/p>\n","protected":false},"excerpt":{"rendered":"<p><span class=\"HwtZe\" lang=\"sl\">Predstavljamo <strong data-start=\"507\" data-end=\"559\">MNX Hardcore mre\u017easte kratke hla\u010de<\/strong> iz na\u0161e najnovej\u0161e kolekcije, ki so popolna izbira za intenzivne treninge ali spro\u0161\u010deno \u0161portno udobje. Izdelane so iz lahkega in zra\u010dnega mre\u017eastega materiala, ki zagotavlja optimalno zra\u010denje tudi med najzahtevnej\u0161imi treningi. Hla\u010de imajo stranske \u017eepe, elasti\u010den pas z notranjo vrvico za varno prileganje ter izrazit Hardcore dizajn, ki se odli\u010dno ujema z ujemajo\u010do Hardcore majico. Zaklju\u010dene so z ikoni\u010dnim Hardcore na\u0161itkom, ki poudari tvojo nepopustljivo trenersko fokusiranost.<br \/>\n<\/span><\/p>\n","protected":false},"featured_media":394078,"comment_status":"open","ping_status":"closed","template":"","meta":[],"product_brand":[],"product_cat":[3257,3260,3375],"product_tag":[],"class_list":{"0":"post-393374","1":"product","2":"type-product","3":"status-publish","4":"has-post-thumbnail","6":"product_cat-kratke-hlace","7":"product_cat-mosko","8":"product_cat-novo-v-prihodu","9":"yith_product_brand-mnx-sl","11":"first","12":"instock","13":"taxable","14":"shipping-taxable","15":"purchasable","16":"product-type-variable"},"exclude_global_add_ons":[],"addons":[],"_links":{"self":[{"href":"https:\/\/mnxsportswear.com\/sl\/wp-json\/wp\/v2\/product\/393374","targetHints":{"allow":["GET"]}}],"collection":[{"href":"https:\/\/mnxsportswear.com\/sl\/wp-json\/wp\/v2\/product"}],"about":[{"href":"https:\/\/mnxsportswear.com\/sl\/wp-json\/wp\/v2\/types\/product"}],"replies":[{"embeddable":true,"href":"https:\/\/mnxsportswear.com\/sl\/wp-json\/wp\/v2\/comments?post=393374"}],"version-history":[{"count":1,"href":"https:\/\/mnxsportswear.com\/sl\/wp-json\/wp\/v2\/product\/393374\/revisions"}],"predecessor-version":[{"id":393489,"href":"https:\/\/mnxsportswear.com\/sl\/wp-json\/wp\/v2\/product\/393374\/revisions\/393489"}],"wp:featuredmedia":[{"embeddable":true,"href":"https:\/\/mnxsportswear.com\/sl\/wp-json\/wp\/v2\/media\/394078"}],"wp:attachment":[{"href":"https:\/\/mnxsportswear.com\/sl\/wp-json\/wp\/v2\/media?parent=393374"}],"wp:term":[{"taxonomy":"product_brand","embeddable":true,"href":"https:\/\/mnxsportswear.com\/sl\/wp-json\/wp\/v2\/product_brand?post=393374"},{"taxonomy":"product_cat","embeddable":true,"href":"https:\/\/mnxsportswear.com\/sl\/wp-json\/wp\/v2\/product_cat?post=393374"},{"taxonomy":"product_tag","embeddable":true,"href":"https:\/\/mnxsportswear.com\/sl\/wp-json\/wp\/v2\/product_tag?post=393374"}],"curies":[{"name":"wp","href":"https:\/\/api.w.org\/{rel}","templated":true}]}}