{"id":393560,"date":"2025-07-30T14:39:03","date_gmt":"2025-07-30T12:39:03","guid":{"rendered":"https:\/\/mnxsportswear.com\/?post_type=product&#038;p=393560"},"modified":"2026-03-01T18:05:09","modified_gmt":"2026-03-01T17:05:09","slug":"mnx-oversized-majica-hardcore-rdeca","status":"publish","type":"product","link":"https:\/\/mnxsportswear.com\/sl\/product\/mnx-oversized-majica-hardcore-rdeca\/","title":{"rendered":"MNX Oversized majica Hardcore, rde\u010da"},"content":{"rendered":"<p data-start=\"1810\" data-end=\"1845\"><strong data-start=\"1810\" data-end=\"1843\">MNX Loose-Fit majica Hardcore<\/strong><\/p>\n<ul>\n<li data-start=\"1847\" data-end=\"1974\">Izdelana iz mehke bomba\u017ene me\u0161anice za maksimalno udobje,<\/li>\n<li data-start=\"1847\" data-end=\"1974\">originalni dizajn MNX,<\/li>\n<li data-start=\"1847\" data-end=\"1974\">s kratkimi rokavi,<\/li>\n<li data-start=\"1847\" data-end=\"1974\">ohlapno prileganje.<\/li>\n<\/ul>\n<p data-start=\"1976\" data-end=\"2138\"><strong data-start=\"1976\" data-end=\"1988\">Material<\/strong>: 100 % bomba\u017e (5 % kr\u010denje)<br data-start=\"2016\" data-end=\"2019\" \/><strong data-start=\"2019\" data-end=\"2028\">Barva<\/strong>: kot prikazano<br data-start=\"2043\" data-end=\"2046\" \/><strong data-start=\"2046\" data-end=\"2054\">Stil<\/strong>: klasi\u010den<br data-start=\"2064\" data-end=\"2067\" \/><strong data-start=\"2067\" data-end=\"2075\">Te\u017ea<\/strong>: pribli\u017eno 250 gramov<br data-start=\"2097\" data-end=\"2100\" \/><strong data-start=\"2100\" data-end=\"2113\">Velikosti<\/strong>: S, M, L, XL, XXL, 3XL<\/p>\n<p data-start=\"2140\" data-end=\"2205\"><em>Model na studijskih fotografijah nosi velikost L (184 cm, 84 kg).<\/em><\/p>\n","protected":false},"excerpt":{"rendered":"<p><span class=\"HwtZe\" lang=\"sl\">Izpopolni svoj \u0161portno-ulic\u030cni stil s to MNX bomba\u017eno majico Hardcore. Ta majica je izdelana iz mehkega, visokokakovostnega bomba\u017ea, z ohlapnim krojem in omogo\u010da maksimalno svobodo gibanja in udobje skozi ves dan. Izrazit grafi\u010dni potisk &#8220;Hardcore&#8221; doda stil, natrgani robovi pa surov in robusten zaklju\u010dek. Popolna za \u0161portni ali spro\u0161\u010den videz \u2013 ustvarjena za tiste, ki trenirajo z zanosom in \u017eivijo s ciljem pred sabo. Na voljo je v ve\u010d barvah in je idealna za kombinacijo s Hardcore mre\u017eastimi kratkimi hla\u010dami.<\/span><\/p>\n","protected":false},"featured_media":394143,"comment_status":"open","ping_status":"closed","template":"","meta":[],"product_brand":[],"product_cat":[3259,3260,3375,3261],"product_tag":[],"class_list":{"0":"post-393560","1":"product","2":"type-product","3":"status-publish","4":"has-post-thumbnail","6":"product_cat-kratke-majice","7":"product_cat-mosko","8":"product_cat-novo-v-prihodu","9":"product_cat-oversized-majice","10":"yith_product_brand-mnx-sl","12":"first","13":"instock","14":"taxable","15":"shipping-taxable","16":"purchasable","17":"product-type-variable"},"exclude_global_add_ons":[],"addons":[],"_links":{"self":[{"href":"https:\/\/mnxsportswear.com\/sl\/wp-json\/wp\/v2\/product\/393560","targetHints":{"allow":["GET"]}}],"collection":[{"href":"https:\/\/mnxsportswear.com\/sl\/wp-json\/wp\/v2\/product"}],"about":[{"href":"https:\/\/mnxsportswear.com\/sl\/wp-json\/wp\/v2\/types\/product"}],"replies":[{"embeddable":true,"href":"https:\/\/mnxsportswear.com\/sl\/wp-json\/wp\/v2\/comments?post=393560"}],"version-history":[{"count":2,"href":"https:\/\/mnxsportswear.com\/sl\/wp-json\/wp\/v2\/product\/393560\/revisions"}],"predecessor-version":[{"id":395441,"href":"https:\/\/mnxsportswear.com\/sl\/wp-json\/wp\/v2\/product\/393560\/revisions\/395441"}],"wp:featuredmedia":[{"embeddable":true,"href":"https:\/\/mnxsportswear.com\/sl\/wp-json\/wp\/v2\/media\/394143"}],"wp:attachment":[{"href":"https:\/\/mnxsportswear.com\/sl\/wp-json\/wp\/v2\/media?parent=393560"}],"wp:term":[{"taxonomy":"product_brand","embeddable":true,"href":"https:\/\/mnxsportswear.com\/sl\/wp-json\/wp\/v2\/product_brand?post=393560"},{"taxonomy":"product_cat","embeddable":true,"href":"https:\/\/mnxsportswear.com\/sl\/wp-json\/wp\/v2\/product_cat?post=393560"},{"taxonomy":"product_tag","embeddable":true,"href":"https:\/\/mnxsportswear.com\/sl\/wp-json\/wp\/v2\/product_tag?post=393560"}],"curies":[{"name":"wp","href":"https:\/\/api.w.org\/{rel}","templated":true}]}}