{"id":393825,"date":"2025-07-30T14:39:00","date_gmt":"2025-07-30T12:39:00","guid":{"rendered":"https:\/\/mnxsportswear.com\/?post_type=product&#038;p=393825"},"modified":"2026-03-01T18:05:09","modified_gmt":"2026-03-01T17:05:09","slug":"mnx-extra-hc-majica-4-0-z-izpranim-izgledom-zelena","status":"publish","type":"product","link":"https:\/\/mnxsportswear.com\/sl\/product\/mnx-extra-hc-majica-4-0-z-izpranim-izgledom-zelena\/","title":{"rendered":"MNX Extra HC majica 4.0 z izpranim izgledom, zelena"},"content":{"rendered":"<p data-start=\"3552\" data-end=\"3583\">MNX mo\u0161ka ekstra velika majica.<\/p>\n<ul data-start=\"3585\" data-end=\"3671\">\n<li data-start=\"3585\" data-end=\"3603\">\n<p data-start=\"3587\" data-end=\"3603\">Oversized kroj<\/p>\n<\/li>\n<li data-start=\"3604\" data-end=\"3631\">\n<p data-start=\"3606\" data-end=\"3631\">Mehak material (bomba\u017e)<\/p>\n<\/li>\n<li data-start=\"3632\" data-end=\"3649\">\n<p data-start=\"3634\" data-end=\"3649\">Izpran izgled<\/p>\n<\/li>\n<li data-start=\"3650\" data-end=\"3671\">\n<p data-start=\"3652\" data-end=\"3671\">Vezenje logotipov<\/p>\n<\/li>\n<\/ul>\n<p data-start=\"3673\" data-end=\"3820\">Material: 100 % bomba\u017e (5 % kr\u010denje)<br data-start=\"3709\" data-end=\"3712\" \/>Barva: kot prikazano<br data-start=\"3732\" data-end=\"3735\" \/>Slog: oversized majica<br data-start=\"3757\" data-end=\"3760\" \/>Te\u017ea: pribli\u017eno 320 gramov<br data-start=\"3786\" data-end=\"3789\" \/>Velikosti: S\/M, L\/XL, 2XL\/3XL<\/p>\n<p data-start=\"3822\" data-end=\"3887\">Model na studijskih fotografijah nosi velikost L (184 cm, 84 kg).<\/p>\n","protected":false},"excerpt":{"rendered":"<p>Do\u017eivi drzen stil z <strong>MNX Extra Oversized majico HC 4.0,<\/strong> ki ima poseben izpran videz za vintage pridih. Izdelana je iz mehke 100 % bomba\u017ene tkanine in ponuja spro\u0161\u010den oversized kroj za maksimalno udobje in urbano modno izra\u017eanje. Na hrbtu se nahaja ekstra velik potisk MNX logotipa, ki mo\u010dno izstopa. Spodnji rob majice je zaobljen za moden pridih, natrgani robovi pa dodajo robusten izgled. Na voljo v ve\u010d barvah, da ustreza tvojemu edinstvenemu slogu.<\/p>\n","protected":false},"featured_media":394308,"comment_status":"open","ping_status":"closed","template":"","meta":[],"product_brand":[],"product_cat":[3275,3259,3260,3375,3261],"product_tag":[],"class_list":{"0":"post-393825","1":"product","2":"type-product","3":"status-publish","4":"has-post-thumbnail","6":"product_cat-extra-sl","7":"product_cat-kratke-majice","8":"product_cat-mosko","9":"product_cat-novo-v-prihodu","10":"product_cat-oversized-majice","11":"yith_product_brand-extra-sl","12":"yith_product_brand-mnx-sl","14":"first","15":"instock","16":"taxable","17":"shipping-taxable","18":"purchasable","19":"product-type-variable"},"exclude_global_add_ons":[],"addons":[],"_links":{"self":[{"href":"https:\/\/mnxsportswear.com\/sl\/wp-json\/wp\/v2\/product\/393825","targetHints":{"allow":["GET"]}}],"collection":[{"href":"https:\/\/mnxsportswear.com\/sl\/wp-json\/wp\/v2\/product"}],"about":[{"href":"https:\/\/mnxsportswear.com\/sl\/wp-json\/wp\/v2\/types\/product"}],"replies":[{"embeddable":true,"href":"https:\/\/mnxsportswear.com\/sl\/wp-json\/wp\/v2\/comments?post=393825"}],"version-history":[{"count":1,"href":"https:\/\/mnxsportswear.com\/sl\/wp-json\/wp\/v2\/product\/393825\/revisions"}],"predecessor-version":[{"id":393903,"href":"https:\/\/mnxsportswear.com\/sl\/wp-json\/wp\/v2\/product\/393825\/revisions\/393903"}],"wp:featuredmedia":[{"embeddable":true,"href":"https:\/\/mnxsportswear.com\/sl\/wp-json\/wp\/v2\/media\/394308"}],"wp:attachment":[{"href":"https:\/\/mnxsportswear.com\/sl\/wp-json\/wp\/v2\/media?parent=393825"}],"wp:term":[{"taxonomy":"product_brand","embeddable":true,"href":"https:\/\/mnxsportswear.com\/sl\/wp-json\/wp\/v2\/product_brand?post=393825"},{"taxonomy":"product_cat","embeddable":true,"href":"https:\/\/mnxsportswear.com\/sl\/wp-json\/wp\/v2\/product_cat?post=393825"},{"taxonomy":"product_tag","embeddable":true,"href":"https:\/\/mnxsportswear.com\/sl\/wp-json\/wp\/v2\/product_tag?post=393825"}],"curies":[{"name":"wp","href":"https:\/\/api.w.org\/{rel}","templated":true}]}}