{"id":394666,"date":"2025-07-30T14:38:56","date_gmt":"2025-07-30T12:38:56","guid":{"rendered":"https:\/\/mnxsportswear.com\/?post_type=product&#038;p=394666"},"modified":"2026-03-01T18:26:05","modified_gmt":"2026-03-01T17:26:05","slug":"bombazna-majica-mnx-basix-cokoladna","status":"publish","type":"product","link":"https:\/\/mnxsportswear.com\/sl\/product\/bombazna-majica-mnx-basix-cokoladna\/","title":{"rendered":"Bomba\u017ena majica MNX Basix, \u010dokoladna"},"content":{"rendered":"<p data-start=\"1847\" data-end=\"1879\"><strong data-start=\"1847\" data-end=\"1879\">MNX srednje oversized majica<\/strong><\/p>\n<ul>\n<li data-start=\"1881\" data-end=\"2012\">Izdelana iz mehke bomba\u017ene me\u0161anice za maksimalno udobje,<\/li>\n<li data-start=\"1881\" data-end=\"2012\">minimalisti\u010dni dizajn MNX,<\/li>\n<li data-start=\"1881\" data-end=\"2012\">s kratkimi rokavi,<\/li>\n<li data-start=\"1881\" data-end=\"2012\">ohlapno prileganje.<\/li>\n<\/ul>\n<p data-start=\"2014\" data-end=\"2173\"><strong data-start=\"2014\" data-end=\"2026\">Material<\/strong>: 100 % bomba\u017e (5% kr\u010denje)<br data-start=\"2054\" data-end=\"2057\" \/><strong data-start=\"2057\" data-end=\"2066\">Barva<\/strong>: kot prikazano<br data-start=\"2081\" data-end=\"2084\" \/><strong data-start=\"2084\" data-end=\"2092\">Stil<\/strong>: klasi\u010den<br data-start=\"2102\" data-end=\"2105\" \/><strong data-start=\"2105\" data-end=\"2113\">Te\u017ea<\/strong>: pribli\u017eno 300 gramov<br data-start=\"2135\" data-end=\"2138\" \/><strong data-start=\"2138\" data-end=\"2151\">Velikosti<\/strong>: S\/M, L\/XL, XXL\/3XL<\/p>\n<p data-start=\"2175\" data-end=\"2243\"><em>Model na studijskih fotografijah nosi velikost L\/XL (184 cm, 84 kg).<\/em><\/p>\n","protected":false},"excerpt":{"rendered":"<p><span class=\"HwtZe\" lang=\"sl\">Odpravi se na trening s to srednje oversized bomba\u017eno majico z rahlo zaobljenim spodnjim robom in stranskimi razporki. Minimalisti\u010dni dizajn dopolnjuje majhen gumiran MNX logotip spredaj ter Basix na\u0161itek zadaj. Na voljo v ve\u010d barvah.<\/span><\/p>\n","protected":false},"featured_media":394173,"comment_status":"open","ping_status":"closed","template":"","meta":[],"product_brand":[],"product_cat":[3259,3260,3375,3261],"product_tag":[],"class_list":{"0":"post-394666","1":"product","2":"type-product","3":"status-publish","4":"has-post-thumbnail","6":"product_cat-kratke-majice","7":"product_cat-mosko","8":"product_cat-novo-v-prihodu","9":"product_cat-oversized-majice","10":"yith_product_brand-mnx-sl","12":"first","13":"instock","14":"taxable","15":"shipping-taxable","16":"purchasable","17":"product-type-variable"},"exclude_global_add_ons":[],"addons":[],"_links":{"self":[{"href":"https:\/\/mnxsportswear.com\/sl\/wp-json\/wp\/v2\/product\/394666","targetHints":{"allow":["GET"]}}],"collection":[{"href":"https:\/\/mnxsportswear.com\/sl\/wp-json\/wp\/v2\/product"}],"about":[{"href":"https:\/\/mnxsportswear.com\/sl\/wp-json\/wp\/v2\/types\/product"}],"replies":[{"embeddable":true,"href":"https:\/\/mnxsportswear.com\/sl\/wp-json\/wp\/v2\/comments?post=394666"}],"version-history":[{"count":1,"href":"https:\/\/mnxsportswear.com\/sl\/wp-json\/wp\/v2\/product\/394666\/revisions"}],"predecessor-version":[{"id":394705,"href":"https:\/\/mnxsportswear.com\/sl\/wp-json\/wp\/v2\/product\/394666\/revisions\/394705"}],"wp:featuredmedia":[{"embeddable":true,"href":"https:\/\/mnxsportswear.com\/sl\/wp-json\/wp\/v2\/media\/394173"}],"wp:attachment":[{"href":"https:\/\/mnxsportswear.com\/sl\/wp-json\/wp\/v2\/media?parent=394666"}],"wp:term":[{"taxonomy":"product_brand","embeddable":true,"href":"https:\/\/mnxsportswear.com\/sl\/wp-json\/wp\/v2\/product_brand?post=394666"},{"taxonomy":"product_cat","embeddable":true,"href":"https:\/\/mnxsportswear.com\/sl\/wp-json\/wp\/v2\/product_cat?post=394666"},{"taxonomy":"product_tag","embeddable":true,"href":"https:\/\/mnxsportswear.com\/sl\/wp-json\/wp\/v2\/product_tag?post=394666"}],"curies":[{"name":"wp","href":"https:\/\/api.w.org\/{rel}","templated":true}]}}