{"id":394824,"date":"2025-07-30T14:38:55","date_gmt":"2025-07-30T12:38:55","guid":{"rendered":"https:\/\/mnxsportswear.com\/?post_type=product&#038;p=394824"},"modified":"2026-03-01T18:26:05","modified_gmt":"2026-03-01T17:26:05","slug":"mnx-stringer-golden-era-2-0-vijolicno-bela","status":"publish","type":"product","link":"https:\/\/mnxsportswear.com\/sl\/product\/mnx-stringer-golden-era-2-0-vijolicno-bela\/","title":{"rendered":"MNX Stringer Golden Era 2.0, vijoli\u010dno-bela"},"content":{"rendered":"<p data-pm-slice=\"1 1 []\">MNX stringer tank top iz serije GOLDEN ERA.<\/p>\n<ul>\n<li>Izdelan iz mehkega bomba\u017ea za maksimalno udobje,<\/li>\n<li>klasi\u010den kroj za neovirano gibanje,<\/li>\n<li>dvobarvni dizajn,<\/li>\n<li>ikoni\u010den Golden Era branding,<\/li>\n<li>udobno prileganje z zaobljenim spodnjim robom.<\/li>\n<\/ul>\n<p><strong>Material<\/strong>: 100 % bomba\u017e (5 % kr\u010denje)<br \/>\n<strong>Barva<\/strong>: kot prikazano<br \/>\n<strong>Stil<\/strong>: klasi\u010den<br \/>\n<strong>Te\u017ea<\/strong>: pribli\u017eno 150 g<br \/>\n<strong>Velikosti<\/strong>: S\/M, L\/XL, XXL\/3XL, 4XL\/5XL<\/p>\n<p><em>Model na studijskih fotografijah nosi velikost S\/M (184 cm, 84 kg).<\/em><\/p>\n","protected":false},"excerpt":{"rendered":"<p data-pm-slice=\"1 1 []\">Poudari svojo postavo in prikli\u010di duh <em>Zlate dobe<\/em> s tem legendarnim stringer tank topom, ustvarjenim za resne bodybuilderje. Narejen iz <strong>100 % kakovostnega bomba\u017ea<\/strong>, zagotavlja zra\u010dno udobje tudi med najintenzivnej\u0161imi treningi. <strong>Zaobljen spodnji rob<\/strong> in <strong>kontrastna obroba<\/strong> poudarjata tvojo V-silhueto in razkrijejo trdo prigarane detajle zgornjega dela telesa. Zna\u010dilna <strong>Golden Era na\u0161itka<\/strong> dodajata vintage hardcore pridih, zaradi \u010desar je ta kos &#8220;must-have&#8221; za vse, ki \u017eivijo in dihajo klasi\u010dno bodybuildersko estetiko. Na voljo v <strong>ve\u010d barvah<\/strong>.<\/p>\n<p><span class=\"HwtZe\" lang=\"sl\">\u00a0<\/span><\/p>\n","protected":false},"featured_media":393988,"comment_status":"open","ping_status":"closed","template":"","meta":[],"product_brand":[],"product_cat":[3283,3264,3260,3375,3265],"product_tag":[],"class_list":{"0":"post-394824","1":"product","2":"type-product","3":"status-publish","4":"has-post-thumbnail","6":"product_cat-golden-era-sl","7":"product_cat-kanotere","8":"product_cat-mosko","9":"product_cat-novo-v-prihodu","10":"product_cat-stringerji","11":"yith_product_brand-golden-era-sl","12":"yith_product_brand-mnx-sl","14":"first","15":"instock","16":"taxable","17":"shipping-taxable","18":"purchasable","19":"product-type-variable"},"exclude_global_add_ons":[],"addons":[],"_links":{"self":[{"href":"https:\/\/mnxsportswear.com\/sl\/wp-json\/wp\/v2\/product\/394824","targetHints":{"allow":["GET"]}}],"collection":[{"href":"https:\/\/mnxsportswear.com\/sl\/wp-json\/wp\/v2\/product"}],"about":[{"href":"https:\/\/mnxsportswear.com\/sl\/wp-json\/wp\/v2\/types\/product"}],"replies":[{"embeddable":true,"href":"https:\/\/mnxsportswear.com\/sl\/wp-json\/wp\/v2\/comments?post=394824"}],"version-history":[{"count":1,"href":"https:\/\/mnxsportswear.com\/sl\/wp-json\/wp\/v2\/product\/394824\/revisions"}],"predecessor-version":[{"id":394848,"href":"https:\/\/mnxsportswear.com\/sl\/wp-json\/wp\/v2\/product\/394824\/revisions\/394848"}],"wp:featuredmedia":[{"embeddable":true,"href":"https:\/\/mnxsportswear.com\/sl\/wp-json\/wp\/v2\/media\/393988"}],"wp:attachment":[{"href":"https:\/\/mnxsportswear.com\/sl\/wp-json\/wp\/v2\/media?parent=394824"}],"wp:term":[{"taxonomy":"product_brand","embeddable":true,"href":"https:\/\/mnxsportswear.com\/sl\/wp-json\/wp\/v2\/product_brand?post=394824"},{"taxonomy":"product_cat","embeddable":true,"href":"https:\/\/mnxsportswear.com\/sl\/wp-json\/wp\/v2\/product_cat?post=394824"},{"taxonomy":"product_tag","embeddable":true,"href":"https:\/\/mnxsportswear.com\/sl\/wp-json\/wp\/v2\/product_tag?post=394824"}],"curies":[{"name":"wp","href":"https:\/\/api.w.org\/{rel}","templated":true}]}}